{"id":8991,"date":"2025-06-29T22:10:45","date_gmt":"2025-06-29T21:10:45","guid":{"rendered":"https:\/\/buechertanz.de\/?page_id=8991"},"modified":"2025-06-30T08:55:13","modified_gmt":"2025-06-30T07:55:13","slug":"gelesen-juni-2025","status":"publish","type":"page","link":"https:\/\/buechertanz.de\/?page_id=8991","title":{"rendered":"Gelesen Juni 2025"},"content":{"rendered":"\n<p class=\"has-drop-cap has-small-font-size\">Im\u00a0<strong>Juni 2025<\/strong>\u00a0habe ich\u00a0<strong>sieben B\u00fccher<\/strong>\u00a0mit insgesamt<strong>\u00a02.771 Seiten<\/strong>\u00a0gelesen:<br>Ein Rezensionsexemplar (eBook) und sechs weitere selbst gekaufte B\u00fccher (zwei Prints &amp; vier eBooks).<br><br>Ein herzlicher Dank f\u00fcr das Rezensionsexemplar geht an den Heyne Verlag und an die Autorin Marie Pierre. <br>Dieser Lesemonat war gepr\u00e4gt von der <em>&#8222;Hansen-Saga&#8220;<\/em> von Ellin Carsta &#8211; insgesamt habe ich vier B\u00e4nde dieser einzigartigen und packenden Buchreihe gelesen. <br>Ich hatte so viele wundersch\u00f6ne Lesestunden und Lesemomente und bin mit meinem Lesemonat sehr zufrieden.<\/p>\n\n\n\n<p class=\"has-small-font-size\">Viel Spa\u00df beim Schm\u00f6kern, eure<\/p>\n\n\n\n<figure class=\"wp-block-image size-large is-resized\"><img loading=\"lazy\" decoding=\"async\" width=\"1024\" height=\"404\" src=\"https:\/\/buechertanz.de\/wp-content\/uploads\/2024\/06\/Unterschrift-1024x404.jpg\" alt=\"\" class=\"wp-image-7473\" style=\"width:149px;height:auto\" srcset=\"https:\/\/buechertanz.de\/wp-content\/uploads\/2024\/06\/Unterschrift-1024x404.jpg 1024w, https:\/\/buechertanz.de\/wp-content\/uploads\/2024\/06\/Unterschrift-300x118.jpg 300w, https:\/\/buechertanz.de\/wp-content\/uploads\/2024\/06\/Unterschrift-768x303.jpg 768w, https:\/\/buechertanz.de\/wp-content\/uploads\/2024\/06\/Unterschrift.jpg 1500w\" sizes=\"auto, (max-width: 1024px) 100vw, 1024px\" \/><\/figure>\n\n\n<div class=\"wp-block-image\">\n<figure class=\"aligncenter size-full is-resized\"><img loading=\"lazy\" decoding=\"async\" width=\"964\" height=\"964\" src=\"https:\/\/buechertanz.de\/wp-content\/uploads\/2025\/06\/06-Juni_komp.jpg\" alt=\"\" class=\"wp-image-9009\" style=\"width:432px;height:auto\" srcset=\"https:\/\/buechertanz.de\/wp-content\/uploads\/2025\/06\/06-Juni_komp.jpg 964w, https:\/\/buechertanz.de\/wp-content\/uploads\/2025\/06\/06-Juni_komp-300x300.jpg 300w, https:\/\/buechertanz.de\/wp-content\/uploads\/2025\/06\/06-Juni_komp-150x150.jpg 150w, https:\/\/buechertanz.de\/wp-content\/uploads\/2025\/06\/06-Juni_komp-768x768.jpg 768w\" sizes=\"auto, (max-width: 964px) 100vw, 964px\" \/><\/figure><\/div>\n\n\n<p>_<\/p>\n\n\n\n<div class=\"wp-block-media-text is-vertically-aligned-center\" style=\"grid-template-columns:25% auto\"><figure class=\"wp-block-media-text__media\"><img loading=\"lazy\" decoding=\"async\" width=\"308\" height=\"466\" src=\"https:\/\/buechertanz.de\/wp-content\/uploads\/2025\/05\/36-Das-Pensionat-an-der-Mosel-Der-Weg-der-Frauen.jpg\" alt=\"\" class=\"wp-image-8936 size-full\" srcset=\"https:\/\/buechertanz.de\/wp-content\/uploads\/2025\/05\/36-Das-Pensionat-an-der-Mosel-Der-Weg-der-Frauen.jpg 308w, https:\/\/buechertanz.de\/wp-content\/uploads\/2025\/05\/36-Das-Pensionat-an-der-Mosel-Der-Weg-der-Frauen-198x300.jpg 198w\" sizes=\"auto, (max-width: 308px) 100vw, 308px\" \/><\/figure><div class=\"wp-block-media-text__content\">\n<p class=\"has-small-font-size\"><em>Rezensionsexemplar<\/em><br><br>Den Anfang des neuen Lesemonats machte der letzte Band einer besonderen Buchreihe: <em><strong><a href=\"https:\/\/buechertanz.de\/?p=8947\" target=\"_blank\" rel=\"noreferrer noopener\">&#8222;Das Pensionat an der Mosel &#8211; Der Weg der Frauen&#8220;<\/a> <\/strong><\/em>von Marie Pierre. <br>Dies ist der kr\u00f6nende Abschluss einer absolut lesenswerten Buchreihe: Eine farbenpr\u00e4chtige Zeitreise und eine Reise durch die menschlichen Emotionen und Erfahrungen. <br>Zugleich eine Geschichte, die mit ihren vielf\u00e4ltigen Themen und Charakteren zum Nachdenken anregt. Unbedingt lesen!<\/p>\n<\/div><\/div>\n\n\n\n<p>_<\/p>\n\n\n\n<div class=\"wp-block-media-text has-media-on-the-right is-vertically-aligned-center\" style=\"grid-template-columns:auto 25%\"><div class=\"wp-block-media-text__content\">\n<p class=\"has-small-font-size\"><em>Selbst gekauft<\/em><br><br>Weiter ging es mit dem Buch<strong> <em>&#8222;Die Sturmschwester&#8220;<\/em><\/strong><em> <\/em>von Lucinda Riley:<br>Dieser zweite Band der &#8222;Sieben-Schwestern&#8220;-Reihe erz\u00e4hlt die Geschichte von Ally D&#8217;Apli\u00e8se. Ally hat eine tiefe Verbindung zu ihrer Vergangenheit und ihrer Familie und zur Musik. Ihre Geschichte ist besonders ber\u00fchrend, da sie mit ihrer Vergangenheit und ihrer eigenen Identit\u00e4t k\u00e4mpft. Es wird deutlich, wie wichtig es ist, seine Wurzeln zu kennen und seine wahre Identit\u00e4t zu finden.<br>Der Schreibstil von Lucinda Riley ist wie immer fesselnd und emotional &#8211; sie hat es geschafft mich tief zu ber\u00fchren und mich zum Nachdenken anzuregen. Sehr lesenswert!<\/p>\n<\/div><figure class=\"wp-block-media-text__media\"><img loading=\"lazy\" decoding=\"async\" width=\"297\" height=\"445\" src=\"https:\/\/buechertanz.de\/wp-content\/uploads\/2025\/06\/37-Die-Sturmschwester.jpg\" alt=\"\" class=\"wp-image-8956 size-full\" srcset=\"https:\/\/buechertanz.de\/wp-content\/uploads\/2025\/06\/37-Die-Sturmschwester.jpg 297w, https:\/\/buechertanz.de\/wp-content\/uploads\/2025\/06\/37-Die-Sturmschwester-200x300.jpg 200w\" sizes=\"auto, (max-width: 297px) 100vw, 297px\" \/><\/figure><\/div>\n\n\n\n<p>_<\/p>\n\n\n\n<div class=\"wp-block-media-text is-vertically-aligned-center\" style=\"grid-template-columns:25% auto\"><figure class=\"wp-block-media-text__media\"><img loading=\"lazy\" decoding=\"async\" width=\"259\" height=\"385\" src=\"https:\/\/buechertanz.de\/wp-content\/uploads\/2025\/06\/38-Die-Geschichtensammlerin.jpg\" alt=\"\" class=\"wp-image-8960 size-full\" srcset=\"https:\/\/buechertanz.de\/wp-content\/uploads\/2025\/06\/38-Die-Geschichtensammlerin.jpg 259w, https:\/\/buechertanz.de\/wp-content\/uploads\/2025\/06\/38-Die-Geschichtensammlerin-202x300.jpg 202w\" sizes=\"auto, (max-width: 259px) 100vw, 259px\" \/><\/figure><div class=\"wp-block-media-text__content\">\n<p class=\"has-small-font-size\"><em>Selbst gekauft<\/em><br><br><strong><em>&#8222;Die Geschichtensammlerin&#8220; <\/em><\/strong>von Evie Woods ist eine Neuerscheinung aus dem vergangenen Monat &#8211; und ich habe mich schon so sehr auf dieses Buch gefreut &#8211; und wurde nicht entt\u00e4uscht: <br>Ich empfehle diese wunderbare Geschichte allen, die sich f\u00fcr \u00fcbersinnliche Erfahrungen und die Magie Irlands interessieren. Die Themen, die Evie Woods anspricht sind tiefgr\u00fcndig und wichtig und die Geschichte wird bei mir mit Sicherheit noch lange nachklingen. <\/p>\n<\/div><\/div>\n\n\n\n<p>_<\/p>\n\n\n\n<div class=\"wp-block-media-text has-media-on-the-right is-vertically-aligned-center\" style=\"grid-template-columns:auto 25%\"><div class=\"wp-block-media-text__content\">\n<p class=\"has-small-font-size\"><em>Selbst gekauft<\/em><br><br>Es folgte der f\u00fcnfte Band der <em>&#8222;Hansen-Saga&#8220; <\/em>von Ellin Carsta: <strong><em>&#8222;Der mutige Weg&#8220;<\/em><\/strong>:<br>Diese epische Buchreihe entf\u00fchrt ihre Leser und Leserinnen in das ausgehende 19. Jahrhundert und zieht diese mit einer Atmosph\u00e4re voller Nostalgie und Spannung in ihren Bann.<br>Die gelungene Mischung aus positiven und negativen Charakteren, welche die Geschichte vorantreiben, die Spannung aufrechterhalten und von Ellin Carsta absolut authentisch und ambivalent gezeichnet sind, macht den besonderen Reiz dieser Buchreihe aus. Einfach nur lesenswert!<\/p>\n<\/div><figure class=\"wp-block-media-text__media\"><img loading=\"lazy\" decoding=\"async\" width=\"316\" height=\"466\" src=\"https:\/\/buechertanz.de\/wp-content\/uploads\/2025\/06\/Die-Hansen-Saga-Der-mutige-Weg.jpg\" alt=\"\" class=\"wp-image-8967 size-full\" srcset=\"https:\/\/buechertanz.de\/wp-content\/uploads\/2025\/06\/Die-Hansen-Saga-Der-mutige-Weg.jpg 316w, https:\/\/buechertanz.de\/wp-content\/uploads\/2025\/06\/Die-Hansen-Saga-Der-mutige-Weg-203x300.jpg 203w\" sizes=\"auto, (max-width: 316px) 100vw, 316px\" \/><\/figure><\/div>\n\n\n\n<p>_<\/p>\n\n\n\n<div class=\"wp-block-media-text is-vertically-aligned-center\" style=\"grid-template-columns:25% auto\"><figure class=\"wp-block-media-text__media\"><img loading=\"lazy\" decoding=\"async\" width=\"316\" height=\"466\" src=\"https:\/\/buechertanz.de\/wp-content\/uploads\/2025\/06\/40-Die-Hansen-Saga-Der-nahende-Sturm.jpg\" alt=\"\" class=\"wp-image-8974 size-full\" srcset=\"https:\/\/buechertanz.de\/wp-content\/uploads\/2025\/06\/40-Die-Hansen-Saga-Der-nahende-Sturm.jpg 316w, https:\/\/buechertanz.de\/wp-content\/uploads\/2025\/06\/40-Die-Hansen-Saga-Der-nahende-Sturm-203x300.jpg 203w\" sizes=\"auto, (max-width: 316px) 100vw, 316px\" \/><\/figure><div class=\"wp-block-media-text__content\">\n<p class=\"has-small-font-size\"><em>Selbst gekauft<\/em><br><br>Ich musste einfach direkt mit dem sechsten Band der <em>&#8222;Hansen-Saga&#8220; <\/em>von Ellin Carsta weitermachen: <strong><em>&#8222;Der nahende Sturm&#8220;<\/em><\/strong>:<br>Auch dieser Band der wunderbaren Buchreihe hat mich wieder komplett in seinen Bann gezogen. Die Handlung ist voller unerwarteter Wendungen und Dramen, die eine immense Spannung aufbauen und mich das Buch nur ungern aus den H\u00e4nden legen lie\u00dfen.<br>Unbedingt lesen!<\/p>\n<\/div><\/div>\n\n\n\n<p>_<\/p>\n\n\n\n<div class=\"wp-block-media-text has-media-on-the-right is-vertically-aligned-center\" style=\"grid-template-columns:auto 25%\"><div class=\"wp-block-media-text__content\">\n<p class=\"has-small-font-size\"><em>Selbst gekauft<\/em><br><br>Aufh\u00f6ren? Keine Chance! Ich schnappte mir direkt den siebten Band der <em>&#8222;Hansen-Saga&#8220; <\/em>von Ellin Carsta <em><strong>&#8222;Der leuchtende Himmel&#8220;<\/strong><\/em>: <br>Innerhalb von zwei Tagen habe ich diesen Band gelesen, der mich besonders emotional ber\u00fchrt hat. <br>Mittlerweile f\u00fchlt sich die Welt der Charaktere so vertraut an, dass ich mit jedem von ihnen mitf\u00fchle und ihre Freuden und Leiden teile. Ellin Carsta hat es geschafft, eine Atmosph\u00e4re zu schaffen, die mich emotional v\u00f6llig vereinnahmt hat &#8211; ich bin noch immer aufgew\u00fchlt und traurig nach der Lekt\u00fcre, so sehr hat mich die Geschichte mitgenommen. Lesenswert &#8211; aber Taschent\u00fccher bereit legen.<\/p>\n<\/div><figure class=\"wp-block-media-text__media\"><img loading=\"lazy\" decoding=\"async\" width=\"316\" height=\"466\" src=\"https:\/\/buechertanz.de\/wp-content\/uploads\/2025\/06\/41-Die-Hansen-Saga-Der-leuchtende-Himmel.jpg\" alt=\"\" class=\"wp-image-8981 size-full\" srcset=\"https:\/\/buechertanz.de\/wp-content\/uploads\/2025\/06\/41-Die-Hansen-Saga-Der-leuchtende-Himmel.jpg 316w, https:\/\/buechertanz.de\/wp-content\/uploads\/2025\/06\/41-Die-Hansen-Saga-Der-leuchtende-Himmel-203x300.jpg 203w\" sizes=\"auto, (max-width: 316px) 100vw, 316px\" \/><\/figure><\/div>\n\n\n\n<p>_<\/p>\n\n\n\n<div class=\"wp-block-media-text is-vertically-aligned-center\" style=\"grid-template-columns:25% auto\"><figure class=\"wp-block-media-text__media\"><img loading=\"lazy\" decoding=\"async\" width=\"316\" height=\"466\" src=\"https:\/\/buechertanz.de\/wp-content\/uploads\/2025\/06\/42-Die-Hansen-Saga-Der-grosse-Aufbruch.jpg\" alt=\"\" class=\"wp-image-8985 size-full\" srcset=\"https:\/\/buechertanz.de\/wp-content\/uploads\/2025\/06\/42-Die-Hansen-Saga-Der-grosse-Aufbruch.jpg 316w, https:\/\/buechertanz.de\/wp-content\/uploads\/2025\/06\/42-Die-Hansen-Saga-Der-grosse-Aufbruch-203x300.jpg 203w\" sizes=\"auto, (max-width: 316px) 100vw, 316px\" \/><\/figure><div class=\"wp-block-media-text__content\">\n<p class=\"has-small-font-size\"><em>Selbst gekauft<\/em><br><br>Den Abschluss des Lesemonats bildete der achte und letzte Band der <em>&#8222;Hansen-Saga&#8220; <\/em>von Ellin Carsta <strong><em>&#8222;Der gro\u00dfe Aufbruch&#8220;<\/em><\/strong>. <br>Damit ist es nun an der Zeit Abschied zu nehmen. Abschied von einer achtb\u00e4ndigen Buchreihe, die mich vom ersten bis zum letzten Band komplett in ihren Bann gezogen hat. <br>Ich bin einfach zu Tr\u00e4nen ger\u00fchrt und gleichzeitig erf\u00fcllt von einem tiefen Gl\u00fccksgef\u00fchl, denn diese Reihe hat mich auf eine Art und Weise ber\u00fchrt, die ich nie wieder vergessen werde &#8211; und ich werde die vielen liebgewonnenen Figuren definitiv f\u00fcr immer in meinem Herzen tragen. Dieser achte Band ist ein toller und w\u00fcrdiger Abschluss einer gro\u00dfartigen Buchreihe &#8211; und gleichzeitig der perfekte Abschluss eines tollen Lesemonats. <\/p>\n<\/div><\/div>\n\n\n\n<p>_<\/p>\n","protected":false},"excerpt":{"rendered":"<p>Im\u00a0Juni 2025\u00a0habe ich\u00a0sieben B\u00fccher\u00a0mit insgesamt\u00a02.771 Seiten\u00a0gelesen:Ein Rezensionsexemplar (eBook) und sechs weitere selbst gekaufte B\u00fccher (zwei Prints &amp; vier eBooks). Ein herzlicher Dank f\u00fcr das Rezensionsexemplar geht an den Heyne Verlag und an die Autorin Marie Pierre. Dieser Lesemonat war gepr\u00e4gt von der &#8222;Hansen-Saga&#8220; von Ellin Carsta &#8211; insgesamt habe ich vier B\u00e4nde dieser einzigartigen und &hellip; <a href=\"https:\/\/buechertanz.de\/?page_id=8991\" class=\"more-link\"><span class=\"screen-reader-text\">Gelesen Juni 2025<\/span> weiterlesen<\/a><\/p>\n","protected":false},"author":2,"featured_media":0,"parent":0,"menu_order":0,"comment_status":"open","ping_status":"closed","template":"","meta":{"footnotes":""},"class_list":["post-8991","page","type-page","status-publish","hentry"],"_links":{"self":[{"href":"https:\/\/buechertanz.de\/index.php?rest_route=\/wp\/v2\/pages\/8991","targetHints":{"allow":["GET"]}}],"collection":[{"href":"https:\/\/buechertanz.de\/index.php?rest_route=\/wp\/v2\/pages"}],"about":[{"href":"https:\/\/buechertanz.de\/index.php?rest_route=\/wp\/v2\/types\/page"}],"author":[{"embeddable":true,"href":"https:\/\/buechertanz.de\/index.php?rest_route=\/wp\/v2\/users\/2"}],"replies":[{"embeddable":true,"href":"https:\/\/buechertanz.de\/index.php?rest_route=%2Fwp%2Fv2%2Fcomments&post=8991"}],"version-history":[{"count":3,"href":"https:\/\/buechertanz.de\/index.php?rest_route=\/wp\/v2\/pages\/8991\/revisions"}],"predecessor-version":[{"id":9010,"href":"https:\/\/buechertanz.de\/index.php?rest_route=\/wp\/v2\/pages\/8991\/revisions\/9010"}],"wp:attachment":[{"href":"https:\/\/buechertanz.de\/index.php?rest_route=%2Fwp%2Fv2%2Fmedia&parent=8991"}],"curies":[{"name":"wp","href":"https:\/\/api.w.org\/{rel}","templated":true}]}}