{"id":8992,"date":"2025-06-29T22:10:46","date_gmt":"2025-06-29T21:10:46","guid":{"rendered":"https:\/\/buechertanz.de\/?page_id=8992"},"modified":"2025-07-31T08:54:33","modified_gmt":"2025-07-31T07:54:33","slug":"neuzugaenge-juni-2025","status":"publish","type":"page","link":"https:\/\/buechertanz.de\/?page_id=8992","title":{"rendered":"Neuzug\u00e4nge Juni 2025"},"content":{"rendered":"\n<p class=\"has-drop-cap has-small-font-size\">Im&nbsp;<strong>Juni 2025<\/strong>&nbsp;sind insgesamt&nbsp;<strong>19 B\u00fccher&nbsp;<\/strong>hier eingezogen:<br>Drei Rezensionsexemplare\/ Geschenke (zwei Prints, ein ebook) , f\u00fcnfzehn selbst gekaufte B\u00fccher (zwei Prints, dreizehn eBooks) und ein Buch aus zweiter Hand. <br>Herzlichen Dank an den Heyne Verlag und an die Autorin Marie Piere f\u00fcr die Rezensionsexemplare und an Carola Schark f\u00fcr das Geburtstagsgeschenk.<br>Falls es schon ausf\u00fchrlichen Rezensionen gibt, gelangt ihr mit einem Klick auf den Titel dorthin.<br>Ich freue mich schon auf viele gem\u00fctliche Lesestunden und w\u00fcnsche euch viel Spa\u00df beim St\u00f6bern!<\/p>\n\n\n\n<p class=\"has-small-font-size\">Eure<\/p>\n\n\n\n<figure class=\"wp-block-image size-large is-resized\"><img loading=\"lazy\" decoding=\"async\" width=\"1024\" height=\"404\" src=\"https:\/\/buechertanz.de\/wp-content\/uploads\/2024\/06\/Unterschrift-1024x404.jpg\" alt=\"\" class=\"wp-image-7473\" style=\"width:124px;height:auto\" srcset=\"https:\/\/buechertanz.de\/wp-content\/uploads\/2024\/06\/Unterschrift-1024x404.jpg 1024w, https:\/\/buechertanz.de\/wp-content\/uploads\/2024\/06\/Unterschrift-300x118.jpg 300w, https:\/\/buechertanz.de\/wp-content\/uploads\/2024\/06\/Unterschrift-768x303.jpg 768w, https:\/\/buechertanz.de\/wp-content\/uploads\/2024\/06\/Unterschrift.jpg 1500w\" sizes=\"auto, (max-width: 1024px) 100vw, 1024px\" \/><\/figure>\n\n\n<div class=\"wp-block-image\">\n<figure class=\"aligncenter size-large is-resized\"><img loading=\"lazy\" decoding=\"async\" width=\"1024\" height=\"1024\" src=\"https:\/\/buechertanz.de\/wp-content\/uploads\/2025\/06\/06-Juni-komplett_komp-1-1024x1024.jpg\" alt=\"\" class=\"wp-image-9018\" style=\"width:468px;height:auto\" srcset=\"https:\/\/buechertanz.de\/wp-content\/uploads\/2025\/06\/06-Juni-komplett_komp-1-1024x1024.jpg 1024w, https:\/\/buechertanz.de\/wp-content\/uploads\/2025\/06\/06-Juni-komplett_komp-1-300x300.jpg 300w, https:\/\/buechertanz.de\/wp-content\/uploads\/2025\/06\/06-Juni-komplett_komp-1-150x150.jpg 150w, https:\/\/buechertanz.de\/wp-content\/uploads\/2025\/06\/06-Juni-komplett_komp-1-768x768.jpg 768w, https:\/\/buechertanz.de\/wp-content\/uploads\/2025\/06\/06-Juni-komplett_komp-1.jpg 1033w\" sizes=\"auto, (max-width: 1024px) 100vw, 1024px\" \/><\/figure><\/div>\n\n\n<p>_<\/p>\n\n\n\n<div class=\"wp-block-media-text is-vertically-aligned-center\"><figure class=\"wp-block-media-text__media\"><img loading=\"lazy\" decoding=\"async\" width=\"1024\" height=\"1024\" src=\"https:\/\/buechertanz.de\/wp-content\/uploads\/2025\/06\/06-Juni-Rezensionsexemplare_komp-1024x1024.jpg\" alt=\"\" class=\"wp-image-9020 size-full\" srcset=\"https:\/\/buechertanz.de\/wp-content\/uploads\/2025\/06\/06-Juni-Rezensionsexemplare_komp-1024x1024.jpg 1024w, https:\/\/buechertanz.de\/wp-content\/uploads\/2025\/06\/06-Juni-Rezensionsexemplare_komp-300x300.jpg 300w, https:\/\/buechertanz.de\/wp-content\/uploads\/2025\/06\/06-Juni-Rezensionsexemplare_komp-150x150.jpg 150w, https:\/\/buechertanz.de\/wp-content\/uploads\/2025\/06\/06-Juni-Rezensionsexemplare_komp-768x768.jpg 768w, https:\/\/buechertanz.de\/wp-content\/uploads\/2025\/06\/06-Juni-Rezensionsexemplare_komp.jpg 1378w\" sizes=\"auto, (max-width: 1024px) 100vw, 1024px\" \/><\/figure><div class=\"wp-block-media-text__content\">\n<p class=\"has-drop-cap has-small-font-size\"><strong><strong>Rezensionsexemplare und Geschenke:<\/strong><\/strong><\/p>\n\n\n\n<p class=\"has-small-font-size\"><\/p>\n\n\n\n<ul class=\"wp-block-list\">\n<li style=\"font-size:11px\">Marie Pierre: <em><a href=\"https:\/\/buechertanz.de\/?p=8947\" target=\"_blank\" rel=\"noreferrer noopener\">&#8222;Das Pensionat an der Mosel &#8211; Der Weg der Frauen&#8220;<\/a> <\/em>(als eBook &amp; Paperback erhalten)<\/li>\n\n\n\n<li style=\"font-size:11px\">Peter Kalchthaler: <em>&#8222;Drittes Wiedersehen!: Das Freiburger Stadtbild im Wandel der Zeit<\/em>&#8220; <\/li>\n<\/ul>\n<\/div><\/div>\n\n\n\n<p>_<\/p>\n\n\n\n<div class=\"wp-block-media-text has-media-on-the-right is-vertically-aligned-center\"><div class=\"wp-block-media-text__content\">\n<p class=\"has-drop-cap has-small-font-size\"><strong><strong>Neue und selbst gekaufte B\u00fccher\/ eBooks:<\/strong><\/strong><\/p>\n\n\n\n<p class=\"has-small-font-size\"><\/p>\n\n\n\n<ul class=\"wp-block-list\">\n<li style=\"font-size:11px\">Johanna Dorn: <em>&#8222;Die Krone der Meere&#8220;<\/em><\/li>\n\n\n\n<li style=\"font-size:11px\">Marie Lamballe: <em>&#8222;Caf\u00e9 Engel &#8211; Ein unvergessliches Fest&#8220;<\/em><\/li>\n\n\n\n<li style=\"font-size:11px\">Birgit Herold: <em>&#8222;Die Schreiberin&#8220;<\/em><\/li>\n\n\n\n<li style=\"font-size:11px\">Katharina von der Lane: <em>&#8222;Haribo &#8211; So schmeckt das Gl\u00fcck&#8220;<\/em><\/li>\n\n\n\n<li style=\"font-size:11px\">Helga Glaesener: <em>&#8222;Das Erbe der P\u00e4pstin&#8220;<\/em><\/li>\n\n\n\n<li style=\"font-size:11px\">Ellin Carsta: <em>&#8222;Die heimliche Heilerin und der Medicus&#8220;, &#8222;Die heimliche Heilerin und die Toten&#8220;, &#8222;Die heimliche Heilerin und die K\u00f6nige <\/em>&amp; <em>&#8222;Die heimliche Heilerin und der Erzbischof&#8220;<\/em><\/li>\n\n\n\n<li style=\"font-size:11px\">Nechama Birnbaum: <em>&#8222;Das M\u00e4dchen mit dem roten Zopf&#8220;<\/em><\/li>\n\n\n\n<li style=\"font-size:11px\">Anja Saskia Beyer: <em>&#8222;Sommersehnsucht und Meeresglitzern&#8220;<\/em><\/li>\n\n\n\n<li style=\"font-size:11px\">Hannah Hope: <em>&#8222;Der Ruf der Pelikane&#8220;<\/em><\/li>\n\n\n\n<li style=\"font-size:11px\">Julia Freidank: <em>&#8222;Jasmin und Bittermandeln&#8220;<\/em><\/li>\n\n\n\n<li style=\"font-size:11px\">Lotte R\u00f6mer: <em>&#8222;Das versto\u00dfene M\u00e4dchen&#8220;<\/em><\/li>\n\n\n\n<li style=\"font-size:11px\">Kerstin Lange: <em>&#8222;Eine leise Ahnung von Gl\u00fcck&#8220;<\/em><\/li>\n<\/ul>\n<\/div><figure class=\"wp-block-media-text__media\"><img loading=\"lazy\" decoding=\"async\" width=\"1024\" height=\"1024\" src=\"https:\/\/buechertanz.de\/wp-content\/uploads\/2025\/06\/06-Juni-Gekaufte-Buecher_komp-1-1024x1024.jpg\" alt=\"\" class=\"wp-image-9021 size-full\" srcset=\"https:\/\/buechertanz.de\/wp-content\/uploads\/2025\/06\/06-Juni-Gekaufte-Buecher_komp-1-1024x1024.jpg 1024w, https:\/\/buechertanz.de\/wp-content\/uploads\/2025\/06\/06-Juni-Gekaufte-Buecher_komp-1-300x300.jpg 300w, https:\/\/buechertanz.de\/wp-content\/uploads\/2025\/06\/06-Juni-Gekaufte-Buecher_komp-1-150x150.jpg 150w, https:\/\/buechertanz.de\/wp-content\/uploads\/2025\/06\/06-Juni-Gekaufte-Buecher_komp-1-768x768.jpg 768w, https:\/\/buechertanz.de\/wp-content\/uploads\/2025\/06\/06-Juni-Gekaufte-Buecher_komp-1.jpg 1033w\" sizes=\"auto, (max-width: 1024px) 100vw, 1024px\" \/><\/figure><\/div>\n\n\n\n<p>_<\/p>\n\n\n\n<div class=\"wp-block-media-text is-vertically-aligned-center\"><figure class=\"wp-block-media-text__media\"><img loading=\"lazy\" decoding=\"async\" width=\"1024\" height=\"1024\" src=\"https:\/\/buechertanz.de\/wp-content\/uploads\/2025\/06\/06-Juni-Second-Hand_komp-1-1024x1024.jpg\" alt=\"\" class=\"wp-image-9022 size-full\" srcset=\"https:\/\/buechertanz.de\/wp-content\/uploads\/2025\/06\/06-Juni-Second-Hand_komp-1-1024x1024.jpg 1024w, https:\/\/buechertanz.de\/wp-content\/uploads\/2025\/06\/06-Juni-Second-Hand_komp-1-300x300.jpg 300w, https:\/\/buechertanz.de\/wp-content\/uploads\/2025\/06\/06-Juni-Second-Hand_komp-1-150x150.jpg 150w, https:\/\/buechertanz.de\/wp-content\/uploads\/2025\/06\/06-Juni-Second-Hand_komp-1-768x768.jpg 768w, https:\/\/buechertanz.de\/wp-content\/uploads\/2025\/06\/06-Juni-Second-Hand_komp-1-1536x1536.jpg 1536w, https:\/\/buechertanz.de\/wp-content\/uploads\/2025\/06\/06-Juni-Second-Hand_komp-1.jpg 1676w\" sizes=\"auto, (max-width: 1024px) 100vw, 1024px\" \/><\/figure><div class=\"wp-block-media-text__content\">\n<p class=\"has-drop-cap has-small-font-size\"><strong><strong>Buch aus zweiter Hand:<\/strong><\/strong><\/p>\n\n\n\n<p class=\"has-medium-font-size\"><\/p>\n\n\n\n<ul class=\"wp-block-list\">\n<li style=\"font-size:11px\">Ralf H. Dorweiler: <em>&#8222;Die Uhrmacher der K\u00f6nigin&#8220;<\/em><\/li>\n<\/ul>\n<\/div><\/div>\n\n\n\n<p>_<\/p>\n","protected":false},"excerpt":{"rendered":"<p>Im&nbsp;Juni 2025&nbsp;sind insgesamt&nbsp;19 B\u00fccher&nbsp;hier eingezogen:Drei Rezensionsexemplare\/ Geschenke (zwei Prints, ein ebook) , f\u00fcnfzehn selbst gekaufte B\u00fccher (zwei Prints, dreizehn eBooks) und ein Buch aus zweiter Hand. Herzlichen Dank an den Heyne Verlag und an die Autorin Marie Piere f\u00fcr die Rezensionsexemplare und an Carola Schark f\u00fcr das Geburtstagsgeschenk.Falls es schon ausf\u00fchrlichen Rezensionen gibt, gelangt ihr &hellip; <a href=\"https:\/\/buechertanz.de\/?page_id=8992\" class=\"more-link\"><span class=\"screen-reader-text\">Neuzug\u00e4nge Juni 2025<\/span> weiterlesen<\/a><\/p>\n","protected":false},"author":2,"featured_media":0,"parent":0,"menu_order":0,"comment_status":"open","ping_status":"closed","template":"","meta":{"footnotes":""},"class_list":["post-8992","page","type-page","status-publish","hentry"],"_links":{"self":[{"href":"https:\/\/buechertanz.de\/index.php?rest_route=\/wp\/v2\/pages\/8992","targetHints":{"allow":["GET"]}}],"collection":[{"href":"https:\/\/buechertanz.de\/index.php?rest_route=\/wp\/v2\/pages"}],"about":[{"href":"https:\/\/buechertanz.de\/index.php?rest_route=\/wp\/v2\/types\/page"}],"author":[{"embeddable":true,"href":"https:\/\/buechertanz.de\/index.php?rest_route=\/wp\/v2\/users\/2"}],"replies":[{"embeddable":true,"href":"https:\/\/buechertanz.de\/index.php?rest_route=%2Fwp%2Fv2%2Fcomments&post=8992"}],"version-history":[{"count":6,"href":"https:\/\/buechertanz.de\/index.php?rest_route=\/wp\/v2\/pages\/8992\/revisions"}],"predecessor-version":[{"id":9202,"href":"https:\/\/buechertanz.de\/index.php?rest_route=\/wp\/v2\/pages\/8992\/revisions\/9202"}],"wp:attachment":[{"href":"https:\/\/buechertanz.de\/index.php?rest_route=%2Fwp%2Fv2%2Fmedia&parent=8992"}],"curies":[{"name":"wp","href":"https:\/\/api.w.org\/{rel}","templated":true}]}}