{"id":9169,"date":"2025-07-30T09:33:47","date_gmt":"2025-07-30T08:33:47","guid":{"rendered":"https:\/\/buechertanz.de\/?page_id=9169"},"modified":"2025-07-31T20:51:28","modified_gmt":"2025-07-31T19:51:28","slug":"gelesen-juli-2025","status":"publish","type":"page","link":"https:\/\/buechertanz.de\/?page_id=9169","title":{"rendered":"Gelesen Juli 2025"},"content":{"rendered":"\n<p class=\"has-drop-cap has-small-font-size\">Im&nbsp;<strong>Juli 2025<\/strong>&nbsp;habe ich&nbsp;<strong>neun B\u00fccher<\/strong>&nbsp;mit insgesamt<strong>&nbsp;4.374 Seiten<\/strong>&nbsp;gelesen:<br>Sieben Rezensionsexemplare (sieben Prints), ein Manuskript (eBook) und ein selbst gekauftes Buch (Print). <br><br>Ein herzlicher Dank f\u00fcr die Rezensionsexemplare geht an den Rowohlt Verlag und Anne Stern, an die Autorinnen Michaela Abresch und Juliane Michel und an den Droste Verlag und Marion Stieglitz. <br>Neun B\u00fccher und so viele Seiten. Das ist f\u00fcr mich ein absoluter Rekord in diesem Lesejahr. <br>Ich hatte so viele wundersch\u00f6ne Lesestunden und Lesemomente und bin mit meinem Lesemonat sehr zufrieden.<\/p>\n\n\n\n<p class=\"has-small-font-size\">Viel Spa\u00df beim Schm\u00f6kern, eure<\/p>\n\n\n\n<figure class=\"wp-block-image size-large is-resized\"><img loading=\"lazy\" decoding=\"async\" width=\"1024\" height=\"404\" src=\"https:\/\/buechertanz.de\/wp-content\/uploads\/2024\/06\/Unterschrift-1024x404.jpg\" alt=\"\" class=\"wp-image-7473\" style=\"width:147px;height:auto\" srcset=\"https:\/\/buechertanz.de\/wp-content\/uploads\/2024\/06\/Unterschrift-1024x404.jpg 1024w, https:\/\/buechertanz.de\/wp-content\/uploads\/2024\/06\/Unterschrift-300x118.jpg 300w, https:\/\/buechertanz.de\/wp-content\/uploads\/2024\/06\/Unterschrift-768x303.jpg 768w, https:\/\/buechertanz.de\/wp-content\/uploads\/2024\/06\/Unterschrift.jpg 1500w\" sizes=\"auto, (max-width: 1024px) 100vw, 1024px\" \/><\/figure>\n\n\n\n<p class=\"has-text-align-center\">_ _ _ <\/p>\n\n\n<div class=\"wp-block-image\">\n<figure class=\"aligncenter size-full is-resized\"><img loading=\"lazy\" decoding=\"async\" width=\"634\" height=\"846\" src=\"https:\/\/buechertanz.de\/wp-content\/uploads\/2025\/07\/07-Juli_01_komp.jpg\" alt=\"\" class=\"wp-image-9196\" style=\"width:398px;height:auto\" srcset=\"https:\/\/buechertanz.de\/wp-content\/uploads\/2025\/07\/07-Juli_01_komp.jpg 634w, https:\/\/buechertanz.de\/wp-content\/uploads\/2025\/07\/07-Juli_01_komp-225x300.jpg 225w\" sizes=\"auto, (max-width: 634px) 100vw, 634px\" \/><\/figure><\/div>\n\n\n<p class=\"has-text-align-center\">_ _ _ <\/p>\n\n\n\n<div class=\"wp-block-media-text is-vertically-aligned-center\" style=\"grid-template-columns:25% auto\"><figure class=\"wp-block-media-text__media\"><img loading=\"lazy\" decoding=\"async\" width=\"293\" height=\"466\" src=\"https:\/\/buechertanz.de\/wp-content\/uploads\/2025\/06\/43-Die-Krone-des-Meeres.jpg\" alt=\"\" class=\"wp-image-9025 size-full\" srcset=\"https:\/\/buechertanz.de\/wp-content\/uploads\/2025\/06\/43-Die-Krone-des-Meeres.jpg 293w, https:\/\/buechertanz.de\/wp-content\/uploads\/2025\/06\/43-Die-Krone-des-Meeres-189x300.jpg 189w\" sizes=\"auto, (max-width: 293px) 100vw, 293px\" \/><\/figure><div class=\"wp-block-media-text__content\">\n<p class=\"has-small-font-size\"><em>Selbst gekauft<\/em><br><br>Los ging es mit dem historischen Roman <strong><em>&#8222;Die Krone der Meere&#8220; <\/em><\/strong>von Johanna Dorn.<br>Insgesamt ist es eine gro\u00dfartige Lekt\u00fcre f\u00fcr alle, die sich f\u00fcr Geschichte, den Welthandel und die Gesellschaft des 16. Jahrhunderts interessieren. Die Authentizit\u00e4t und die Vielfalt der Charaktere machen dieses Buch zu einem unterhaltsamen und lehrreichen Roman, den ich gerne gelesen habe und euch gerne weiterempfehlen m\u00f6chte.&nbsp;<\/p>\n<\/div><\/div>\n\n\n\n<p class=\"has-text-align-center\">_ _ _ <\/p>\n\n\n\n<div class=\"wp-block-media-text has-media-on-the-right is-vertically-aligned-center\" style=\"grid-template-columns:auto 25%\"><div class=\"wp-block-media-text__content\">\n<p class=\"has-small-font-size\"><em>Rezensionsexemplar<\/em><br><br>Es folgte das Buch <strong><em><a href=\"https:\/\/buechertanz.de\/?p=9034\" target=\"_blank\" rel=\"noreferrer noopener\">&#8222;Sommern\u00e4chte unter dem Eiffelturm&#8220; <\/a><\/em><\/strong>von Lily Martin. <br>Die Liebe, das Schreiben und die Selbstfindung sind nur einige der Themen, die die Autorin anspricht. Die Art und Weise, wie sie diese Themen nutzt, um die Leser zum Nachdenken anzuregen, ist immer wieder absolut beeindruckend \u2013 Anne Stern (Lily Martin) ist und bleibt eine absolute Lieblingsautorin. Ein wunderbares Leseerlebnis!<\/p>\n<\/div><figure class=\"wp-block-media-text__media\"><img loading=\"lazy\" decoding=\"async\" width=\"293\" height=\"445\" src=\"https:\/\/buechertanz.de\/wp-content\/uploads\/2025\/07\/44-Sommernaechte-unter-dem-Eiffelturm.jpg\" alt=\"\" class=\"wp-image-9027 size-full\" srcset=\"https:\/\/buechertanz.de\/wp-content\/uploads\/2025\/07\/44-Sommernaechte-unter-dem-Eiffelturm.jpg 293w, https:\/\/buechertanz.de\/wp-content\/uploads\/2025\/07\/44-Sommernaechte-unter-dem-Eiffelturm-198x300.jpg 198w\" sizes=\"auto, (max-width: 293px) 100vw, 293px\" \/><\/figure><\/div>\n\n\n\n<p class=\"has-text-align-center\">_ _ _ <\/p>\n\n\n\n<div class=\"wp-block-media-text is-vertically-aligned-center\" style=\"grid-template-columns:25% auto\"><figure class=\"wp-block-media-text__media\"><img loading=\"lazy\" decoding=\"async\" width=\"299\" height=\"445\" src=\"https:\/\/buechertanz.de\/wp-content\/uploads\/2025\/07\/46-Das-Geheimnis-von-Dikholmen.jpg\" alt=\"\" class=\"wp-image-9031 size-full\" srcset=\"https:\/\/buechertanz.de\/wp-content\/uploads\/2025\/07\/46-Das-Geheimnis-von-Dikholmen.jpg 299w, https:\/\/buechertanz.de\/wp-content\/uploads\/2025\/07\/46-Das-Geheimnis-von-Dikholmen-202x300.jpg 202w\" sizes=\"auto, (max-width: 299px) 100vw, 299px\" \/><\/figure><div class=\"wp-block-media-text__content\">\n<p class=\"has-small-font-size\"><em>Rezensionsexemplar<\/em><br><br>Weiter ging es mit dem Buch <strong><em><a href=\"https:\/\/buechertanz.de\/?p=9053\" target=\"_blank\" rel=\"noreferrer noopener\">\u201eDas Geheimnis von Dikholmen\u201c<\/a><\/em><\/strong>&nbsp;von Michaela Abresch <br>Dies ist ein empfehlenswerter Roman f\u00fcr alle, die Familiengeheimnisse und emotional tiefe Geschichten lieben. Die Autorin hat eine gro\u00dfartige Geschichte geschrieben, die mich von Anfang an gefesselt und mitgerissen hat \u2013 absolut empfehlens- und lesenswert und ein gro\u00dfes Highlight im Lesejahr 2025.<\/p>\n<\/div><\/div>\n\n\n\n<p class=\"has-text-align-center\">_ _ _ <\/p>\n\n\n\n<div class=\"wp-block-media-text has-media-on-the-right is-vertically-aligned-center\" style=\"grid-template-columns:auto 25%\"><div class=\"wp-block-media-text__content\">\n<p class=\"has-small-font-size\"><em>Manuskript<\/em><br><br>Ich durfte das Manuskript einer wunderbaren Autorin lesen &#8211; alles streng geheim &#8230;<\/p>\n<\/div><figure class=\"wp-block-media-text__media\"><img loading=\"lazy\" decoding=\"async\" width=\"684\" height=\"1024\" src=\"https:\/\/buechertanz.de\/wp-content\/uploads\/2025\/03\/16-Geheim-684x1024.jpg\" alt=\"\" class=\"wp-image-8629 size-full\" srcset=\"https:\/\/buechertanz.de\/wp-content\/uploads\/2025\/03\/16-Geheim-684x1024.jpg 684w, https:\/\/buechertanz.de\/wp-content\/uploads\/2025\/03\/16-Geheim-200x300.jpg 200w, https:\/\/buechertanz.de\/wp-content\/uploads\/2025\/03\/16-Geheim-768x1150.jpg 768w, https:\/\/buechertanz.de\/wp-content\/uploads\/2025\/03\/16-Geheim.jpg 946w\" sizes=\"auto, (max-width: 684px) 100vw, 684px\" \/><\/figure><\/div>\n\n\n\n<p class=\"has-text-align-center\">_ _ _ <\/p>\n\n\n\n<div class=\"wp-block-media-text is-vertically-aligned-center\" style=\"grid-template-columns:25% auto\"><figure class=\"wp-block-media-text__media\"><img loading=\"lazy\" decoding=\"async\" width=\"280\" height=\"445\" src=\"https:\/\/buechertanz.de\/wp-content\/uploads\/2025\/07\/47-Das-Lied-der-Rose.jpg\" alt=\"\" class=\"wp-image-9061 size-full\" srcset=\"https:\/\/buechertanz.de\/wp-content\/uploads\/2025\/07\/47-Das-Lied-der-Rose.jpg 280w, https:\/\/buechertanz.de\/wp-content\/uploads\/2025\/07\/47-Das-Lied-der-Rose-189x300.jpg 189w\" sizes=\"auto, (max-width: 280px) 100vw, 280px\" \/><\/figure><div class=\"wp-block-media-text__content\">\n<p class=\"has-small-font-size\"><em>Rezensionsexemplar<\/em><br><br>Dem historischen Roman <strong><em><a href=\"https:\/\/buechertanz.de\/?p=9072\" target=\"_blank\" rel=\"noreferrer noopener\">&#8222;Das Lied der Rose&#8220; <\/a><\/em><\/strong>von Julia Kr\u00f6hn habe ich lange entgegengefiebert. <br>Ein gro\u00dfartiges Buch, das ich Liebhabern und Liebhaberinnen historischer Romane w\u00e4rmstens empfehlen kann. Es ist eine Geschichte, die ber\u00fchrt, zum Nachdenken anregt und die Leser und Leserinnen in eine andere Welt versetzt. Julia Kr\u00f6hn ist eine Autorin, die es versteht, ihre Leser bestens zu unterhalten \u2013 und gleichzeitig vermittelt sie viel Wissen. Sehr lesenswert!<\/p>\n<\/div><\/div>\n\n\n\n<p class=\"has-text-align-center\">_ _ _ <\/p>\n\n\n\n<div class=\"wp-block-media-text has-media-on-the-right is-vertically-aligned-center\" style=\"grid-template-columns:auto 25%\"><div class=\"wp-block-media-text__content\">\n<p class=\"has-small-font-size\"><em>Rezensionsexemplar<\/em><br><br>Es folgte der Reihenauftakt der <em>&#8222;Palmengarten-Saga&#8220;<\/em> von Juliane Michel: <em><strong><a href=\"https:\/\/buechertanz.de\/?p=9099\" target=\"_blank\" rel=\"noreferrer noopener\">\u201eWir tanzen in die Freiheit\u201c<\/a><\/strong><\/em>. <br>Ein sehr empfehlenswertes Buch f\u00fcr alle, die gerne historische Romane lesen und sich f\u00fcr die Zeit des Zweiten Weltkriegs und der Nachkriegszeit interessieren. Die Autorin hat eine packende und emotionale Geschichte mit authentischen Charakteren geschrieben, die die Leser und Leserinnen von Anfang an in ihren Bann zieht. Unbedingt lesen &#8211; aber Achtung: Suchtgefahr. <\/p>\n<\/div><figure class=\"wp-block-media-text__media\"><img loading=\"lazy\" decoding=\"async\" width=\"294\" height=\"466\" src=\"https:\/\/buechertanz.de\/wp-content\/uploads\/2025\/07\/48-Die-Palmengarten-Saga-Wir-tanzen-in-die-Freiheit.jpg\" alt=\"\" class=\"wp-image-9086 size-full\" srcset=\"https:\/\/buechertanz.de\/wp-content\/uploads\/2025\/07\/48-Die-Palmengarten-Saga-Wir-tanzen-in-die-Freiheit.jpg 294w, https:\/\/buechertanz.de\/wp-content\/uploads\/2025\/07\/48-Die-Palmengarten-Saga-Wir-tanzen-in-die-Freiheit-189x300.jpg 189w\" sizes=\"auto, (max-width: 294px) 100vw, 294px\" \/><\/figure><\/div>\n\n\n\n<p class=\"has-text-align-center\">_ _ _ <\/p>\n\n\n\n<div class=\"wp-block-media-text is-vertically-aligned-center\" style=\"grid-template-columns:25% auto\"><figure class=\"wp-block-media-text__media\"><img loading=\"lazy\" decoding=\"async\" width=\"299\" height=\"445\" src=\"https:\/\/buechertanz.de\/wp-content\/uploads\/2025\/07\/49-Die-verborgene-Erinnerung.jpg\" alt=\"\" class=\"wp-image-9093 size-full\" srcset=\"https:\/\/buechertanz.de\/wp-content\/uploads\/2025\/07\/49-Die-verborgene-Erinnerung.jpg 299w, https:\/\/buechertanz.de\/wp-content\/uploads\/2025\/07\/49-Die-verborgene-Erinnerung-202x300.jpg 202w\" sizes=\"auto, (max-width: 299px) 100vw, 299px\" \/><\/figure><div class=\"wp-block-media-text__content\">\n<p class=\"has-small-font-size\"><em>Rezensionsexemplar<\/em><br><br>Da mir das Buch <em>&#8222;Das Geheimnis von Dikholmen&#8220; <\/em>unheimlich gut gefallen hat, musste ich einfach das neue Buch der Autorin lesen: <strong><em><a href=\"https:\/\/buechertanz.de\/?p=9117\" target=\"_blank\" rel=\"noreferrer noopener\">&#8222;Die verborgene Erinnerung&#8220;<\/a><\/em><\/strong>.<br>Dieser Roman hat mich emotional sehr ber\u00fchrt hat und ich werde diesen definitiv nicht mehr so schnell vergessen werde. Die Geschichte ist tiefgr\u00fcndig und einf\u00fchlsam erz\u00e4hlt, mit Figuren, die im Herzen bleiben. Ich kann dieses Buch allen empfehlen, die sich f\u00fcr tiefgr\u00fcndige und emotionale Geschichten interessieren.<\/p>\n<\/div><\/div>\n\n\n\n<p class=\"has-text-align-center\">_ _ _ <\/p>\n\n\n\n<div class=\"wp-block-media-text has-media-on-the-right is-vertically-aligned-center\" style=\"grid-template-columns:auto 25%\"><div class=\"wp-block-media-text__content\">\n<p class=\"has-small-font-size\"><em>Rezensionsexemplar<\/em><br><br>Weiter ging es mit dem zweiten und wahrscheinlich letzten Band der <em>&#8222;Palmengarten-Saga&#8220; <\/em>von Juliane Michel: <strong><em><a href=\"https:\/\/buechertanz.de\/?p=9147\" target=\"_blank\" rel=\"noreferrer noopener\">&#8222;Wir fangen das Gl\u00fcck&#8220;<\/a>.<\/em><\/strong><br>Dieser gro\u00dfartige Roman hat mich in die Zeit der Nachkriegszeit in Frankfurt am Main mitgenommen und mich nicht mehr losgelassen. Es ist unvergessliche Geschichte, die mich emotional ber\u00fchrt hat und mit Sicherheit noch lange nachklingen wird. Sehr lesenswert!<br><br><\/p>\n<\/div><figure class=\"wp-block-media-text__media\"><img loading=\"lazy\" decoding=\"async\" width=\"281\" height=\"445\" src=\"https:\/\/buechertanz.de\/wp-content\/uploads\/2025\/07\/50-Die-Palmengarten-Saga-\u2013-Wir-fangen-das-Glueck.jpg\" alt=\"\" class=\"wp-image-9112 size-full\" srcset=\"https:\/\/buechertanz.de\/wp-content\/uploads\/2025\/07\/50-Die-Palmengarten-Saga-\u2013-Wir-fangen-das-Glueck.jpg 281w, https:\/\/buechertanz.de\/wp-content\/uploads\/2025\/07\/50-Die-Palmengarten-Saga-\u2013-Wir-fangen-das-Glueck-189x300.jpg 189w\" sizes=\"auto, (max-width: 281px) 100vw, 281px\" \/><\/figure><\/div>\n\n\n\n<p class=\"has-text-align-center\">_ _ _<\/p>\n\n\n\n<div class=\"wp-block-media-text is-vertically-aligned-center\" style=\"grid-template-columns:25% auto\"><figure class=\"wp-block-media-text__media\"><img loading=\"lazy\" decoding=\"async\" width=\"289\" height=\"445\" src=\"https:\/\/buechertanz.de\/wp-content\/uploads\/2025\/07\/51-Meine-Auszeiten-Schwarzwald.jpg\" alt=\"\" class=\"wp-image-9153 size-full\" srcset=\"https:\/\/buechertanz.de\/wp-content\/uploads\/2025\/07\/51-Meine-Auszeiten-Schwarzwald.jpg 289w, https:\/\/buechertanz.de\/wp-content\/uploads\/2025\/07\/51-Meine-Auszeiten-Schwarzwald-195x300.jpg 195w\" sizes=\"auto, (max-width: 289px) 100vw, 289px\" \/><\/figure><div class=\"wp-block-media-text__content\">\n<p class=\"has-small-font-size\"><em>Rezensionsexemplar<\/em><br><br>Der Reisef\u00fchrer <strong><em><a href=\"https:\/\/buechertanz.de\/?p=9185\" target=\"_blank\" rel=\"noreferrer noopener\">\u201eMeine Auszeiten \u2013 Schwarzwald: Durchatmen und Kraft sch\u00f6pfen\u201c<\/a><\/em><\/strong> von Marion Stieglitz bildete den Abschluss des Lesemonats. <br>Es ist ein gro\u00dfartiger Reisef\u00fchrer, der Schwarzwald-Liebhaber und Liebhaberinnen begeistern wird. Absolut empfehlenswert.<\/p>\n<\/div><\/div>\n\n\n\n<p class=\"has-text-align-center\">_ _ _ <\/p>\n","protected":false},"excerpt":{"rendered":"<p>Im&nbsp;Juli 2025&nbsp;habe ich&nbsp;neun B\u00fccher&nbsp;mit insgesamt&nbsp;4.374 Seiten&nbsp;gelesen:Sieben Rezensionsexemplare (sieben Prints), ein Manuskript (eBook) und ein selbst gekauftes Buch (Print). Ein herzlicher Dank f\u00fcr die Rezensionsexemplare geht an den Rowohlt Verlag und Anne Stern, an die Autorinnen Michaela Abresch und Juliane Michel und an den Droste Verlag und Marion Stieglitz. Neun B\u00fccher und so viele Seiten. Das &hellip; <a href=\"https:\/\/buechertanz.de\/?page_id=9169\" class=\"more-link\"><span class=\"screen-reader-text\">Gelesen Juli 2025<\/span> weiterlesen<\/a><\/p>\n","protected":false},"author":2,"featured_media":0,"parent":0,"menu_order":0,"comment_status":"open","ping_status":"closed","template":"","meta":{"footnotes":""},"class_list":["post-9169","page","type-page","status-publish","hentry"],"_links":{"self":[{"href":"https:\/\/buechertanz.de\/index.php?rest_route=\/wp\/v2\/pages\/9169","targetHints":{"allow":["GET"]}}],"collection":[{"href":"https:\/\/buechertanz.de\/index.php?rest_route=\/wp\/v2\/pages"}],"about":[{"href":"https:\/\/buechertanz.de\/index.php?rest_route=\/wp\/v2\/types\/page"}],"author":[{"embeddable":true,"href":"https:\/\/buechertanz.de\/index.php?rest_route=\/wp\/v2\/users\/2"}],"replies":[{"embeddable":true,"href":"https:\/\/buechertanz.de\/index.php?rest_route=%2Fwp%2Fv2%2Fcomments&post=9169"}],"version-history":[{"count":6,"href":"https:\/\/buechertanz.de\/index.php?rest_route=\/wp\/v2\/pages\/9169\/revisions"}],"predecessor-version":[{"id":9231,"href":"https:\/\/buechertanz.de\/index.php?rest_route=\/wp\/v2\/pages\/9169\/revisions\/9231"}],"wp:attachment":[{"href":"https:\/\/buechertanz.de\/index.php?rest_route=%2Fwp%2Fv2%2Fmedia&parent=9169"}],"curies":[{"name":"wp","href":"https:\/\/api.w.org\/{rel}","templated":true}]}}