{"id":9170,"date":"2025-07-30T09:33:48","date_gmt":"2025-07-30T08:33:48","guid":{"rendered":"https:\/\/buechertanz.de\/?page_id=9170"},"modified":"2025-08-31T11:49:33","modified_gmt":"2025-08-31T10:49:33","slug":"neuzugaenge-juli-2025","status":"publish","type":"page","link":"https:\/\/buechertanz.de\/?page_id=9170","title":{"rendered":"Neuzug\u00e4nge Juli 2025"},"content":{"rendered":"\n<p class=\"has-drop-cap has-small-font-size\">Im&nbsp;<strong>Juli 2025<\/strong>&nbsp;sind insgesamt&nbsp;<strong>26 B\u00fccher&nbsp;<\/strong>hier eingezogen:<br>Acht Rezensionsexemplare (sieben Prints, ein ebook), ein Manuskript (eBook), f\u00fcnfzehn selbst gekaufte B\u00fccher (zwei Prints, dreizehn eBooks) und zwei B\u00fccher aus zweiter Hand.<br>Herzlichen Dank an die Autorinnen Juliane Michel, Michaela Abresch und Rosina Gr\u00fcn, an den Rowohlt Verlag und den L\u00fcbbe Verlag und an Marion Stieglitz und den Droste Verlag f\u00fcr die Rezensionsexemplare. <br>Falls es schon ausf\u00fchrlichen Rezensionen gibt, gelangt ihr mit einem Klick auf den Titel dorthin.<br>Ich freue mich schon auf viele gem\u00fctliche Lesestunden und w\u00fcnsche euch viel Spa\u00df beim St\u00f6bern!<\/p>\n\n\n\n<p class=\"has-small-font-size\">Eure<\/p>\n\n\n\n<figure class=\"wp-block-image size-large is-resized\"><img loading=\"lazy\" decoding=\"async\" width=\"1024\" height=\"404\" src=\"https:\/\/buechertanz.de\/wp-content\/uploads\/2024\/06\/Unterschrift-1024x404.jpg\" alt=\"\" class=\"wp-image-7473\" style=\"width:117px;height:auto\" srcset=\"https:\/\/buechertanz.de\/wp-content\/uploads\/2024\/06\/Unterschrift-1024x404.jpg 1024w, https:\/\/buechertanz.de\/wp-content\/uploads\/2024\/06\/Unterschrift-300x118.jpg 300w, https:\/\/buechertanz.de\/wp-content\/uploads\/2024\/06\/Unterschrift-768x303.jpg 768w, https:\/\/buechertanz.de\/wp-content\/uploads\/2024\/06\/Unterschrift.jpg 1500w\" sizes=\"auto, (max-width: 1024px) 100vw, 1024px\" \/><\/figure>\n\n\n\n<p class=\"has-text-align-center\">_ _ _ <\/p>\n\n\n<div class=\"wp-block-image\">\n<figure class=\"aligncenter size-large is-resized\"><img loading=\"lazy\" decoding=\"async\" width=\"772\" height=\"1024\" src=\"https:\/\/buechertanz.de\/wp-content\/uploads\/2025\/07\/07-Juli-Rezensionsexemplare_komp-772x1024.jpg\" alt=\"\" class=\"wp-image-9201\" style=\"width:320px\" srcset=\"https:\/\/buechertanz.de\/wp-content\/uploads\/2025\/07\/07-Juli-Rezensionsexemplare_komp-772x1024.jpg 772w, https:\/\/buechertanz.de\/wp-content\/uploads\/2025\/07\/07-Juli-Rezensionsexemplare_komp-226x300.jpg 226w, https:\/\/buechertanz.de\/wp-content\/uploads\/2025\/07\/07-Juli-Rezensionsexemplare_komp-768x1019.jpg 768w, https:\/\/buechertanz.de\/wp-content\/uploads\/2025\/07\/07-Juli-Rezensionsexemplare_komp.jpg 914w\" sizes=\"auto, (max-width: 772px) 100vw, 772px\" \/><\/figure><\/div>\n\n\n<p class=\"has-small-font-size\"><\/p>\n\n\n\n<p class=\"has-drop-cap\" style=\"font-size:14px\"><strong>Rezensionsexemplare:<\/strong><\/p>\n\n\n\n<p class=\"has-small-font-size\"><br><\/p>\n\n\n\n<ul class=\"wp-block-list\">\n<li class=\"has-small-font-size\"><strong>Juliane Michel:<\/strong> <br><em><a href=\"https:\/\/buechertanz.de\/?p=9099\" target=\"_blank\" rel=\"noreferrer noopener\">&#8222;Die Palmengarten-Saga &#8211; Wir tanzen in die Freiheit&#8220;<\/a> <\/em><br><em><a href=\"https:\/\/buechertanz.de\/?p=9147\" target=\"_blank\" rel=\"noreferrer noopener\">&#8222;Die Palmengarten-Saga &#8211; Wir fangen das Gl\u00fcck&#8220;<\/a><\/em><\/li>\n\n\n\n<li class=\"has-small-font-size\"><strong>Lily Martin:<\/strong> <br><em><a href=\"https:\/\/buechertanz.de\/?p=9034\" target=\"_blank\" rel=\"noreferrer noopener\">&#8222;Sommern\u00e4chte unter dem Eiffelturm&#8220;<\/a><\/em><\/li>\n\n\n\n<li class=\"has-small-font-size\"><strong>Michaela Abresch:<\/strong> <br><em><a href=\"https:\/\/buechertanz.de\/?p=9053\" target=\"_blank\" rel=\"noreferrer noopener\">&#8222;Das Geheimnis von Dikholmen<\/a>&#8220; <\/em><br><em><a href=\"https:\/\/buechertanz.de\/?p=9117\" target=\"_blank\" rel=\"noreferrer noopener\">&#8222;Die verborgene Erinnerung&#8220;<\/a><\/em><\/li>\n\n\n\n<li class=\"has-small-font-size\"><strong>Julia Kr\u00f6hn:<\/strong> <br><em><a href=\"https:\/\/buechertanz.de\/?p=9072\" target=\"_blank\" rel=\"noreferrer noopener\">&#8222;Das Lied der Rose&#8220;<\/a><\/em><\/li>\n\n\n\n<li class=\"has-small-font-size\"><strong>Marion Stieglitz:<\/strong> <br><em><a href=\"https:\/\/buechertanz.de\/?p=9185\" target=\"_blank\" rel=\"noreferrer noopener\">&#8222;Meine Auszeiten &#8211; Schwarzwald: Durchatmen &amp; Kraft sch\u00f6pfen&#8220;<\/a><\/em><\/li>\n\n\n\n<li class=\"has-small-font-size\">Manuskript (streng geheim)<\/li>\n\n\n\n<li class=\"has-small-font-size\"><strong>Rosina Gr\u00fcn:<\/strong> <br><a href=\"https:\/\/buechertanz.de\/?p=9263\" target=\"_blank\" rel=\"noreferrer noopener\"><em>&#8222;Mein Herz bei ihnen&#8220;<\/em> (eBook)<\/a><\/li>\n<\/ul>\n\n\n\n<p class=\"has-text-align-center\">_ _ _ <\/p>\n\n\n<div class=\"wp-block-image\">\n<figure class=\"aligncenter size-large is-resized\"><img loading=\"lazy\" decoding=\"async\" width=\"771\" height=\"1024\" src=\"https:\/\/buechertanz.de\/wp-content\/uploads\/2025\/07\/07-Juli-Gekaufte-Buecher_komp-771x1024.jpg\" alt=\"\" class=\"wp-image-9203\" style=\"width:320px\" srcset=\"https:\/\/buechertanz.de\/wp-content\/uploads\/2025\/07\/07-Juli-Gekaufte-Buecher_komp-771x1024.jpg 771w, https:\/\/buechertanz.de\/wp-content\/uploads\/2025\/07\/07-Juli-Gekaufte-Buecher_komp-226x300.jpg 226w, https:\/\/buechertanz.de\/wp-content\/uploads\/2025\/07\/07-Juli-Gekaufte-Buecher_komp-768x1019.jpg 768w, https:\/\/buechertanz.de\/wp-content\/uploads\/2025\/07\/07-Juli-Gekaufte-Buecher_komp.jpg 773w\" sizes=\"auto, (max-width: 771px) 100vw, 771px\" \/><\/figure><\/div>\n\n\n<p class=\"has-small-font-size\"><\/p>\n\n\n\n<p class=\"has-drop-cap\" style=\"font-size:14px\"><strong>Neue und selbst gekaufte B\u00fccher\/ eBooks:<\/strong><\/p>\n\n\n\n<p class=\"has-small-font-size\"><br><\/p>\n\n\n\n<ul class=\"wp-block-list\">\n<li class=\"has-small-font-size\"><strong>Hanna Caspian:<\/strong> <br><em>&#8222;Schwestern des brennenden Himmels&#8220;<\/em><\/li>\n\n\n\n<li class=\"has-small-font-size\"><strong>Lena Riess:<\/strong> <br><em>&#8222;Die Zeit der Kinder&#8220;<\/em><\/li>\n\n\n\n<li class=\"has-small-font-size\"><strong>Eva V\u00f6ller:<\/strong> <br><em>&#8222;Der Sommer am Ende der Welt&#8220;<\/em> (eBook)<\/li>\n\n\n\n<li class=\"has-small-font-size\"><strong>Cecilia Lilienthal:<\/strong> <br><em>&#8222;Zur Schokoladen-Symphonie&#8220;<\/em> (eBook)<\/li>\n\n\n\n<li class=\"has-small-font-size\"><strong>Helga Fischer:<\/strong> <br><em>&#8222;Hundert Jahre Lieben&#8220;<\/em> (eBook)<\/li>\n\n\n\n<li class=\"has-small-font-size\"><strong>Lucinda Riley: <\/strong><br><em>&#8222;Das M\u00e4dchen von Yorkshire&#8220;<\/em> (eBook)<\/li>\n\n\n\n<li class=\"has-small-font-size\"><strong>Romina Angeli:<\/strong> <br><em>&#8222;Tod auf dem Campingplatz&#8220;<\/em> (eBook)<\/li>\n\n\n\n<li class=\"has-small-font-size\"><strong>Anett Klose: <\/strong><br><em>&#8222;Die Spitzen-Saga &#8211; Der Stoff der Hoffnung&#8220;<\/em> (eBook)<\/li>\n\n\n\n<li class=\"has-small-font-size\"><strong>Julius Arth:<\/strong> <br><em>&#8222;Die Br\u00fccke von London&#8220;<\/em> (eBook)<\/li>\n\n\n\n<li class=\"has-small-font-size\"><strong>Linda Winterberg:<\/strong> <br><em>&#8222;Die Berghebamme &#8211; Tage der Liebe&#8220;<\/em> (eBook)<\/li>\n\n\n\n<li class=\"has-small-font-size\"><strong>Sina Beerwald:<\/strong> <br><em>&#8222;Die Sylt-Schwestern &#8211; Schicksalshafte Stunden&#8220;<\/em> (eBook)<\/li>\n\n\n\n<li class=\"has-small-font-size\"><strong>Jaane Janssen: <\/strong><br><em>&#8222;Der Ruf des Horizonts&#8220;<\/em> (eBook)<\/li>\n\n\n\n<li class=\"has-small-font-size\"><strong>Lee Strauss:<\/strong> <br>&#8222;<em>Higgins &amp; Hawke &#8211; Der Tod in den H\u00e4nden&#8220;<\/em> (eBook)<\/li>\n\n\n\n<li class=\"has-small-font-size\"><strong>Bettina Lausen:<\/strong> <br><em>&#8222;Die Reformatorin von K\u00f6ln&#8220;<\/em> (eBook)<\/li>\n\n\n\n<li class=\"has-small-font-size\"><strong>Soraya Lane:<\/strong> <br><em>&#8222;Am anderen Ende des Gl\u00fccks&#8220;<\/em> (eBook)<\/li>\n<\/ul>\n\n\n\n<p class=\"has-text-align-center\">_ _ _ <\/p>\n\n\n<div class=\"wp-block-image\">\n<figure class=\"aligncenter size-large is-resized\"><img loading=\"lazy\" decoding=\"async\" width=\"772\" height=\"1024\" src=\"https:\/\/buechertanz.de\/wp-content\/uploads\/2025\/07\/07-Juli-Second-Hand_komp-772x1024.jpg\" alt=\"\" class=\"wp-image-9204\" style=\"width:320px\" srcset=\"https:\/\/buechertanz.de\/wp-content\/uploads\/2025\/07\/07-Juli-Second-Hand_komp-772x1024.jpg 772w, https:\/\/buechertanz.de\/wp-content\/uploads\/2025\/07\/07-Juli-Second-Hand_komp-226x300.jpg 226w, https:\/\/buechertanz.de\/wp-content\/uploads\/2025\/07\/07-Juli-Second-Hand_komp-768x1019.jpg 768w, https:\/\/buechertanz.de\/wp-content\/uploads\/2025\/07\/07-Juli-Second-Hand_komp.jpg 1125w\" sizes=\"auto, (max-width: 772px) 100vw, 772px\" \/><\/figure><\/div>\n\n\n<p class=\"has-small-font-size\"><\/p>\n\n\n\n<p><strong>B\u00fccher aus zweiter Hand: <\/strong><\/p>\n\n\n\n<p class=\"has-small-font-size\"><\/p>\n\n\n\n<ul class=\"wp-block-list\">\n<li class=\"has-small-font-size\"><strong>Sarah Penner:<\/strong> <br><em>&#8222;Die versteckte Apotheke&#8220;<\/em><\/li>\n\n\n\n<li class=\"has-small-font-size\"><strong>Luisa von Kamecke:<\/strong> <br><em>&#8222;Die Westpreu\u00dfen-Saga &#8211; Die Frauen von Gut Falkensee&#8220;<\/em><\/li>\n<\/ul>\n\n\n\n<p class=\"has-text-align-center\">_ _ _ <\/p>\n","protected":false},"excerpt":{"rendered":"<p>Im&nbsp;Juli 2025&nbsp;sind insgesamt&nbsp;26 B\u00fccher&nbsp;hier eingezogen:Acht Rezensionsexemplare (sieben Prints, ein ebook), ein Manuskript (eBook), f\u00fcnfzehn selbst gekaufte B\u00fccher (zwei Prints, dreizehn eBooks) und zwei B\u00fccher aus zweiter Hand.Herzlichen Dank an die Autorinnen Juliane Michel, Michaela Abresch und Rosina Gr\u00fcn, an den Rowohlt Verlag und den L\u00fcbbe Verlag und an Marion Stieglitz und den Droste Verlag f\u00fcr &hellip; <a href=\"https:\/\/buechertanz.de\/?page_id=9170\" class=\"more-link\"><span class=\"screen-reader-text\">Neuzug\u00e4nge Juli 2025<\/span> weiterlesen<\/a><\/p>\n","protected":false},"author":2,"featured_media":0,"parent":0,"menu_order":0,"comment_status":"open","ping_status":"closed","template":"","meta":{"footnotes":""},"class_list":["post-9170","page","type-page","status-publish","hentry"],"_links":{"self":[{"href":"https:\/\/buechertanz.de\/index.php?rest_route=\/wp\/v2\/pages\/9170","targetHints":{"allow":["GET"]}}],"collection":[{"href":"https:\/\/buechertanz.de\/index.php?rest_route=\/wp\/v2\/pages"}],"about":[{"href":"https:\/\/buechertanz.de\/index.php?rest_route=\/wp\/v2\/types\/page"}],"author":[{"embeddable":true,"href":"https:\/\/buechertanz.de\/index.php?rest_route=\/wp\/v2\/users\/2"}],"replies":[{"embeddable":true,"href":"https:\/\/buechertanz.de\/index.php?rest_route=%2Fwp%2Fv2%2Fcomments&post=9170"}],"version-history":[{"count":21,"href":"https:\/\/buechertanz.de\/index.php?rest_route=\/wp\/v2\/pages\/9170\/revisions"}],"predecessor-version":[{"id":9396,"href":"https:\/\/buechertanz.de\/index.php?rest_route=\/wp\/v2\/pages\/9170\/revisions\/9396"}],"wp:attachment":[{"href":"https:\/\/buechertanz.de\/index.php?rest_route=%2Fwp%2Fv2%2Fmedia&parent=9170"}],"curies":[{"name":"wp","href":"https:\/\/api.w.org\/{rel}","templated":true}]}}