{"id":9242,"date":"2025-08-03T11:59:14","date_gmt":"2025-08-03T10:59:14","guid":{"rendered":"https:\/\/buechertanz.de\/?page_id=9242"},"modified":"2025-08-29T11:29:52","modified_gmt":"2025-08-29T10:29:52","slug":"rezensionsanfragen","status":"publish","type":"page","link":"https:\/\/buechertanz.de\/?page_id=9242","title":{"rendered":"Rezensionsanfragen"},"content":{"rendered":"\n<p class=\"has-drop-cap has-small-font-size\">Liebe Autoren\/ Autorinnen und Verlage,<\/p>\n\n\n\n<p><\/p>\n\n\n\n<p class=\"has-small-font-size\">ich rezensiere gerne eure B\u00fccher und freue mich auf eure Anfragen. Entweder per Mail an christina@buechertanz.de oder als Nachricht \u00fcber Facebook (&#8222;B\u00fcchertanz&#8220;) oder Instagram (&#8222;buechertanz&#8220;). <br><br>&#8211; <strong>Beachtet bitte, dass ich B\u00fccher, die ich unaufgefordert zugesendet bekomme, nicht garantiert rezensiere kann. &#8211; <br><\/strong><br>Ich lese gerne gedruckte B\u00fccher, bin aber auch offen f\u00fcr eBooks und kann dank meiner eReader (Tolino &amp; Kindle) viele Formate lesen.<br>Die Rezension stelle ich auf meinen Blog, und auf verschiedene Online-Portale (z.B. &#8222;Lovelybooks&#8220;, &#8222;amazon&#8220;, &#8222;thalia&#8220;) und nat\u00fcrlich auch auf Facebook und Instagram. <br>Gerne lese ich auch vorab Neuerscheinungen &#8211; die Rezension geht dann zum Erscheinungstag online. <br><br>Nicht jedes Genre passt zu mir und meinem Blog.<\/p>\n\n\n\n<p class=\"has-small-font-size\"><strong>Ich bin offen f\u00fcr:<\/strong><\/p>\n\n\n\n<ul class=\"wp-block-list\">\n<li class=\"has-small-font-size\">Historische Romane<\/li>\n\n\n\n<li class=\"has-small-font-size\">(Historische) Krimis<\/li>\n\n\n\n<li class=\"has-small-font-size\">Romane <\/li>\n\n\n\n<li class=\"has-small-font-size\">Familiensagas &amp; Familiengeheimnisse<\/li>\n\n\n\n<li class=\"has-small-font-size\">Reisef\u00fchrer\/ Reiseberichte<\/li>\n\n\n\n<li class=\"has-small-font-size\">Lebensberichte\/ Biografien\/ Autobiografien (momentan nur begrenzt)<\/li>\n\n\n\n<li class=\"has-small-font-size\">Kinder- und Jugendb\u00fccher<\/li>\n<\/ul>\n\n\n\n<p class=\"has-small-font-size\"><strong>Ich lese nicht:<\/strong><\/p>\n\n\n\n<ul class=\"wp-block-list\">\n<li class=\"has-small-font-size\">(High) Fantasy<\/li>\n\n\n\n<li class=\"has-small-font-size\">Dystopien<\/li>\n\n\n\n<li class=\"has-small-font-size\">Horror<\/li>\n\n\n\n<li class=\"has-small-font-size\">Young Adult<\/li>\n\n\n\n<li class=\"has-small-font-size\">Romantasy <\/li>\n\n\n\n<li class=\"has-small-font-size\">Kochb\u00fccher<\/li>\n\n\n\n<li class=\"has-small-font-size\">Ratgeber <\/li>\n\n\n\n<li class=\"has-small-font-size\">Kurzgeschichten<\/li>\n\n\n\n<li class=\"has-small-font-size\">Thriller<\/li>\n<\/ul>\n\n\n\n<p class=\"has-small-font-size\">Au\u00dferdem biete ich seit Neusten auch an, eure Manuskripte testzulesen. W\u00e4hrend des Lesens stehe ich mit euch in engen Austausch und schicke euch nach dem Lesen einen ausf\u00fchrlichen und respektvollen Feedback-Bogen. Wenn ihr Interesse habt, schreibt mir gerne.<\/p>\n\n\n\n<p class=\"has-small-font-size\">Ich freue mich auf eure Anfragen und Nachrichten, eure<\/p>\n\n\n\n<figure class=\"wp-block-image size-large is-resized\"><img loading=\"lazy\" decoding=\"async\" width=\"1024\" height=\"404\" src=\"https:\/\/buechertanz.de\/wp-content\/uploads\/2024\/06\/Unterschrift-1024x404.jpg\" alt=\"\" class=\"wp-image-7473\" style=\"width:140px;height:auto\" srcset=\"https:\/\/buechertanz.de\/wp-content\/uploads\/2024\/06\/Unterschrift-1024x404.jpg 1024w, https:\/\/buechertanz.de\/wp-content\/uploads\/2024\/06\/Unterschrift-300x118.jpg 300w, https:\/\/buechertanz.de\/wp-content\/uploads\/2024\/06\/Unterschrift-768x303.jpg 768w, https:\/\/buechertanz.de\/wp-content\/uploads\/2024\/06\/Unterschrift.jpg 1500w\" sizes=\"auto, (max-width: 1024px) 100vw, 1024px\" \/><\/figure>\n\n\n<div class=\"wp-block-image is-style-rounded\">\n<figure class=\"aligncenter size-full\"><img loading=\"lazy\" decoding=\"async\" width=\"264\" height=\"305\" src=\"https:\/\/buechertanz.de\/wp-content\/uploads\/2025\/08\/Blume.png\" alt=\"\" class=\"wp-image-9249\" srcset=\"https:\/\/buechertanz.de\/wp-content\/uploads\/2025\/08\/Blume.png 264w, https:\/\/buechertanz.de\/wp-content\/uploads\/2025\/08\/Blume-260x300.png 260w\" sizes=\"auto, (max-width: 264px) 100vw, 264px\" \/><\/figure><\/div>","protected":false},"excerpt":{"rendered":"<p>Liebe Autoren\/ Autorinnen und Verlage, ich rezensiere gerne eure B\u00fccher und freue mich auf eure Anfragen. Entweder per Mail an christina@buechertanz.de oder als Nachricht \u00fcber Facebook (&#8222;B\u00fcchertanz&#8220;) oder Instagram (&#8222;buechertanz&#8220;). &#8211; Beachtet bitte, dass ich B\u00fccher, die ich unaufgefordert zugesendet bekomme, nicht garantiert rezensiere kann. &#8211; Ich lese gerne gedruckte B\u00fccher, bin aber auch offen &hellip; <a href=\"https:\/\/buechertanz.de\/?page_id=9242\" class=\"more-link\"><span class=\"screen-reader-text\">Rezensionsanfragen<\/span> weiterlesen<\/a><\/p>\n","protected":false},"author":2,"featured_media":0,"parent":0,"menu_order":0,"comment_status":"open","ping_status":"closed","template":"","meta":{"footnotes":""},"class_list":["post-9242","page","type-page","status-publish","hentry"],"_links":{"self":[{"href":"https:\/\/buechertanz.de\/index.php?rest_route=\/wp\/v2\/pages\/9242","targetHints":{"allow":["GET"]}}],"collection":[{"href":"https:\/\/buechertanz.de\/index.php?rest_route=\/wp\/v2\/pages"}],"about":[{"href":"https:\/\/buechertanz.de\/index.php?rest_route=\/wp\/v2\/types\/page"}],"author":[{"embeddable":true,"href":"https:\/\/buechertanz.de\/index.php?rest_route=\/wp\/v2\/users\/2"}],"replies":[{"embeddable":true,"href":"https:\/\/buechertanz.de\/index.php?rest_route=%2Fwp%2Fv2%2Fcomments&post=9242"}],"version-history":[{"count":10,"href":"https:\/\/buechertanz.de\/index.php?rest_route=\/wp\/v2\/pages\/9242\/revisions"}],"predecessor-version":[{"id":9357,"href":"https:\/\/buechertanz.de\/index.php?rest_route=\/wp\/v2\/pages\/9242\/revisions\/9357"}],"wp:attachment":[{"href":"https:\/\/buechertanz.de\/index.php?rest_route=%2Fwp%2Fv2%2Fmedia&parent=9242"}],"curies":[{"name":"wp","href":"https:\/\/api.w.org\/{rel}","templated":true}]}}