{"id":925,"date":"2019-12-01T12:27:38","date_gmt":"2019-12-01T11:27:38","guid":{"rendered":"http:\/\/buechertanz.de\/?page_id=925"},"modified":"2022-03-31T08:01:18","modified_gmt":"2022-03-31T07:01:18","slug":"gelesen-november-2019","status":"publish","type":"page","link":"https:\/\/buechertanz.de\/?page_id=925","title":{"rendered":"Gelesen November 2019"},"content":{"rendered":"\n<p class=\"has-drop-cap has-text-color has-small-font-size\" style=\"color:#0e0d0e\">Hier seht ihr die B\u00fccher, die ich im November 2019 gelesen habe und ihr bekommt einen ersten Eindruck. Die ausf\u00fchrlichen Rezensionen folgen. <br>Falls es schon eine Rezension auf meinem Blog gibt, gelangt ihr mit einem Klick auf den Titel direkt bei der Rezension. <br>Diesen Monat habe ich einen <strong>pers\u00f6nlichen Rekord<\/strong> aufgestellt: Sieben B\u00fccher innerhalb von einem Monat. Man hat mich wohl selten ohne Buch vor der Nase gesehen. \ud83d\ude42  <\/p>\n\n\n\n<div class=\"wp-block-image\"><figure class=\"aligncenter is-resized\"><img loading=\"lazy\" decoding=\"async\" src=\"https:\/\/buechertanz.de\/wp-content\/uploads\/2019\/12\/11-November-02-bear-784x1024.jpg\" alt=\"\" class=\"wp-image-936\" width=\"423\" height=\"553\" srcset=\"https:\/\/buechertanz.de\/wp-content\/uploads\/2019\/12\/11-November-02-bear-784x1024.jpg 784w, https:\/\/buechertanz.de\/wp-content\/uploads\/2019\/12\/11-November-02-bear-230x300.jpg 230w, https:\/\/buechertanz.de\/wp-content\/uploads\/2019\/12\/11-November-02-bear-768x1002.jpg 768w\" sizes=\"auto, (max-width: 423px) 100vw, 423px\" \/><figcaption>Gelesene B\u00fccher November 2019:<br>&#8211; Sieben B\u00fccher<br>&#8211; 3.547 Seiten<\/figcaption><\/figure><\/div>\n\n\n\n<p class=\"has-small-font-size\">__<br><br><strong>Helene Sommerfeld: &#8222;Die \u00c4rztin &#8211; Die Wege der Liebe&#8220;<\/strong><br><strong>erschienen am 20. August 2019<br>Rowohlt, ISBN: 978-3499276552 <br><br>Klappentext:<\/strong><br><em>\u201eBerlin, 1915: Die Millionenstadt ist gezeichnet von den Wirren des Krieges. W\u00e4hrend tausende M\u00e4nner auf dem \u00abFeld der Ehre\u00bb ihr Leben verlieren, behandelt die \u00c4rztin Ricarda Thomasius an der Charit\u00e9 junge Arbeiterinnen, die sich unter unmenschlichen Bedingungen in den Munitionsfabriken verletzen. Gleichzeitig droht Ricardas Familiengl\u00fcck zu zerbrechen. Sohn Georg wird an der Front vermisst, das Verh\u00e4ltnis zu Tochter Henny liegt in Scherben, und Nesth\u00e4kchen Antonia testet ihre Grenzen aus. Die \u00c4rztin will um ihre Kinder k\u00e4mpfen, koste es, was es wolle. Doch es gibt Verletzungen, die selbst die Liebe nicht so einfach heilen kann. Als das Schicksal erneut zuschl\u00e4gt, muss Ricarda sich ihrer Vergangenheit stellen. Dort, wo alles begann\u2026 \u201c<\/em><br><br><strong>Meine Meinung:<\/strong><br>Der dritte Teil um die Arzt- Familie Thomasius hat mich, wie die ersten beiden Teile, sehr gut unterhalten. Ein fl\u00fcssig zu lesendes Buch, welches einen gut in die Zeit des Ersten Weltkrieges eintauchen l\u00e4sst.<br><br><\/p>\n\n\n\n<p class=\"has-small-font-size\">__<br><br><strong>Gabriele Breuer: \u201eDas Haus der gefallenen T\u00f6chter\u201c<\/strong><br><strong>erschienen am 30. November 2018<\/strong><br><strong>Ullstein, ISBN: &nbsp;978-3548290799 <br><\/strong><br><strong>Klappentext:<\/strong><br><em>\u201eK\u00f6ln, 1471: Jenna, eine begabte Heilerin, wird der Hexerei bezichtigt und aus ihrem Dorf gejagt. Der Gaukler Amando nimmt sich ihrer an, doch die zarte Liebe steht unter keinem guten Stern: Auf einem Streifzug durch die Gassen K\u00f6lns wird Jenna des Diebstahls beschuldigt. Sie soll im Haus der gefallenen T\u00f6chter auf den rechten Weg zur\u00fcckgef\u00fchrt werden. Unter den versto\u00dfenen Frauen der Stadt, schuldig wie unschuldig, trifft Jenna auf die Dirne Ursula. W\u00e4hrend Amando versucht, die beiden Frauen aus den F\u00e4ngen des Hausherrn zu befreien, k\u00e4mpfen Jenna und Ursula um Gerechtigkeit in einer Zeit, in der es daf\u00fcr keinen Platz zu geben scheint.\u201c<\/em><br><br><strong>Meine Meinung:<\/strong><br>Das Buch &#8222;Das Haus der gefallenen T\u00f6chter&#8220; von Gabriele Breuer entf\u00fchrt den Leser gekonnt in das 15. Jahrhundert. Die Figuren sind lebensnah beschrieben, teilweise wird es richtig spannend. Ein sch\u00f6nes Buch.<\/p>\n\n\n\n<p class=\"has-small-font-size\">__<br><br><strong>Maria Nikolai: <a href=\"https:\/\/buechertanz.de\/?p=1680\" target=\"_blank\" rel=\"noreferrer noopener\">\u201eDie Schokoladenvilla &#8211; Goldene Jahre\u201c<\/a><br>erschienen am 14. Oktober 2019<br>Penguin, ISBN: 978-3328104063 <br><\/strong><br><br><strong>Klappentext:<\/strong><br><em>\u201eStuttgart, 1926: Die junge, abenteuerlustige Serafina zieht zu ihrem Halbbruder Victor in dessen pr\u00e4chtiges Familienanwesen, das alle nur \u00bbDie Schokoladenvilla\u00ab nennen. Denn die Rothmanns sind weit \u00fcber die Stadtgrenzen hinaus bekannt f\u00fcr ihre feinen Schokoladenkreationen, von denen sich auch Serafina nur zu gern verf\u00fchren l\u00e4sst. Mit ganzem Herzen st\u00fcrzt sie sich in die Verlockungen der aufregenden neuen Zeit, und als sie den attraktiven Anton kennenlernt, verliebt sie sich Hals \u00fcber Kopf. Doch Anton ist im Begriff, sich mit einer anderen zu verloben. Derweil wird das Schokoladenimperium der Rothmanns durch heimt\u00fcckische Sabotageakte bedroht \u2013 und Serafina von einem dunklen Kapitel ihrer Vergangenheit eingeholt &#8230;\u201c<\/em><br><br><strong>Meine Meinung:<br><\/strong>Kopfkino vom Feinsten. Wie schon der erste Teil &#8222;Die Schokoladenvilla&#8220; ist auch der zweite Teil von der ersten Seite an ein wahrer Genuss wie feinste Schokolade. Einmal angefangen ist es ganz schwer, wieder damit aufzuh\u00f6ren.<\/p>\n\n\n\n<p class=\"has-small-font-size\">__<\/p>\n\n\n\n<p class=\"has-small-font-size\"><strong>Charlotte Roth: &#8222;Als der Himmel uns geh\u00f6rte&#8220;<\/strong><br><strong>erschienen am 01. April 2015<\/strong><br><strong>Knaur, ISBN: 978-3426516645 <\/strong><br><br><strong>Klappentext:<br><\/strong><em>&#8222;London 2011. Die junge L\u00e4uferin Jennifer will an den Olympischen Spielen teilnehmen. Jetzt aber drohen Panikattacken ihren Traum zu gef\u00e4hrden. Mit ihrem Trainer, dem Iren Gregory, der sie heimlich liebt, reist Jennifer nach Mandeville, auf den Landsitz ihrer Familie. Sie hofft, sich bei ihrer fast hundertj\u00e4hrigen Urgro\u00dfmutter Alberta Rat holen zu k\u00f6nnen. Auch diese hat einmal an einer Olympiade teilgenommen, damals in Berlin, im Jahr 1936. Auf den Spuren ihrer Familiengeschichte wird Jennifer lernen, worum es im Leben wirklich geht.&#8220;<\/em><br><br><strong>Meine Meinung:<\/strong><br>Anfangs hatte ich etwas Probleme mit den Hauptfiguren warm zu werden. Das \u00e4nderte sich aber dann sehr schnell, und ich wollte wissen, wie es weitergeht. Vor allem der Teil, der im Berlin der 30er Jahre spielt, hat mich teilweise atemlos zur\u00fcck gelassen. Dazu diese wunderbare Sprache von Charlotte Roth. Ein Genuss!<\/p>\n\n\n\n<p>_<\/p>\n\n\n\n<p class=\"has-small-font-size\"><strong>Mechthild Borrmann: &#8222;Tr\u00fcmmerkind&#8220;<\/strong><br><strong>erschienen am 02. Novemer 2016<\/strong><br><strong>Droemer, ISBN: 978-3426281376 <\/strong><br><br><strong>Klappentext:<\/strong><br><em>&#8222;Hamburg 1946\/47 &#8211; Steineklopfen, Altmetallsuchen, Schwarzhandel.<br>Der 14j\u00e4hrige Hanno Dietz k\u00e4mpft mit seiner Familie im zerst\u00f6rten Hamburg der Nachkriegsjahre ums \u00dcberleben. Viele Monate ist es bitterkalt, Deutschland erlebt den Jahrhundertwinter 1946\/47.<br>Eines Tages entdeckt Hanno in den Tr\u00fcmmern eine nackte Tote &#8211; und etwas abseits einen etwa dreij\u00e4hrigen Jungen. Der Kleine w\u00e4chst bei den Dietzens in Hamburg auf. Monatelang spricht der Junge kein Wort. Und auch Hanno erz\u00e4hlt niemandem von seiner grauenhaften Entdeckung. Doch das Bild der toten Frau inmitten der Tr\u00fcmmer verfolgt ihn in seinen Tr\u00e4umen.<br>Erst viele Jahre sp\u00e4ter wird das einstige Tr\u00fcmmerkind durch Zufall einem Verbrechen auf die Spur kommen, das auf fatale Weise mit der Geschichte seiner Familie verkn\u00fcpft ist \u2026&#8220;<\/em><br><br><strong>Meine Meinung:<\/strong><br>Das Buch hat mich sehr ber\u00fchrt. Die Autorin geht immer wieder in die Vergangenheit zur\u00fcck und zeigt uns gekonnt, wie die Vergangenheit die Gegenwart beeinflussen kann. Sehr packend und emotional. <\/p>\n\n\n\n<p>_<\/p>\n\n\n\n<p class=\"has-small-font-size\"><strong><a href=\"https:\/\/buechertanz.de\/?p=1101\" target=\"_blank\" rel=\"noreferrer noopener\">Beate Maxian: &#8222;Die Tr\u00e4nen von Triest&#8220;<\/a><\/strong><br><strong>erschienen am 11. November 2019<\/strong><br><strong>Heyne, ISBN: 978-3453423794 <\/strong><br><br><strong>Klappentext:<br><\/strong><em>&#8222;Wien 2019: Die 33-j\u00e4hrige Johanna Silcredi wird ans Krankenbett ihres Gro\u00dfvaters Bernhard gerufen. Er bittet sie, nach Triest in die Villa Costa zu reisen, und er f\u00fcgt hinzu: &lt;&lt; Finde heraus, wer mein Vater war.>> Johanna ist zutiefst irritiert und macht sich auf den Weg. In der Villa trifft sie auf eine geheimnisvolle \u00e4ltere Dame aus Hamburg, die ebenfalls auf Spurensuche scheint.<br> Triest 1914. Die sch\u00f6ne Afra von Silcredi steht kurz vor der Verlobung mit Alfred Herzog und k\u00f6nnte nicht gl\u00fccklicher sein. Doch dann beginnt der Erste Weltkrieg, und die Liebenden werden getrennt&#8230;&#8220; <\/em><br><br><strong>Meine Meinung:<\/strong><br>Das war mein erstes Buch der Autorin Beate Maxian &#8211; und ich werde mit Sicherheit noch mehr von ihr lesen. Ein fl\u00fcssiger Text mit wunderbaren Charakteren. Ein Buch zum Abschalten. Top!<br><a href=\"https:\/\/buechertanz.de\/?p=1101\">Hier<\/a> findet ihr meine Rezension.<\/p>\n\n\n\n<p>_<\/p>\n\n\n\n<p class=\"has-small-font-size\"><strong>Julia Kr\u00f6hn: &#8222;Das Modehaus &#8211; T\u00f6chter der Freiheit&#8220;<\/strong><br><strong>erschienen am 18. Februar 2019<br>Blanvalet, ISBN: 978-3734105715 <\/strong><br><br><strong>Klappentext:<\/strong><br><em>\u201eDie goldenen Zwanziger, spektakul\u00e4re Modekollektionen und \u2026 Coco Chanel. Fanny hat genug von der altbackenen Mode im familieneigenen Imperium und will in Paris als Modesch\u00f6pferin durchstarten. Am Ende hat sie nur als Mannequin Erfolg, und auch dieser glitzernde Traum zerplatzt. 1946 k\u00e4mpft Tochter Lisbeth im zerbombten Frankfurt ums nackte \u00dcberleben \u2013 und um das Modehaus ihrer Vorfahren. Erfindungsreich f\u00fchrt sie es in eine neue Zeit, zahlt daf\u00fcr jedoch einen hohen Preis. 1971 ist Rieke die Liebe wichtiger als das Gesch\u00e4ft. Doch dann steht das Familienunternehmen vor dem Bankrott \u2013 und sie vor einer folgenschweren Entscheidung \u2026\u201c<\/em> <br><br><strong>Meine Meinung:<br><\/strong>Die ersten 50 Seiten empfand ich als sehr schwer. Ich kam durch die st\u00e4ndigen Zeitwechsel nicht wirklich in die Geschichte rein, die vielen Namen \u00fcberforderten mich. Aber dann konnte ich das Buch teilweise nur noch schwer aus den H\u00e4nden legen. Jeder Erz\u00e4hlstrang wird so geschickt miteinander verflochten. Unbedingt Lesen!<\/p>\n\n\n\n<p>_<\/p>\n\n\n\n<div class=\"wp-block-image\"><figure class=\"aligncenter is-resized\"><img loading=\"lazy\" decoding=\"async\" src=\"https:\/\/buechertanz.de\/wp-content\/uploads\/2019\/03\/Blume-5.png\" alt=\"\" class=\"wp-image-367\" width=\"206\" height=\"238\" srcset=\"https:\/\/buechertanz.de\/wp-content\/uploads\/2019\/03\/Blume-5.png 264w, https:\/\/buechertanz.de\/wp-content\/uploads\/2019\/03\/Blume-5-260x300.png 260w\" sizes=\"auto, (max-width: 206px) 100vw, 206px\" \/><\/figure><\/div>\n\n\n\n<p><br><\/p>\n\n\n\n<p class=\"has-small-font-size\"><strong><br><\/strong><\/p>\n","protected":false},"excerpt":{"rendered":"<p>Hier seht ihr die B\u00fccher, die ich im November 2019 gelesen habe und ihr bekommt einen ersten Eindruck. Die ausf\u00fchrlichen Rezensionen folgen. Falls es schon eine Rezension auf meinem Blog gibt, gelangt ihr mit einem Klick auf den Titel direkt bei der Rezension. Diesen Monat habe ich einen pers\u00f6nlichen Rekord aufgestellt: Sieben B\u00fccher innerhalb von &hellip; <a href=\"https:\/\/buechertanz.de\/?page_id=925\" class=\"more-link\"><span class=\"screen-reader-text\">Gelesen November 2019<\/span> weiterlesen<\/a><\/p>\n","protected":false},"author":2,"featured_media":0,"parent":0,"menu_order":0,"comment_status":"open","ping_status":"closed","template":"","meta":{"footnotes":""},"class_list":["post-925","page","type-page","status-publish","hentry"],"_links":{"self":[{"href":"https:\/\/buechertanz.de\/index.php?rest_route=\/wp\/v2\/pages\/925","targetHints":{"allow":["GET"]}}],"collection":[{"href":"https:\/\/buechertanz.de\/index.php?rest_route=\/wp\/v2\/pages"}],"about":[{"href":"https:\/\/buechertanz.de\/index.php?rest_route=\/wp\/v2\/types\/page"}],"author":[{"embeddable":true,"href":"https:\/\/buechertanz.de\/index.php?rest_route=\/wp\/v2\/users\/2"}],"replies":[{"embeddable":true,"href":"https:\/\/buechertanz.de\/index.php?rest_route=%2Fwp%2Fv2%2Fcomments&post=925"}],"version-history":[{"count":6,"href":"https:\/\/buechertanz.de\/index.php?rest_route=\/wp\/v2\/pages\/925\/revisions"}],"predecessor-version":[{"id":2991,"href":"https:\/\/buechertanz.de\/index.php?rest_route=\/wp\/v2\/pages\/925\/revisions\/2991"}],"wp:attachment":[{"href":"https:\/\/buechertanz.de\/index.php?rest_route=%2Fwp%2Fv2%2Fmedia&parent=925"}],"curies":[{"name":"wp","href":"https:\/\/api.w.org\/{rel}","templated":true}]}}