{"id":9371,"date":"2025-08-30T18:39:54","date_gmt":"2025-08-30T17:39:54","guid":{"rendered":"https:\/\/buechertanz.de\/?page_id=9371"},"modified":"2025-10-01T09:29:54","modified_gmt":"2025-10-01T08:29:54","slug":"neuzugaenge-august-2025","status":"publish","type":"page","link":"https:\/\/buechertanz.de\/?page_id=9371","title":{"rendered":"Neuzug\u00e4nge August 2025"},"content":{"rendered":"\n<p class=\"has-drop-cap has-small-font-size\">Im&nbsp;<strong>August 2025<\/strong>&nbsp;sind insgesamt&nbsp;<strong>21 B\u00fccher&nbsp;<\/strong>hier eingezogen:<br><br><br>&#8211; Drei Rezensionsexemplare (ein Print, zwei ebooks)<br>&#8211; Ein Geschenk (Print)<br>&#8211; Ein Buch aus zweiter Hand (Print)<br>&#8211; 16 selbst gekaufte B\u00fccher (sechs Prints, zehn eBooks) <br><br>Herzlichen Dank an die Autorinnen Kristina Herzog, Charlotte von Feyerabend, Ann-Kathrin Wasle und an den Droemer-Knaur Verlag f\u00fcr die Rezensionsexemplare. <br>Falls es schon ausf\u00fchrlichen Rezensionen gibt, gelangt ihr mit einem Klick auf den Titel dorthin.<br>Ich freue mich schon auf viele gem\u00fctliche Lesestunden und w\u00fcnsche euch viel Spa\u00df beim St\u00f6bern!<\/p>\n\n\n\n<p class=\"has-small-font-size\">Eure<\/p>\n\n\n\n<figure class=\"wp-block-image size-large is-resized\"><img loading=\"lazy\" decoding=\"async\" width=\"1024\" height=\"404\" src=\"https:\/\/buechertanz.de\/wp-content\/uploads\/2024\/06\/Unterschrift-1024x404.jpg\" alt=\"\" class=\"wp-image-7473\" style=\"width:145px;height:auto\" srcset=\"https:\/\/buechertanz.de\/wp-content\/uploads\/2024\/06\/Unterschrift-1024x404.jpg 1024w, https:\/\/buechertanz.de\/wp-content\/uploads\/2024\/06\/Unterschrift-300x118.jpg 300w, https:\/\/buechertanz.de\/wp-content\/uploads\/2024\/06\/Unterschrift-768x303.jpg 768w, https:\/\/buechertanz.de\/wp-content\/uploads\/2024\/06\/Unterschrift.jpg 1500w\" sizes=\"auto, (max-width: 1024px) 100vw, 1024px\" \/><\/figure>\n\n\n\n<p class=\"has-text-align-center\">_ _ _ <\/p>\n\n\n\n<p class=\"has-drop-cap\" style=\"font-size:14px\"><strong>Rezensionsexemplare\/ Geschenke\/ Second Hand:<\/strong><br><br><\/p>\n\n\n<div class=\"wp-block-image\">\n<figure class=\"aligncenter size-large is-resized\"><img loading=\"lazy\" decoding=\"async\" width=\"772\" height=\"1024\" src=\"https:\/\/buechertanz.de\/wp-content\/uploads\/2025\/08\/08-August-Rezensionsexemplare-und-Second-Hand_komp-772x1024.jpg\" alt=\"\" class=\"wp-image-9389\" style=\"width:366px;height:auto\" srcset=\"https:\/\/buechertanz.de\/wp-content\/uploads\/2025\/08\/08-August-Rezensionsexemplare-und-Second-Hand_komp-772x1024.jpg 772w, https:\/\/buechertanz.de\/wp-content\/uploads\/2025\/08\/08-August-Rezensionsexemplare-und-Second-Hand_komp-226x300.jpg 226w, https:\/\/buechertanz.de\/wp-content\/uploads\/2025\/08\/08-August-Rezensionsexemplare-und-Second-Hand_komp-768x1019.jpg 768w, https:\/\/buechertanz.de\/wp-content\/uploads\/2025\/08\/08-August-Rezensionsexemplare-und-Second-Hand_komp.jpg 844w\" sizes=\"auto, (max-width: 772px) 100vw, 772px\" \/><\/figure><\/div>\n\n\n<p><br><\/p>\n\n\n\n<ul class=\"wp-block-list\">\n<li class=\"has-small-font-size\"><strong>Kristina Herzog:<\/strong><br><em><a href=\"https:\/\/buechertanz.de\/?p=9284\" target=\"_blank\" rel=\"noreferrer noopener\">&#8222;Was die Liebe ersehnt &#8211; Die Sternberg-Saga&#8220;<\/a><\/em> (eBook)<\/li>\n\n\n\n<li class=\"has-small-font-size\"><strong>Charlotte von Feyerabend:<\/strong><br><em><a href=\"https:\/\/buechertanz.de\/?p=9320\" target=\"_blank\" rel=\"noreferrer noopener\">&#8222;<em>Liebesrausch \u2013 Ana\u00efs Nin und Henry Miller in Paris&#8220;<\/em><\/a> <\/em>(eBook)<\/li>\n\n\n\n<li class=\"has-small-font-size\"><strong>Ann-Kathrin Wasle:<\/strong><br><a href=\"https:\/\/buechertanz.de\/?p=9345\" target=\"_blank\" rel=\"noreferrer noopener\"><em>&#8222;Die kleine Nymphe&#8220;<\/em> (Print)<\/a><\/li>\n\n\n\n<li class=\"has-small-font-size\"><strong>Deutscher Buchpreis 2025:<\/strong><br><em>&#8222;Die Nominierten&#8220;<\/em> (Print)<\/li>\n\n\n\n<li class=\"has-small-font-size\"><strong>Julian Barnes:<\/strong><br><em>&#8222;Elizabeth Finch&#8220;<\/em><\/li>\n<\/ul>\n\n\n\n<p class=\"has-text-align-center\">_ _ _ <\/p>\n\n\n\n<p class=\"has-drop-cap has-small-font-size\"><strong>Selbstgekaufte B\u00fccher\/ eBooks:<\/strong><br><br><\/p>\n\n\n<div class=\"wp-block-image\">\n<figure class=\"aligncenter size-full is-resized\"><img loading=\"lazy\" decoding=\"async\" width=\"619\" height=\"822\" src=\"https:\/\/buechertanz.de\/wp-content\/uploads\/2025\/08\/08-August-Gekaufte-Buecher_komp.jpg\" alt=\"\" class=\"wp-image-9390\" style=\"width:359px;height:auto\" srcset=\"https:\/\/buechertanz.de\/wp-content\/uploads\/2025\/08\/08-August-Gekaufte-Buecher_komp.jpg 619w, https:\/\/buechertanz.de\/wp-content\/uploads\/2025\/08\/08-August-Gekaufte-Buecher_komp-226x300.jpg 226w\" sizes=\"auto, (max-width: 619px) 100vw, 619px\" \/><\/figure><\/div>\n\n\n<p><br><\/p>\n\n\n\n<ul class=\"wp-block-list\">\n<li class=\"has-small-font-size\"><strong>Stephanie Schuster:<\/strong><br><em>&#8222;Morgen sind wir wild und frei&#8220;<\/em> (eBook)<\/li>\n\n\n\n<li class=\"has-small-font-size\"><strong>Linda Winterberg:<\/strong><br><em>&#8222;Die Kinder des Nordlichts&#8220; <\/em>(eBook) &amp; <em>&#8222;Die verlorene Schwester&#8220; <\/em>(eBook)<\/li>\n\n\n\n<li class=\"has-small-font-size\"><strong>Lena Rohn:<br><\/strong><em>&#8222;Das Kind mit den stummen Augen&#8220;<\/em> (eBook)<\/li>\n\n\n\n<li class=\"has-small-font-size\"><strong>Ren\u00e9e Rosen:<\/strong><br><em>&#8222;Ein Leben f\u00fcr Barbie&#8220;<\/em> (eBook)<\/li>\n\n\n\n<li class=\"has-small-font-size\"><strong>Melanie Metzenthin:<\/strong><br><em>&#8222;Wer ins Licht treten will&#8220;<\/em> (eBook)<\/li>\n\n\n\n<li class=\"has-small-font-size\"><strong>Margot Friedlander:<br><\/strong><em>&#8222;Versuche dein Leben zu machen&#8220;<\/em> (Print)<\/li>\n\n\n\n<li class=\"has-small-font-size\"><strong>Lilli Beck:<\/strong><br><em>&#8222;Gl\u00fcck und Glas&#8220;<\/em> (eBook)<\/li>\n\n\n\n<li class=\"has-small-font-size\"><strong>Titus M\u00fcller:<\/strong><br><em>&#8222;Die Dolmetscherin&#8220;<\/em> (Print)<\/li>\n\n\n\n<li class=\"has-small-font-size\"><strong>Rebecca Gabl\u00e9:<\/strong><br><em>&#8222;Rabenthron&#8220; <\/em>(Print)<\/li>\n\n\n\n<li class=\"has-small-font-size\"><strong>Alena Schr\u00f6der:<\/strong><br><em>&#8222;Bei euch ist es immer so unheimlich still&#8220;<\/em> (eBook)<\/li>\n\n\n\n<li class=\"has-small-font-size\"><strong>Michael R\u00f6mling:<\/strong><br><em>&#8222;Die Stadt der Auserw\u00e4hlten&#8220; <\/em>(Print)<\/li>\n\n\n\n<li class=\"has-small-font-size\"><strong>Izabelle Jardin:<\/strong><br><em>&#8222;Die Achenthal-Saga &#8211; Zwischen zwei Welten&#8220;<\/em> (eBook)<\/li>\n\n\n\n<li class=\"has-small-font-size\"><strong>Andrea Hess:<\/strong><br><em>&#8222;Sonst war es still&#8220;<\/em> (Print)<\/li>\n\n\n\n<li class=\"has-small-font-size\"><strong>Ralf H. Dorweiler:<\/strong><br><em>&#8222;Das Lied des Vogelf\u00e4ngers&#8220; <\/em>(Print)<\/li>\n\n\n\n<li class=\"has-small-font-size\"><strong>Tara Haigh:<\/strong><br><em>&#8222;Die Kl\u00e4nge der Freiheit&#8220; <\/em>(eBook)<strong><br><\/strong><\/li>\n<\/ul>\n\n\n\n<p class=\"has-text-align-center\">_ _ _<\/p>\n","protected":false},"excerpt":{"rendered":"<p>Im&nbsp;August 2025&nbsp;sind insgesamt&nbsp;21 B\u00fccher&nbsp;hier eingezogen: &#8211; Drei Rezensionsexemplare (ein Print, zwei ebooks)&#8211; Ein Geschenk (Print)&#8211; Ein Buch aus zweiter Hand (Print)&#8211; 16 selbst gekaufte B\u00fccher (sechs Prints, zehn eBooks) Herzlichen Dank an die Autorinnen Kristina Herzog, Charlotte von Feyerabend, Ann-Kathrin Wasle und an den Droemer-Knaur Verlag f\u00fcr die Rezensionsexemplare. Falls es schon ausf\u00fchrlichen Rezensionen gibt, &hellip; <a href=\"https:\/\/buechertanz.de\/?page_id=9371\" class=\"more-link\"><span class=\"screen-reader-text\">Neuzug\u00e4nge August 2025<\/span> weiterlesen<\/a><\/p>\n","protected":false},"author":2,"featured_media":0,"parent":0,"menu_order":0,"comment_status":"open","ping_status":"closed","template":"","meta":{"footnotes":""},"class_list":["post-9371","page","type-page","status-publish","hentry"],"_links":{"self":[{"href":"https:\/\/buechertanz.de\/index.php?rest_route=\/wp\/v2\/pages\/9371","targetHints":{"allow":["GET"]}}],"collection":[{"href":"https:\/\/buechertanz.de\/index.php?rest_route=\/wp\/v2\/pages"}],"about":[{"href":"https:\/\/buechertanz.de\/index.php?rest_route=\/wp\/v2\/types\/page"}],"author":[{"embeddable":true,"href":"https:\/\/buechertanz.de\/index.php?rest_route=\/wp\/v2\/users\/2"}],"replies":[{"embeddable":true,"href":"https:\/\/buechertanz.de\/index.php?rest_route=%2Fwp%2Fv2%2Fcomments&post=9371"}],"version-history":[{"count":11,"href":"https:\/\/buechertanz.de\/index.php?rest_route=\/wp\/v2\/pages\/9371\/revisions"}],"predecessor-version":[{"id":9534,"href":"https:\/\/buechertanz.de\/index.php?rest_route=\/wp\/v2\/pages\/9371\/revisions\/9534"}],"wp:attachment":[{"href":"https:\/\/buechertanz.de\/index.php?rest_route=%2Fwp%2Fv2%2Fmedia&parent=9371"}],"curies":[{"name":"wp","href":"https:\/\/api.w.org\/{rel}","templated":true}]}}