{"id":9495,"date":"2025-09-29T13:06:58","date_gmt":"2025-09-29T12:06:58","guid":{"rendered":"https:\/\/buechertanz.de\/?page_id=9495"},"modified":"2025-12-18T10:53:16","modified_gmt":"2025-12-18T09:53:16","slug":"gelesen-september-2025","status":"publish","type":"page","link":"https:\/\/buechertanz.de\/?page_id=9495","title":{"rendered":"Gelesen September 2025"},"content":{"rendered":"\n<p class=\"has-drop-cap has-small-font-size\">Im&nbsp;<strong>September 2025<\/strong>&nbsp;habe ich&nbsp;<strong>zehn B\u00fccher<\/strong>&nbsp;mit insgesamt<strong>&nbsp;4.040 Seiten<\/strong>&nbsp;gelesen:<br><br><br>\u2013 Zwei Rezensionsexemplare (zwei Prints)<br>\u2013 Ein Geschenk (Print)<br>\u2013 Ein Buch aus zweiter Hand <br>\u2013 Sechs selbstgekaufte B\u00fccher (f\u00fcnf Prints, ein eBook)<br><br>Ein herzlicher Dank f\u00fcr die Rezensionsexemplare geht an Maria Nikolai, den Penguin Verlag und an den Gmeiner Verlag. <br>Ich hatte so viele wundersch\u00f6ne Lesestunden und Lesemomente und bin mit meinem Lesemonat sehr zufrieden. Lieben Dank an alle Autorinnen f\u00fcr eure Geschichten.<\/p>\n\n\n\n<p class=\"has-small-font-size\">Viel Spa\u00df beim Schm\u00f6kern, eure<\/p>\n\n\n\n<figure class=\"wp-block-image size-large is-resized\"><img loading=\"lazy\" decoding=\"async\" width=\"1024\" height=\"404\" src=\"https:\/\/buechertanz.de\/wp-content\/uploads\/2024\/06\/Unterschrift-1024x404.jpg\" alt=\"\" class=\"wp-image-7473\" style=\"width:172px;height:auto\" srcset=\"https:\/\/buechertanz.de\/wp-content\/uploads\/2024\/06\/Unterschrift-1024x404.jpg 1024w, https:\/\/buechertanz.de\/wp-content\/uploads\/2024\/06\/Unterschrift-300x118.jpg 300w, https:\/\/buechertanz.de\/wp-content\/uploads\/2024\/06\/Unterschrift-768x303.jpg 768w, https:\/\/buechertanz.de\/wp-content\/uploads\/2024\/06\/Unterschrift.jpg 1500w\" sizes=\"auto, (max-width: 1024px) 100vw, 1024px\" \/><\/figure>\n\n\n\n<p class=\"has-text-align-center\">_ _ _ <\/p>\n\n\n<div class=\"wp-block-image\">\n<figure class=\"aligncenter size-full is-resized\"><img loading=\"lazy\" decoding=\"async\" width=\"604\" height=\"808\" src=\"https:\/\/buechertanz.de\/wp-content\/uploads\/2025\/09\/09-September_02_komp.jpg\" alt=\"\" class=\"wp-image-9502\" style=\"width:363px;height:auto\" srcset=\"https:\/\/buechertanz.de\/wp-content\/uploads\/2025\/09\/09-September_02_komp.jpg 604w, https:\/\/buechertanz.de\/wp-content\/uploads\/2025\/09\/09-September_02_komp-224x300.jpg 224w\" sizes=\"auto, (max-width: 604px) 100vw, 604px\" \/><\/figure><\/div>\n\n\n<p class=\"has-text-align-center\">_ _ _ <\/p>\n\n\n\n<div class=\"wp-block-media-text is-vertically-aligned-center\" style=\"grid-template-columns:25% auto\"><figure class=\"wp-block-media-text__media\"><img loading=\"lazy\" decoding=\"async\" width=\"297\" height=\"445\" src=\"https:\/\/buechertanz.de\/wp-content\/uploads\/2025\/08\/62-Die-Schattenschwester.jpg\" alt=\"\" class=\"wp-image-9404 size-full\" srcset=\"https:\/\/buechertanz.de\/wp-content\/uploads\/2025\/08\/62-Die-Schattenschwester.jpg 297w, https:\/\/buechertanz.de\/wp-content\/uploads\/2025\/08\/62-Die-Schattenschwester-200x300.jpg 200w\" sizes=\"auto, (max-width: 297px) 100vw, 297px\" \/><\/figure><div class=\"wp-block-media-text__content\">\n<p class=\"has-small-font-size\"><em>Selbst gekauft<\/em><br><br>Das erste Buch im neuen Lesemonat wartete schon einige Jahre auf meinem Stapel ungelesener B\u00fccher: <strong><em>&#8222;Die Schattenschwester&#8220; <\/em><\/strong>von Lucinda Riley.<br>Es ist ein wunderbares Buch, das mich von der ersten Seite an in seinen Bann gezogen hat: Die dichte Atmosph\u00e4re und die beiden Erz\u00e4hlebenen sind \u00e4u\u00dferst gut gelungen und vereinen sich nach und nach zu einer gro\u00dfartigen Geschichte. Lucinda Rileys bildhafter und sch\u00f6ner Sprachstil hat mich mit in die Geschichte genommen und ich legte das Buch nur ungern aus den H\u00e4nden. Ich habe einiges dazu gelernt und nebenbei einige faszinierende Pers\u00f6nlichkeiten der Vergangenheit kennengelernt. Die Suche nach der eigenen Identit\u00e4t und die Bedeutung der Vergangenheit sind wichtige Themen dieser starken und unvergesslichen Geschichte. Ein absolut gelungenes Leseerlebnis.<\/p>\n<\/div><\/div>\n\n\n\n<p class=\"has-text-align-center\">_ _ _ <\/p>\n\n\n\n<div class=\"wp-block-media-text has-media-on-the-right is-vertically-aligned-center\" style=\"grid-template-columns:auto 25%\"><div class=\"wp-block-media-text__content\">\n<p class=\"has-small-font-size\"><em>Selbst gekauft<\/em><br><br>Mit meiner n\u00e4chsten Lekt\u00fcre ging es auf ins Mittelalter: <em><strong>&#8222;Das Lied des Vogelh\u00e4ndlers&#8220; <\/strong><\/em>von Ralf H. Dorweiler.<br>Die Struktur des Romans, der zun\u00e4chst zwei Erz\u00e4hlebenen verfolgt, ist anfangs etwas herausfordernd, f\u00fchrt dann aber zu einer packenden und spannenden Geschichte, die mich nicht mehr losgelassen hat. Insbesondere als die Handlungsstr\u00e4nge zusammenlaufen, nimmt die Spannung kontinuierlich zu und ich wollte das Buch nicht mehr aus den H\u00e4nden legen. Absolut lesenswert.<\/p>\n<\/div><figure class=\"wp-block-media-text__media\"><img loading=\"lazy\" decoding=\"async\" width=\"299\" height=\"445\" src=\"https:\/\/buechertanz.de\/wp-content\/uploads\/2025\/09\/63-Das-Lied-des-Vogelhaendlers.jpg\" alt=\"\" class=\"wp-image-9420 size-full\" srcset=\"https:\/\/buechertanz.de\/wp-content\/uploads\/2025\/09\/63-Das-Lied-des-Vogelhaendlers.jpg 299w, https:\/\/buechertanz.de\/wp-content\/uploads\/2025\/09\/63-Das-Lied-des-Vogelhaendlers-202x300.jpg 202w\" sizes=\"auto, (max-width: 299px) 100vw, 299px\" \/><\/figure><\/div>\n\n\n\n<p class=\"has-text-align-center\">_ _ _ <\/p>\n\n\n\n<div class=\"wp-block-media-text is-vertically-aligned-center\" style=\"grid-template-columns:25% auto\"><figure class=\"wp-block-media-text__media\"><img loading=\"lazy\" decoding=\"async\" width=\"271\" height=\"445\" src=\"https:\/\/buechertanz.de\/wp-content\/uploads\/2025\/09\/64-Das-Glueck-der-Buecher.jpg\" alt=\"\" class=\"wp-image-9423 size-full\" srcset=\"https:\/\/buechertanz.de\/wp-content\/uploads\/2025\/09\/64-Das-Glueck-der-Buecher.jpg 271w, https:\/\/buechertanz.de\/wp-content\/uploads\/2025\/09\/64-Das-Glueck-der-Buecher-183x300.jpg 183w\" sizes=\"auto, (max-width: 271px) 100vw, 271px\" \/><\/figure><div class=\"wp-block-media-text__content\">\n<p class=\"has-small-font-size\"><em>Rezensionsexemplar<\/em><br><br>Es gibt ja B\u00fccher, von denen man die ersten Seiten liest und dann bereits schon klar ist, wie sehr einen die Geschichte mitnehmen wird und wie schwer es werden wird, das Buch aus den H\u00e4nden zu legen.<br>Genau ein solches Buch ist <strong><em><a href=\"https:\/\/buechertanz.de\/?p=9430\" target=\"_blank\" rel=\"noreferrer noopener\">&#8222;Das Gl\u00fcck der B\u00fccher&#8220;<\/a> <\/em><\/strong>von Karin Joachim.<br>Zwei Tage bin ich in diese wunderbare Geschichte abgetaucht und bin ber\u00fchrt und einfach nur unendlich gl\u00fccklich. Es ist eine Geschichte die im Kopf, vor allem aber im Herzen bleiben wird. Ein Highlight!<\/p>\n<\/div><\/div>\n\n\n\n<p class=\"has-text-align-center\">_ _ _ <\/p>\n\n\n\n<div class=\"wp-block-media-text has-media-on-the-right is-vertically-aligned-center\" style=\"grid-template-columns:auto 25%\"><div class=\"wp-block-media-text__content\">\n<p class=\"has-small-font-size\"><em>Selbst gekauft<\/em><br><br>Weiter ging es mit <strong><em><a href=\"https:\/\/buechertanz.de\/?p=10036\" target=\"_blank\" rel=\"noreferrer noopener\">&#8222;Der Wind von Yorkshire&#8220;<\/a> <\/em><\/strong>von Lia Scott. Es ist der Auftakt der Reihe <em>&#8222;Die Fasern der Welt&#8220; <\/em>und ich bin absolut begeistert davon.<br>Atmosph\u00e4risch, packend und einfach nur ganz wunderbar zu lesen. Ich freue mich jetzt schon auf den zweiten Band, der im Dezember 2025 erscheinen wird.<\/p>\n<\/div><figure class=\"wp-block-media-text__media\"><img loading=\"lazy\" decoding=\"async\" width=\"316\" height=\"466\" src=\"https:\/\/buechertanz.de\/wp-content\/uploads\/2025\/09\/65-Der-Wind-von-Yorkshire.jpg\" alt=\"\" class=\"wp-image-9437 size-full\" srcset=\"https:\/\/buechertanz.de\/wp-content\/uploads\/2025\/09\/65-Der-Wind-von-Yorkshire.jpg 316w, https:\/\/buechertanz.de\/wp-content\/uploads\/2025\/09\/65-Der-Wind-von-Yorkshire-203x300.jpg 203w\" sizes=\"auto, (max-width: 316px) 100vw, 316px\" \/><\/figure><\/div>\n\n\n\n<p class=\"has-text-align-center\">_ _ _ <\/p>\n\n\n\n<div class=\"wp-block-media-text is-vertically-aligned-center\" style=\"grid-template-columns:25% auto\"><figure class=\"wp-block-media-text__media\"><img loading=\"lazy\" decoding=\"async\" width=\"302\" height=\"445\" src=\"https:\/\/buechertanz.de\/wp-content\/uploads\/2025\/09\/66-Grand-Hotel-Usedom-Wogende-Wellen.jpg\" alt=\"\" class=\"wp-image-9450 size-full\" srcset=\"https:\/\/buechertanz.de\/wp-content\/uploads\/2025\/09\/66-Grand-Hotel-Usedom-Wogende-Wellen.jpg 302w, https:\/\/buechertanz.de\/wp-content\/uploads\/2025\/09\/66-Grand-Hotel-Usedom-Wogende-Wellen-204x300.jpg 204w\" sizes=\"auto, (max-width: 302px) 100vw, 302px\" \/><\/figure><div class=\"wp-block-media-text__content\">\n<p class=\"has-small-font-size\"><em>Selbst gekauft<\/em><br><br>Ich war sehr \u00fcberrascht, als ich das Buch <strong><em>&#8222;Grand Hotel Usedom &#8211; Wogende Wellen&#8220; <\/em><\/strong>von Caren Benedikt bereits einige Wochen vor dem offiziellen ET in der Buchhandlung entdeckte. <br>Ich konnte dieses Buch nur schwer aus den H\u00e4nden legen und rauschte durch die etwa 450 Seiten. Caren Benedikt schafft (wieder) eine absolut einnehmende Atmosph\u00e4re, ein Buch zum weg tr\u00e4umen. <br>Ich bin schon so gespannt, wie es weitergehen wird und warte nun sehns\u00fcchtig auf den dritten Band, der im M\u00e4rz 2026 erscheinen wird. <\/p>\n<\/div><\/div>\n\n\n\n<p class=\"has-text-align-center\">_ _ _ <\/p>\n\n\n\n<div class=\"wp-block-media-text has-media-on-the-right is-vertically-aligned-center\" style=\"grid-template-columns:auto 25%\"><div class=\"wp-block-media-text__content\">\n<p class=\"has-small-font-size\"><em>Rezensionsexemplar<\/em><br><br>Auf den ET von <strong><em><a href=\"https:\/\/buechertanz.de\/?p=9466\" target=\"_blank\" rel=\"noreferrer noopener\">&#8222;Little Germany &#8211; Der Geschmack von Freiheit&#8220; <\/a><\/em><\/strong>von Maria Nikolai habe ich schon Monate entgegen gefiebert. <br>Mit Tr\u00e4nen der Trauer begonnen und mit Tr\u00e4nen der Freude und des Abschieds beendet. Ich bin tief bewegt und ber\u00fchrt von dieser eindrucksvollen Buchreihe und Geschichte und werde die wunderbaren Figuren mit Sicherheit noch lange in meinem Herzen tragen. Eine absolut empfehlenswerte Buchreihe.<\/p>\n<\/div><figure class=\"wp-block-media-text__media\"><img loading=\"lazy\" decoding=\"async\" width=\"300\" height=\"445\" src=\"https:\/\/buechertanz.de\/wp-content\/uploads\/2025\/09\/67-Little-Germany-Der-Geschmack-von-Freiheit.jpg\" alt=\"\" class=\"wp-image-9456 size-full\" srcset=\"https:\/\/buechertanz.de\/wp-content\/uploads\/2025\/09\/67-Little-Germany-Der-Geschmack-von-Freiheit.jpg 300w, https:\/\/buechertanz.de\/wp-content\/uploads\/2025\/09\/67-Little-Germany-Der-Geschmack-von-Freiheit-202x300.jpg 202w\" sizes=\"auto, (max-width: 300px) 100vw, 300px\" \/><\/figure><\/div>\n\n\n\n<p class=\"has-text-align-center\">_ _ _ <\/p>\n\n\n\n<div class=\"wp-block-media-text is-vertically-aligned-center\" style=\"grid-template-columns:25% auto\"><figure class=\"wp-block-media-text__media\"><img loading=\"lazy\" decoding=\"async\" width=\"302\" height=\"445\" src=\"https:\/\/buechertanz.de\/wp-content\/uploads\/2025\/09\/68-Die-Kinder-der-Hansens-Zeit-des-Neubeginns.jpg\" alt=\"\" class=\"wp-image-9463 size-full\" srcset=\"https:\/\/buechertanz.de\/wp-content\/uploads\/2025\/09\/68-Die-Kinder-der-Hansens-Zeit-des-Neubeginns.jpg 302w, https:\/\/buechertanz.de\/wp-content\/uploads\/2025\/09\/68-Die-Kinder-der-Hansens-Zeit-des-Neubeginns-204x300.jpg 204w\" sizes=\"auto, (max-width: 302px) 100vw, 302px\" \/><\/figure><div class=\"wp-block-media-text__content\">\n<p class=\"has-small-font-size\"><em>Selbst gekauft<\/em><br><br>Es folgte das Buch <strong><em>&#8222;Die Kinder der Hansens &#8211; Zeit des Neubeginns&#8220; <\/em><\/strong>von Ellin Carsta. <br>Es ist wieder einige Zeit vergangen, seit ich den sechsten Band gelesen habe&#8230; und doch war ich sofort wieder in der Geschichte angekommen. Ich freute mich all die vielen bekannten Figuren wieder zu treffen und sie erneut ein St\u00fcckchen auf ihrem Lebensweg begleiten zu d\u00fcrfen.<br>Es ist ein eher ruhiger Band der Reihe, da sich die Charaktere alle von einem schweren Verlust erholen m\u00fcssen und alle auf ihre Art Abschied nehmen. Und trotzdem geht die Handlung voran und es bleibt spannend, wie es im achten Band &#8222;Geschenk des Loslassens&#8220; weitergehen wird. Dieser erscheint bereits am 25. November 2025<\/p>\n<\/div><\/div>\n\n\n\n<p class=\"has-text-align-center\">_ _ _ <\/p>\n\n\n\n<div class=\"wp-block-media-text has-media-on-the-right is-vertically-aligned-center\" style=\"grid-template-columns:auto 25%\"><div class=\"wp-block-media-text__content\">\n<p class=\"has-small-font-size\"><em>Geschenk<\/em><br><br>Das Buch <strong><em>&#8222;Mein Sommer mit M\u00e9m\u00e9&#8220; <\/em><\/strong>von \u00c9laine Briag stand nun etwa ein Jahr ungelesen in meinem B\u00fccherregal. <br>Dieses wundervolle Buch thematisiert die Bedeutung von Familie und Zusammenhalt. Die Autorin \u00c9laine Briag (Bettina Storks) schafft ab der ersten Seite eine absolut greifbare Atmosph\u00e4re, die mich direkt in die Geschichte gezogen hat. Die Protagonistin Paula ist sympathisch und entwickelt sich im Laufe der Geschichte sehr stark. M\u00e9m\u00e9, die Gro\u00dfmutter, ist ein komplexer und faszinierender Charakter: Mit ihrer geheimnisvollen und undurchsichtigen Art treibt sie die Geschichte stetig voran und ich konnte das Buch nur schwer aus den H\u00e4nden legen. Das Buch erinnert uns daran, wie wichtig es ist, die eigenen Tr\u00e4ume und W\u00fcnsche nicht aus den Augen zu verlieren und die Kostbarkeit des Lebens und der gemeinsamen Zeit zu sch\u00e4tzen.<br>Eine Geschichte, die im Kopf, vor allem aber im Herzen bleiben wird.&nbsp;<\/p>\n<\/div><figure class=\"wp-block-media-text__media\"><img loading=\"lazy\" decoding=\"async\" width=\"293\" height=\"466\" src=\"https:\/\/buechertanz.de\/wp-content\/uploads\/2025\/09\/69-Mein-Sommer-mit-Meme.jpg\" alt=\"\" class=\"wp-image-9478 size-full\" srcset=\"https:\/\/buechertanz.de\/wp-content\/uploads\/2025\/09\/69-Mein-Sommer-mit-Meme.jpg 293w, https:\/\/buechertanz.de\/wp-content\/uploads\/2025\/09\/69-Mein-Sommer-mit-Meme-189x300.jpg 189w\" sizes=\"auto, (max-width: 293px) 100vw, 293px\" \/><\/figure><\/div>\n\n\n\n<p class=\"has-text-align-center\">_ _ _ <\/p>\n\n\n\n<div class=\"wp-block-media-text is-vertically-aligned-center\" style=\"grid-template-columns:25% auto\"><figure class=\"wp-block-media-text__media\"><img loading=\"lazy\" decoding=\"async\" width=\"286\" height=\"445\" src=\"https:\/\/buechertanz.de\/wp-content\/uploads\/2025\/09\/70-Der-Sommer-am-Ende-der-Welt.jpg\" alt=\"\" class=\"wp-image-9483 size-full\" srcset=\"https:\/\/buechertanz.de\/wp-content\/uploads\/2025\/09\/70-Der-Sommer-am-Ende-der-Welt.jpg 286w, https:\/\/buechertanz.de\/wp-content\/uploads\/2025\/09\/70-Der-Sommer-am-Ende-der-Welt-193x300.jpg 193w\" sizes=\"auto, (max-width: 286px) 100vw, 286px\" \/><\/figure><div class=\"wp-block-media-text__content\">\n<p class=\"has-small-font-size\"><em>Buch aus zweiter Hand<\/em><br><br>Und weiter ging es mit diesem Buch: <strong><em>&#8222;Der Sommer am Ende der Welt&#8220; <\/em><\/strong>von Eva V\u00f6ller. <br>Es ist ein packendes und bewegendes Buch \u00fcber die dunkle Vergangenheit der Verschickungskinder auf Borkum.<br>Eva V\u00f6ller hat einen Roman geschrieben, der nicht nur die Geschichte und Geschichten aufdeckt, sondern auch und vor allem die Menschen dahinter zeigt.<br>Spannend, emotional, tragisch und absolut mitrei\u00dfend. Sehr lesenswert, auch wenn es keine leichte Kost ist. Lesenswert und wichtig!<\/p>\n<\/div><\/div>\n\n\n\n<p class=\"has-text-align-center\">_ _ _ <\/p>\n\n\n\n<div class=\"wp-block-media-text has-media-on-the-right is-vertically-aligned-center\" style=\"grid-template-columns:auto 25%\"><div class=\"wp-block-media-text__content\">\n<p class=\"has-small-font-size\"><em>Selbst gekauft<\/em><br><br>Das Buch <strong><em>&#8222;Wei\u00dftannenh\u00f6he&#8220; <\/em><\/strong>von Christof Weiglein habe ich mir 2024 auf der Buchmesse Bl\u00e4tterrauschen in Hinterzarten gekauft. Jetzt war einfach die Zeit f\u00fcr diese Lekt\u00fcre.<br>Christof Weiglein hat in seinem historischen Kriminalroman &#8222;Wei\u00dftannenh\u00f6he&#8220; wahre Begebenheiten gekonnt mit Fiktion angereichert und eine Geschichte geschrieben, die mit Sicherheit noch lange nachhallen wird \u2026 und ja: Mich einfach gefordert und geschafft hat. Trotzdem (oder gerade deshalb): Lesenswert.<\/p>\n<\/div><figure class=\"wp-block-media-text__media\"><img loading=\"lazy\" decoding=\"async\" width=\"293\" height=\"445\" src=\"https:\/\/buechertanz.de\/wp-content\/uploads\/2025\/09\/71-Weisstannenhoehe.jpg\" alt=\"\" class=\"wp-image-9489 size-full\" srcset=\"https:\/\/buechertanz.de\/wp-content\/uploads\/2025\/09\/71-Weisstannenhoehe.jpg 293w, https:\/\/buechertanz.de\/wp-content\/uploads\/2025\/09\/71-Weisstannenhoehe-198x300.jpg 198w\" sizes=\"auto, (max-width: 293px) 100vw, 293px\" \/><\/figure><\/div>\n\n\n\n<p class=\"has-text-align-center\">_ _ _ <\/p>\n\n\n<div class=\"wp-block-image\">\n<figure class=\"aligncenter size-full is-resized\"><img loading=\"lazy\" decoding=\"async\" width=\"776\" height=\"775\" src=\"https:\/\/buechertanz.de\/wp-content\/uploads\/2025\/09\/09-September_01_komp.jpg\" alt=\"\" class=\"wp-image-9503\" style=\"width:374px;height:auto\" srcset=\"https:\/\/buechertanz.de\/wp-content\/uploads\/2025\/09\/09-September_01_komp.jpg 776w, https:\/\/buechertanz.de\/wp-content\/uploads\/2025\/09\/09-September_01_komp-300x300.jpg 300w, https:\/\/buechertanz.de\/wp-content\/uploads\/2025\/09\/09-September_01_komp-150x150.jpg 150w, https:\/\/buechertanz.de\/wp-content\/uploads\/2025\/09\/09-September_01_komp-768x767.jpg 768w\" sizes=\"auto, (max-width: 776px) 100vw, 776px\" \/><\/figure><\/div>","protected":false},"excerpt":{"rendered":"<p>Im&nbsp;September 2025&nbsp;habe ich&nbsp;zehn B\u00fccher&nbsp;mit insgesamt&nbsp;4.040 Seiten&nbsp;gelesen: \u2013 Zwei Rezensionsexemplare (zwei Prints)\u2013 Ein Geschenk (Print)\u2013 Ein Buch aus zweiter Hand \u2013 Sechs selbstgekaufte B\u00fccher (f\u00fcnf Prints, ein eBook) Ein herzlicher Dank f\u00fcr die Rezensionsexemplare geht an Maria Nikolai, den Penguin Verlag und an den Gmeiner Verlag. Ich hatte so viele wundersch\u00f6ne Lesestunden und Lesemomente und bin &hellip; <a href=\"https:\/\/buechertanz.de\/?page_id=9495\" class=\"more-link\"><span class=\"screen-reader-text\">Gelesen September 2025<\/span> weiterlesen<\/a><\/p>\n","protected":false},"author":2,"featured_media":0,"parent":0,"menu_order":0,"comment_status":"open","ping_status":"closed","template":"","meta":{"footnotes":""},"class_list":["post-9495","page","type-page","status-publish","hentry"],"_links":{"self":[{"href":"https:\/\/buechertanz.de\/index.php?rest_route=\/wp\/v2\/pages\/9495","targetHints":{"allow":["GET"]}}],"collection":[{"href":"https:\/\/buechertanz.de\/index.php?rest_route=\/wp\/v2\/pages"}],"about":[{"href":"https:\/\/buechertanz.de\/index.php?rest_route=\/wp\/v2\/types\/page"}],"author":[{"embeddable":true,"href":"https:\/\/buechertanz.de\/index.php?rest_route=\/wp\/v2\/users\/2"}],"replies":[{"embeddable":true,"href":"https:\/\/buechertanz.de\/index.php?rest_route=%2Fwp%2Fv2%2Fcomments&post=9495"}],"version-history":[{"count":6,"href":"https:\/\/buechertanz.de\/index.php?rest_route=\/wp\/v2\/pages\/9495\/revisions"}],"predecessor-version":[{"id":10045,"href":"https:\/\/buechertanz.de\/index.php?rest_route=\/wp\/v2\/pages\/9495\/revisions\/10045"}],"wp:attachment":[{"href":"https:\/\/buechertanz.de\/index.php?rest_route=%2Fwp%2Fv2%2Fmedia&parent=9495"}],"curies":[{"name":"wp","href":"https:\/\/api.w.org\/{rel}","templated":true}]}}