{"id":962,"date":"2020-01-01T14:08:08","date_gmt":"2020-01-01T13:08:08","guid":{"rendered":"http:\/\/buechertanz.de\/?page_id=962"},"modified":"2023-05-09T19:36:00","modified_gmt":"2023-05-09T18:36:00","slug":"gelesen-2019","status":"publish","type":"page","link":"https:\/\/buechertanz.de\/?page_id=962","title":{"rendered":"Gelesen 2019"},"content":{"rendered":"\n<p class=\"has-drop-cap has-small-font-size\">Im Jahr 2019 habe ich insgesamt<strong> 50 B\u00fccher<\/strong> gelesen, das waren insgesamt <strong>25.286 Seiten<\/strong>.<br>Hier findet ihr meine einzelnen, ausf\u00fchrlichen Lesemonate 2019:<\/p>\n\n\n\n<ul class=\"has-small-font-size wp-block-list\"><li><a rel=\"noreferrer noopener\" href=\"https:\/\/buechertanz.de\/?page_id=965\" target=\"_blank\">Gelesen im Dezember 2019<\/a><\/li><li><a rel=\"noreferrer noopener\" href=\"https:\/\/buechertanz.de\/?page_id=925\" target=\"_blank\">Gelesen im November 2019<\/a><\/li><li><a rel=\"noreferrer noopener\" href=\"https:\/\/buechertanz.de\/?page_id=881\" target=\"_blank\">Gelesen im Oktober 2019<\/a><\/li><li><a rel=\"noreferrer noopener\" href=\"https:\/\/buechertanz.de\/?page_id=839\" target=\"_blank\">Gelesen im September 2019<\/a><\/li><li><a rel=\"noreferrer noopener\" href=\"https:\/\/buechertanz.de\/?page_id=770\" target=\"_blank\">Gelesen im August 2019<\/a><\/li><li><a rel=\"noreferrer noopener\" href=\"https:\/\/buechertanz.de\/?page_id=736\" target=\"_blank\">Gelesen im Juli 2019<\/a><\/li><li><a rel=\"noreferrer noopener\" href=\"https:\/\/buechertanz.de\/?page_id=707\" target=\"_blank\">Gelesen im Juni 2019<\/a><\/li><li><a rel=\"noreferrer noopener\" href=\"https:\/\/buechertanz.de\/?page_id=657\" target=\"_blank\">Gelesen im Mai 2019<\/a><\/li><li><a rel=\"noreferrer noopener\" href=\"https:\/\/buechertanz.de\/?page_id=590\" target=\"_blank\">Gelesen im April 2019<\/a><\/li><li><a rel=\"noreferrer noopener\" href=\"https:\/\/buechertanz.de\/?page_id=540\" target=\"_blank\">Gelesen im M\u00e4rz 2019<\/a><\/li><li><a rel=\"noreferrer noopener\" href=\"https:\/\/buechertanz.de\/?page_id=439\" target=\"_blank\">Gelesen im Februar 2019<\/a><br><\/li><\/ul>\n\n\n<div class=\"wp-block-image\">\n<figure class=\"aligncenter is-resized\"><img loading=\"lazy\" decoding=\"async\" src=\"https:\/\/buechertanz.de\/wp-content\/uploads\/2020\/01\/Collage-724x1024.jpg\" alt=\"\" class=\"wp-image-1022\" width=\"360\" height=\"509\" srcset=\"https:\/\/buechertanz.de\/wp-content\/uploads\/2020\/01\/Collage-724x1024.jpg 724w, https:\/\/buechertanz.de\/wp-content\/uploads\/2020\/01\/Collage-212x300.jpg 212w, https:\/\/buechertanz.de\/wp-content\/uploads\/2020\/01\/Collage-768x1086.jpg 768w\" sizes=\"auto, (max-width: 360px) 100vw, 360px\" \/><figcaption><em>Eine Auswahl meiner gelesenen B\u00fccher 2019<\/em><\/figcaption><\/figure><\/div>\n\n\n<p class=\"has-small-font-size\">Es f\u00e4llt mir immer sehr schwer, meine absoluten Highlights zu benennen, da wirklich jedes Buch absolut lesenswert war.<br>Das Jahr 2019 stand aber sehr im Zeichen der Buchreihen, einige davon sind nun abgeschlossen, bei einigen kann ich mich noch auf Fortsetzungen freuen.<br>Sehr im Kopf bleiben wird mir die &#8222;Weingut-Saga&#8220; von Marie Lacrosse. Selten hat mich eine Reihe so mitgenommen, wie diese Reihe. Starke Charaktere und eine packende Handlung &#8211; eingebettet in eine dramatische Zeit. Es macht mich richtig traurig, zu wissen, dass diese Reihe abgeschlossen ist, Ende Oktober las ich mit Tr\u00e4nen in den Augen die letzten Seiten. Aber im Herzen wird die Geschichte immer bleiben.<br>Im Jahr 2019 musste ich die Erfahrung machen, dass man ein Buch nie nach dem Cover beurteilen sollte. Schon seit l\u00e4ngerer Zeit empfahl mir eine Freundin immer wieder &#8222;Die \u00c4rztin&#8220;- Reihe von Helene Sommerfeld. Aber diese Cover&#8230; ! Naja, irgendwann habe ich dann doch mal mit dem ersten Teil angefangen und war gleich richtig in der Geschichte drin und konnte einfach nicht mehr aufh\u00f6ren. Ihr glaubt nicht, wie schnell ich mir den zweiten Teil besorgen musste.<br>Au\u00dferdem habe ich die Reihe um &#8222;Gut Greifenau&#8220; von Hanna Caspian im M\u00e4rz 2019 begonnen und war schon leicht geknickt, als ich den letzten Teil gelesen hatte. Da gab es doch noch so viel zu erz\u00e4hlen. Und siehe da: Im April 2020 geht es weiter mit Teil 4! Ganz gro\u00dfe Freude! Eine tolle Reihe, wegen der ich auch die Fernsehserie &#8222;Downton Abbey&#8220; entdeckt und lieben gelernt habe.<br>Brigitte Riebe hat mit ihrer &#8222;Die Schwestern vom Ku&#8217;damm&#8220;- Reihe im September 2019, fast ein Jahr nach dem ersten Teil, den zweiten Teil der Reihe nachgelegt. Im Fr\u00fchjahr 2020 erscheint dann der dritte und letzte Teil dieser wunderbaren Reihe.<br>Ein gelungener Auftakt ist Melanie Metzenthin mit &#8222;Die Hafenschwester &#8211; Als wir zu tr\u00e4umen wagten&#8220; gelungen. Ich bin ja so gespannt, wie es weitergeht. <br>Einen weiteren Auftakt gab es von Linda Winterberg mit ihrer &#8222;Hebammen&#8220;- Saga. Teilweise musste ich es zur Seite legen, da es mir sehr nahe ging. <br>2020 kommen wohl zwei weitere Teile einer Reihe, die mich sehr im Atem h\u00e4lt: &#8222;Die Fotografin&#8220;- Reihe von Petra Durst-Benning. Ich freue mich.<br>Und auch mit der &#8222;Schokoladenvilla&#8220; von Maria Nikolai wird es weitergehen. <br>Etwas entt\u00e4uscht war ich von der &#8222;Tuchvilla&#8220;- Reihe von Anne Jacobs. Teilweise pl\u00e4tscherte die Handlung so dahin, vor allem der zweite Teil war nicht so meins.<br>Ich bin zudem gespannt, wie es mit dem &#8222;Caf\u00e9 Engel&#8220; von Marie Lamballe weitergeht. Hier hat mich der erste Teil nicht ganz \u00fcberzeugt, der zweite Teil dann schon mehr.<br>Und auch auf den letzten der &#8222;Villa am Elbstrand&#8220; von Charlotte Jacobi, der 2020 erscheinen wird, freue ich mich sehr.<br>Reihen \u00fcber Reihen&#8230;<br>Aber auch das ein oder andere &#8222;Einzelbuch&#8220; gab es in meinem Lesejahr.<br>Okay, dann m\u00f6chte ich euch doch so etwas wie Highlight vorstellen: &#8222;Die Herrin des Winterpalasts&#8220; von Christopher W. Cortner. Wenn ihr dieses Buch noch nicht gelesen habt- lest es bitte. Unglaublich ber\u00fchrend. Und nein&#8230; bitte nicht vom Cover abschrecken lassen.<br>Jeffrey Archer hat mich mit den zwei Einzelb\u00e4nden &#8222;Triumph unf Fall&#8220; und &#8222;Das Spiel der M\u00e4chtigen&#8220; auch sehr beeindruckt. Es m\u00fcssen bei Archer nicht immer Reihen sein.<\/p>\n\n\n\n<p class=\"has-text-align-center has-small-font-size\"><em>Es war ein spannendes Lesejahr &#8211; und ich bin dankbar, f\u00fcr jedes Buch welches ich lesen konnte. Ich danke den Autoren f\u00fcr ihre tollen Geschichten. Was w\u00e4re mein Leben leer und trist, wenn es diese Geschichten nicht g\u00e4be.<\/em><\/p>\n\n\n\n<p class=\"has-text-align-center\"><em>Danke<\/em>!<\/p>\n\n\n\n<p class=\"has-small-font-size\">Liebe Gr\u00fc\u00dfe, <\/p>\n\n\n\n<figure class=\"wp-block-image size-large is-resized\"><img loading=\"lazy\" decoding=\"async\" src=\"https:\/\/buechertanz.de\/wp-content\/uploads\/2022\/06\/Unterschrift-1024x404.jpg\" alt=\"\" class=\"wp-image-3355\" width=\"145\" height=\"57\" srcset=\"https:\/\/buechertanz.de\/wp-content\/uploads\/2022\/06\/Unterschrift-1024x404.jpg 1024w, https:\/\/buechertanz.de\/wp-content\/uploads\/2022\/06\/Unterschrift-300x118.jpg 300w, https:\/\/buechertanz.de\/wp-content\/uploads\/2022\/06\/Unterschrift-768x303.jpg 768w, https:\/\/buechertanz.de\/wp-content\/uploads\/2022\/06\/Unterschrift.jpg 1500w\" sizes=\"auto, (max-width: 145px) 100vw, 145px\" \/><\/figure>\n\n\n<div class=\"wp-block-image is-style-rounded\">\n<figure class=\"aligncenter is-resized\"><img loading=\"lazy\" decoding=\"async\" src=\"https:\/\/buechertanz.de\/wp-content\/uploads\/2019\/03\/Blume-3.png\" alt=\"\" class=\"wp-image-365\" width=\"132\" height=\"153\" srcset=\"https:\/\/buechertanz.de\/wp-content\/uploads\/2019\/03\/Blume-3.png 264w, https:\/\/buechertanz.de\/wp-content\/uploads\/2019\/03\/Blume-3-260x300.png 260w\" sizes=\"auto, (max-width: 132px) 100vw, 132px\" \/><\/figure><\/div>\n\n\n<p><br><br><br><br><br><br><\/p>\n","protected":false},"excerpt":{"rendered":"<p>Im Jahr 2019 habe ich insgesamt 50 B\u00fccher gelesen, das waren insgesamt 25.286 Seiten.Hier findet ihr meine einzelnen, ausf\u00fchrlichen Lesemonate 2019: Gelesen im Dezember 2019 Gelesen im November 2019 Gelesen im Oktober 2019 Gelesen im September 2019 Gelesen im August 2019 Gelesen im Juli 2019 Gelesen im Juni 2019 Gelesen im Mai 2019 Gelesen im &hellip; <a href=\"https:\/\/buechertanz.de\/?page_id=962\" class=\"more-link\"><span class=\"screen-reader-text\">Gelesen 2019<\/span> weiterlesen<\/a><\/p>\n","protected":false},"author":2,"featured_media":0,"parent":0,"menu_order":0,"comment_status":"open","ping_status":"closed","template":"","meta":{"footnotes":""},"class_list":["post-962","page","type-page","status-publish","hentry"],"_links":{"self":[{"href":"https:\/\/buechertanz.de\/index.php?rest_route=\/wp\/v2\/pages\/962","targetHints":{"allow":["GET"]}}],"collection":[{"href":"https:\/\/buechertanz.de\/index.php?rest_route=\/wp\/v2\/pages"}],"about":[{"href":"https:\/\/buechertanz.de\/index.php?rest_route=\/wp\/v2\/types\/page"}],"author":[{"embeddable":true,"href":"https:\/\/buechertanz.de\/index.php?rest_route=\/wp\/v2\/users\/2"}],"replies":[{"embeddable":true,"href":"https:\/\/buechertanz.de\/index.php?rest_route=%2Fwp%2Fv2%2Fcomments&post=962"}],"version-history":[{"count":21,"href":"https:\/\/buechertanz.de\/index.php?rest_route=\/wp\/v2\/pages\/962\/revisions"}],"predecessor-version":[{"id":5027,"href":"https:\/\/buechertanz.de\/index.php?rest_route=\/wp\/v2\/pages\/962\/revisions\/5027"}],"wp:attachment":[{"href":"https:\/\/buechertanz.de\/index.php?rest_route=%2Fwp%2Fv2%2Fmedia&parent=962"}],"curies":[{"name":"wp","href":"https:\/\/api.w.org\/{rel}","templated":true}]}}