{"id":964,"date":"2020-01-01T14:08:08","date_gmt":"2020-01-01T13:08:08","guid":{"rendered":"http:\/\/buechertanz.de\/?page_id=964"},"modified":"2023-01-04T13:49:21","modified_gmt":"2023-01-04T12:49:21","slug":"neuzugaenge-dezember-2019","status":"publish","type":"page","link":"https:\/\/buechertanz.de\/?page_id=964","title":{"rendered":"Neuzug\u00e4nge Dezember 2019"},"content":{"rendered":"\n<p class=\"has-drop-cap has-small-font-size\">Im Dezember 2019 sind 18 neue B\u00fccher eingezogen:<br>Sieben neue B\u00fccher und elf B\u00fccher aus \u00f6ffentlichen B\u00fccherschr\u00e4nken.<br>Von diesen Neuzug\u00e4ngen musste ich unbedingt \u201eSehnsucht nach der Villa am Elbstrand\u201c von Charlotte Jacobi sofort lesen, da ich unbedingt wissen wollte, wie es weitergeht.<br>Falls es eine Rezension auf meinem Blog gibt, gelangt ihr mit einem Klick auf den Titel direkt bei der Rezension. <\/p>\n\n\n<div class=\"wp-block-image\">\n<figure class=\"aligncenter is-resized\"><img loading=\"lazy\" decoding=\"async\" src=\"https:\/\/buechertanz.de\/wp-content\/uploads\/2020\/01\/12-Dezember-03-1-768x1024.jpg\" alt=\"\" class=\"wp-image-1015\" width=\"398\" height=\"530\" srcset=\"https:\/\/buechertanz.de\/wp-content\/uploads\/2020\/01\/12-Dezember-03-1-768x1024.jpg 768w, https:\/\/buechertanz.de\/wp-content\/uploads\/2020\/01\/12-Dezember-03-1-225x300.jpg 225w, https:\/\/buechertanz.de\/wp-content\/uploads\/2020\/01\/12-Dezember-03-1.jpg 1200w\" sizes=\"auto, (max-width: 398px) 100vw, 398px\" \/><\/figure><\/div>\n\n\n<p>_<\/p>\n\n\n\n<p class=\"has-drop-cap has-small-font-size\"><strong>Neue B\u00fccher:<\/strong><\/p>\n\n\n\n<p><\/p>\n\n\n\n<ul class=\"has-small-font-size wp-block-list\"><li>Kiera Brennan: <br><em>&#8222;Der Thron der W\u00f6lfe&#8220;<\/em><\/li><li>Sophia Langner: <br><em>&#8222;Die Herrin der Lettern&#8220;<\/em><\/li><li>Charlotte Jacobi: <br><em>&#8222;Sehnsucht nach der Villa am Elbstrand&#8220;<\/em><\/li><li>Karen White, Beatriz Williams, Lauren Willig: <br><em>&#8222;Das Herz des Ozeans&#8220;<\/em><\/li><li>Titus M\u00fcller: <br><em>&#8222;Der Tag X&#8220;<\/em><\/li><li>Ulf Schiewe: <br><em>&#8222;Der Attent\u00e4ter&#8220;<\/em><\/li><li>Brigitte Pasini: <br><em>&#8222;Bella Stella&#8220;<\/em><\/li><\/ul>\n\n\n\n<p>_<\/p>\n\n\n\n<p class=\"has-drop-cap has-small-font-size\">\u00d6ffentliche B\u00fccherschr\u00e4nke:<\/p>\n\n\n\n<p><\/p>\n\n\n\n<ul class=\"has-small-font-size wp-block-list\"><li>J.S. Foer: <br><em>&#8222;Extrem laut und unglaublich nah&#8220;<\/em><\/li><li>Jaume Cabr\u00e9: <br><em>&#8222;Senyoria&#8220;<\/em><\/li><li>Richard Dawkins: <br><em>&#8222;Gotteswahn&#8220;<\/em><\/li><li>Maria W. Peter: <br><em>&#8222;Die K\u00fcste der Freiheit&#8220;<\/em><\/li><li>Duden: <br><em>&#8222;Basiswissen Geschichte&#8220;<\/em><\/li><li>Siegfried Obermeier: <br><em>&#8222;Kleopatra &#8211; Im Zeichen der Schlange&#8220;<\/em><\/li><li>Wolfgang Lohmeyer: <br><em>&#8222;Die Hexe&#8220;<\/em><\/li><li>Elke Heidenreich &amp; Bernd Schr\u00f6der: <br><em>&#8222;Alte Liebe&#8220;<\/em><\/li><li>Beatrix Mannel: <br><em>&#8222;Der Duft der W\u00fcstenrose&#8220;<\/em><\/li><li>Judith Lennox: <br><em>&#8222;Das M\u00e4dchen mit den dunklen Augen&#8220;<\/em><\/li><li>Philip O&#8217;Connor: <br><em>&#8222;Notting Hill&#8220;<\/em><\/li><\/ul>\n\n\n<div class=\"wp-block-image\">\n<figure class=\"aligncenter is-resized\"><img loading=\"lazy\" decoding=\"async\" src=\"https:\/\/buechertanz.de\/wp-content\/uploads\/2019\/03\/Blume-2.png\" alt=\"\" class=\"wp-image-364\" width=\"216\" height=\"250\" srcset=\"https:\/\/buechertanz.de\/wp-content\/uploads\/2019\/03\/Blume-2.png 264w, https:\/\/buechertanz.de\/wp-content\/uploads\/2019\/03\/Blume-2-260x300.png 260w\" sizes=\"auto, (max-width: 216px) 100vw, 216px\" \/><\/figure><\/div>\n\n\n<p><br><\/p>\n","protected":false},"excerpt":{"rendered":"<p>Im Dezember 2019 sind 18 neue B\u00fccher eingezogen:Sieben neue B\u00fccher und elf B\u00fccher aus \u00f6ffentlichen B\u00fccherschr\u00e4nken.Von diesen Neuzug\u00e4ngen musste ich unbedingt \u201eSehnsucht nach der Villa am Elbstrand\u201c von Charlotte Jacobi sofort lesen, da ich unbedingt wissen wollte, wie es weitergeht.Falls es eine Rezension auf meinem Blog gibt, gelangt ihr mit einem Klick auf den Titel &hellip; <a href=\"https:\/\/buechertanz.de\/?page_id=964\" class=\"more-link\"><span class=\"screen-reader-text\">Neuzug\u00e4nge Dezember 2019<\/span> weiterlesen<\/a><\/p>\n","protected":false},"author":2,"featured_media":0,"parent":0,"menu_order":0,"comment_status":"open","ping_status":"closed","template":"","meta":{"footnotes":""},"class_list":["post-964","page","type-page","status-publish","hentry"],"_links":{"self":[{"href":"https:\/\/buechertanz.de\/index.php?rest_route=\/wp\/v2\/pages\/964","targetHints":{"allow":["GET"]}}],"collection":[{"href":"https:\/\/buechertanz.de\/index.php?rest_route=\/wp\/v2\/pages"}],"about":[{"href":"https:\/\/buechertanz.de\/index.php?rest_route=\/wp\/v2\/types\/page"}],"author":[{"embeddable":true,"href":"https:\/\/buechertanz.de\/index.php?rest_route=\/wp\/v2\/users\/2"}],"replies":[{"embeddable":true,"href":"https:\/\/buechertanz.de\/index.php?rest_route=%2Fwp%2Fv2%2Fcomments&post=964"}],"version-history":[{"count":4,"href":"https:\/\/buechertanz.de\/index.php?rest_route=\/wp\/v2\/pages\/964\/revisions"}],"predecessor-version":[{"id":4242,"href":"https:\/\/buechertanz.de\/index.php?rest_route=\/wp\/v2\/pages\/964\/revisions\/4242"}],"wp:attachment":[{"href":"https:\/\/buechertanz.de\/index.php?rest_route=%2Fwp%2Fv2%2Fmedia&parent=964"}],"curies":[{"name":"wp","href":"https:\/\/api.w.org\/{rel}","templated":true}]}}