{"id":9655,"date":"2025-10-29T20:03:39","date_gmt":"2025-10-29T19:03:39","guid":{"rendered":"https:\/\/buechertanz.de\/?page_id=9655"},"modified":"2025-12-30T14:06:07","modified_gmt":"2025-12-30T13:06:07","slug":"gelesen-oktober-2025","status":"publish","type":"page","link":"https:\/\/buechertanz.de\/?page_id=9655","title":{"rendered":"Gelesen Oktober 2025"},"content":{"rendered":"\n<p class=\"has-drop-cap has-small-font-size\">Im&nbsp;<strong>Oktober 2025<\/strong>&nbsp;habe ich&nbsp;<strong>acht B\u00fccher<\/strong>&nbsp;mit insgesamt<strong>&nbsp;3.272 Seiten<\/strong>&nbsp;gelesen:<\/p>\n\n\n\n<p class=\"has-medium-font-size\"><\/p>\n\n\n\n<p class=\"has-small-font-size\">\u2013 F\u00fcnf Rezensionsexemplare (ein Print, vier eBooks )<br>\u2013 Drei selbst gekaufte B\u00fccher (drei Prints)<br><br>Ein herzlicher Dank f\u00fcr die Rezensionsexemplare geht an die Autoren Michael Paul und Harald Gritzner, an die Autorinnen In\u00e8s Keerl, Anne Stern und Dorothe Z\u00fcrcher und an den Rowohlt Verlag, den Emons Verlag und den Acabus Verlag f\u00fcr die Zusendung und Bereitstellung der B\u00fccher als Rezensionsexemplare. <br>Auch wenn es weniger gelesene B\u00fccher sind, als in den letzten Monaten &#8211; ich bin mit meinem Lesemonat zufrieden. Ich hatte wunderbare und lehrreiche Lesestunden.<\/p>\n\n\n\n<p class=\"has-small-font-size\">Viel Spa\u00df beim Schm\u00f6kern, eure<\/p>\n\n\n\n<figure class=\"wp-block-image size-large is-resized\"><img loading=\"lazy\" decoding=\"async\" width=\"1024\" height=\"404\" src=\"https:\/\/buechertanz.de\/wp-content\/uploads\/2024\/06\/Unterschrift-1024x404.jpg\" alt=\"\" class=\"wp-image-7473\" style=\"width:148px;height:auto\" srcset=\"https:\/\/buechertanz.de\/wp-content\/uploads\/2024\/06\/Unterschrift-1024x404.jpg 1024w, https:\/\/buechertanz.de\/wp-content\/uploads\/2024\/06\/Unterschrift-300x118.jpg 300w, https:\/\/buechertanz.de\/wp-content\/uploads\/2024\/06\/Unterschrift-768x303.jpg 768w, https:\/\/buechertanz.de\/wp-content\/uploads\/2024\/06\/Unterschrift.jpg 1500w\" sizes=\"auto, (max-width: 1024px) 100vw, 1024px\" \/><\/figure>\n\n\n\n<p class=\"has-text-align-center\">_ _ _ <\/p>\n\n\n<div class=\"wp-block-image\">\n<figure class=\"aligncenter size-full is-resized\"><img loading=\"lazy\" decoding=\"async\" width=\"613\" height=\"766\" src=\"https:\/\/buechertanz.de\/wp-content\/uploads\/2025\/10\/10-Oktober_02_komp.jpg\" alt=\"\" class=\"wp-image-9690\" style=\"width:429px;height:auto\" srcset=\"https:\/\/buechertanz.de\/wp-content\/uploads\/2025\/10\/10-Oktober_02_komp.jpg 613w, https:\/\/buechertanz.de\/wp-content\/uploads\/2025\/10\/10-Oktober_02_komp-240x300.jpg 240w\" sizes=\"auto, (max-width: 613px) 100vw, 613px\" \/><\/figure><\/div>\n\n\n<p class=\"has-text-align-center\">_ _ _ <\/p>\n\n\n\n<div class=\"wp-block-media-text is-vertically-aligned-center\" style=\"grid-template-columns:25% auto\"><figure class=\"wp-block-media-text__media\"><img loading=\"lazy\" decoding=\"async\" width=\"539\" height=\"780\" src=\"https:\/\/buechertanz.de\/wp-content\/uploads\/2025\/09\/72-Rauch-ueberm-Land.jpg\" alt=\"\" class=\"wp-image-9527 size-full\" srcset=\"https:\/\/buechertanz.de\/wp-content\/uploads\/2025\/09\/72-Rauch-ueberm-Land.jpg 539w, https:\/\/buechertanz.de\/wp-content\/uploads\/2025\/09\/72-Rauch-ueberm-Land-207x300.jpg 207w\" sizes=\"auto, (max-width: 539px) 100vw, 539px\" \/><\/figure><div class=\"wp-block-media-text__content\">\n<p class=\"has-small-font-size\"><em>Rezensionsexemplar<\/em><br><br>Los ging der Monat mit einem Buch, dass ich freundlicherweise noch vor dem offiziellen ET lesen durfte: <strong><em><a href=\"https:\/\/buechertanz.de\/?p=9640\" target=\"_blank\" rel=\"noreferrer noopener\">&#8222;Rauch \u00fcberm Land&#8220;<\/a> <\/em><\/strong>von Michael Paul.<br>Dieser Roman behandelt zeitlose Themen wie Freundschaft, Loyalit\u00e4t, Mut und Moral und wirft die Frage auf, wie weit man f\u00fcr seine Werte und sein \u00dcberleben gehen w\u00fcrde. Das Buch ist ein kraftvolles Zeugnis der Widerstandsf\u00e4higkeit des menschlichen Geistes in finsteren Zeiten.&nbsp;Wer packende historische Romane mit Tiefgang und authentischen Figuren sch\u00e4tzt, wird von&nbsp;\u201e<em>Rauch \u00fcberm Land<\/em>\u201c&nbsp;begeistert sein. Unbedingt lesen!<\/p>\n<\/div><\/div>\n\n\n\n<p class=\"has-text-align-center\">_ _ _ <\/p>\n\n\n\n<div class=\"wp-block-media-text has-media-on-the-right is-vertically-aligned-center\" style=\"grid-template-columns:auto 25%\"><div class=\"wp-block-media-text__content\">\n<p class=\"has-small-font-size\"><em>Rezensionsexemplar<\/em><br><br>Weiter ging es mit <strong><em><a href=\"https:\/\/buechertanz.de\/?p=9564\" target=\"_blank\" rel=\"noreferrer noopener\">&#8222;Fr\u00e4ulein Gold &#8211; Der Preis der Freiheit&#8220;<\/a> <\/em><\/strong>von Anne Stern. Auch dieses Buch durfte ich freundlicherweise vorab lesen, ich darf allerdings bis zum offiziellen ET am 11. November 2025 noch nichts weiter erz\u00e4hlen.<br>Update: Die Rezension ist nun online. <\/p>\n<\/div><figure class=\"wp-block-media-text__media\"><img loading=\"lazy\" decoding=\"async\" width=\"286\" height=\"445\" src=\"https:\/\/buechertanz.de\/wp-content\/uploads\/2025\/10\/73-Fraeulein-Gold-Der-Preis-der-Freiheit.jpg\" alt=\"\" class=\"wp-image-9551 size-full\" srcset=\"https:\/\/buechertanz.de\/wp-content\/uploads\/2025\/10\/73-Fraeulein-Gold-Der-Preis-der-Freiheit.jpg 286w, https:\/\/buechertanz.de\/wp-content\/uploads\/2025\/10\/73-Fraeulein-Gold-Der-Preis-der-Freiheit-193x300.jpg 193w\" sizes=\"auto, (max-width: 286px) 100vw, 286px\" \/><\/figure><\/div>\n\n\n\n<p class=\"has-text-align-center\">_ _ _ <\/p>\n\n\n\n<div class=\"wp-block-media-text is-vertically-aligned-center\" style=\"grid-template-columns:25% auto\"><figure class=\"wp-block-media-text__media\"><img loading=\"lazy\" decoding=\"async\" width=\"293\" height=\"445\" src=\"https:\/\/buechertanz.de\/wp-content\/uploads\/2025\/10\/74-Die-Frauen-vom-Tafelberg-Catharina-Ustings-mutiger-Kampf-um-ihr-Glueck.jpg\" alt=\"\" class=\"wp-image-9557 size-full\" srcset=\"https:\/\/buechertanz.de\/wp-content\/uploads\/2025\/10\/74-Die-Frauen-vom-Tafelberg-Catharina-Ustings-mutiger-Kampf-um-ihr-Glueck.jpg 293w, https:\/\/buechertanz.de\/wp-content\/uploads\/2025\/10\/74-Die-Frauen-vom-Tafelberg-Catharina-Ustings-mutiger-Kampf-um-ihr-Glueck-198x300.jpg 198w\" sizes=\"auto, (max-width: 293px) 100vw, 293px\" \/><\/figure><div class=\"wp-block-media-text__content\">\n<p class=\"has-small-font-size\"><em>Rezensionsexemplar<\/em><br><br>Ach das n\u00e4chste Buch war ein Rezensionsexemplar:<a href=\"https:\/\/buechertanz.de\/?p=9575\" target=\"_blank\" rel=\"noreferrer noopener\"> <strong><em>&#8222;Die Frauen vom Tafelberg &#8211; Catharina Ustings&#8216; mutiger Kampf um ihr Gl\u00fcck&#8220;<\/em><\/strong>  <\/a> von In\u00e8s Keerl.<br>Wie auch schon der erste Band ist dieser zweite Band ein spannender historischer Roman, der mich tief in die Geschichte S\u00fcdafrikas hat eintauchen lassen. In\u00e8s Keerl hat eine Geschichte geschrieben, die sowohl unterhaltsam als auch lehrreich ist. Absolut empfehlenswert! <\/p>\n<\/div><\/div>\n\n\n\n<p class=\"has-text-align-center\">_ _ _ <\/p>\n\n\n\n<div class=\"wp-block-media-text has-media-on-the-right is-vertically-aligned-center\" style=\"grid-template-columns:auto 25%\"><div class=\"wp-block-media-text__content\">\n<p class=\"has-small-font-size\"><em>Selbst gekauft<\/em><br><br>Nach den drei Rezensionsexemplaren folgte ein selbst gekauftes Buch: <strong><em>&#8222;Eisesk\u00e4lte an der Dreisam&#8220; <\/em><\/strong>von Christian Schlindwein.<br>Dies ist ein packender historischer Krimi mit sympathischen Figuren und einer mitunter \u00fcberraschenden Handlung. Ein Muss f\u00fcr alle Fans von historischen Krimis und Freiburg-Fans &#8211; ich habe das Buch sehr gerne gelesen.<\/p>\n<\/div><figure class=\"wp-block-media-text__media\"><img loading=\"lazy\" decoding=\"async\" width=\"318\" height=\"522\" src=\"https:\/\/buechertanz.de\/wp-content\/uploads\/2025\/10\/75-Eiseskaelte-an-der-Dreisam.jpg\" alt=\"\" class=\"wp-image-9593 size-full\" srcset=\"https:\/\/buechertanz.de\/wp-content\/uploads\/2025\/10\/75-Eiseskaelte-an-der-Dreisam.jpg 318w, https:\/\/buechertanz.de\/wp-content\/uploads\/2025\/10\/75-Eiseskaelte-an-der-Dreisam-183x300.jpg 183w\" sizes=\"auto, (max-width: 318px) 100vw, 318px\" \/><\/figure><\/div>\n\n\n\n<p class=\"has-text-align-center\">_ _ _ <\/p>\n\n\n\n<div class=\"wp-block-media-text is-vertically-aligned-center\" style=\"grid-template-columns:25% auto\"><figure class=\"wp-block-media-text__media\"><img loading=\"lazy\" decoding=\"async\" width=\"294\" height=\"466\" src=\"https:\/\/buechertanz.de\/wp-content\/uploads\/2025\/10\/76-Venusmuscheln-in-Venedig.jpg\" alt=\"\" class=\"wp-image-9603 size-full\" srcset=\"https:\/\/buechertanz.de\/wp-content\/uploads\/2025\/10\/76-Venusmuscheln-in-Venedig.jpg 294w, https:\/\/buechertanz.de\/wp-content\/uploads\/2025\/10\/76-Venusmuscheln-in-Venedig-189x300.jpg 189w\" sizes=\"auto, (max-width: 294px) 100vw, 294px\" \/><\/figure><div class=\"wp-block-media-text__content\">\n<p class=\"has-small-font-size\"><em>Rezensionsexemplar<\/em><br><br>Und das n\u00e4chste Rezensionsexemplar wartete schon: <strong><em><a href=\"https:\/\/buechertanz.de\/?p=9633\" target=\"_blank\" rel=\"noreferrer noopener\">&#8222;Venusmuscheln in Venedig&#8220;<\/a> <\/em><\/strong>von Dorothe Z\u00fcrcher. <br>Das Buch ist ein intensives und lehrreiches Leseerlebnis, das die emotionale Reise seiner Charaktere mit den harten Realit\u00e4ten des Dritten Kreuzzuges verbindet. F\u00fcr Fans historischer Romane und der Geschichte der Kreuzz\u00fcge ist dieser Abschluss der Reihe absolut empfehlenswert.<\/p>\n<\/div><\/div>\n\n\n\n<p class=\"has-text-align-center\">_ _ _ <\/p>\n\n\n\n<div class=\"wp-block-media-text has-media-on-the-right is-vertically-aligned-center\" style=\"grid-template-columns:auto 25%\"><div class=\"wp-block-media-text__content\">\n<p class=\"has-small-font-size\"><em>Rezensionsexemplar<\/em><br><br>Im Dezember 2025 erscheint der historische Roman <em><strong><a href=\"https:\/\/buechertanz.de\/?p=9814\" target=\"_blank\" rel=\"noreferrer noopener\">&#8222;Agatha &#8211; Im Schatten des Freiburger M\u00fcnsters&#8220;<\/a> <\/strong><\/em>von Harald Gritzner.<br>Auch dieses Buch durfte ich freundlicherweise vor dem offiziellen ET lesen. Auch hier m\u00f6chte ich noch nicht viel verraten. Nur so viel: Ich bin begeistert.<\/p>\n<\/div><figure class=\"wp-block-media-text__media\"><img loading=\"lazy\" decoding=\"async\" width=\"630\" height=\"1024\" src=\"https:\/\/buechertanz.de\/wp-content\/uploads\/2025\/10\/77-Agatha-Im-Schatten-des-Freiburger-Muenstersjpg-630x1024.jpg\" alt=\"\" class=\"wp-image-9629 size-full\" srcset=\"https:\/\/buechertanz.de\/wp-content\/uploads\/2025\/10\/77-Agatha-Im-Schatten-des-Freiburger-Muenstersjpg-630x1024.jpg 630w, https:\/\/buechertanz.de\/wp-content\/uploads\/2025\/10\/77-Agatha-Im-Schatten-des-Freiburger-Muenstersjpg-185x300.jpg 185w, https:\/\/buechertanz.de\/wp-content\/uploads\/2025\/10\/77-Agatha-Im-Schatten-des-Freiburger-Muenstersjpg.jpg 738w\" sizes=\"auto, (max-width: 630px) 100vw, 630px\" \/><\/figure><\/div>\n\n\n\n<p class=\"has-text-align-center\">_ _ _ <\/p>\n\n\n\n<div class=\"wp-block-media-text is-vertically-aligned-center\" style=\"grid-template-columns:25% auto\"><figure class=\"wp-block-media-text__media\"><img loading=\"lazy\" decoding=\"async\" width=\"294\" height=\"445\" src=\"https:\/\/buechertanz.de\/wp-content\/uploads\/2025\/10\/78-Die-Dolmetscherin.jpg\" alt=\"\" class=\"wp-image-9647 size-full\" srcset=\"https:\/\/buechertanz.de\/wp-content\/uploads\/2025\/10\/78-Die-Dolmetscherin.jpg 294w, https:\/\/buechertanz.de\/wp-content\/uploads\/2025\/10\/78-Die-Dolmetscherin-198x300.jpg 198w\" sizes=\"auto, (max-width: 294px) 100vw, 294px\" \/><\/figure><div class=\"wp-block-media-text__content\">\n<p class=\"has-small-font-size\"><em>Selbst gekauft<\/em><br><br>Es folgte schwere Kost: <strong><em>&#8222;Die Dolmetscherin&#8220; <\/em><\/strong>von Titus M\u00fcller. Es ist ein Roman, der nicht nur fesselt und bestens unterh\u00e4lt, sondern auch einen neuen, menschlichen Zugang zu den N\u00fcrnberger Prozessen erm\u00f6glicht. Titus M\u00fcller liefert ein absolut stimmiges Leseerlebnis, das mir mit Sicherheit noch lange in Erinnerung bleiben wird. Sehr lesenswert&nbsp;<\/p>\n<\/div><\/div>\n\n\n\n<p class=\"has-text-align-center\">_ _ _ <\/p>\n\n\n\n<div class=\"wp-block-media-text has-media-on-the-right is-vertically-aligned-center\" style=\"grid-template-columns:auto 25%\"><div class=\"wp-block-media-text__content\">\n<p class=\"has-small-font-size\"><em>Selbst gekauft<\/em><br><br>Eigentlich so gar nicht mein Genre, aber da ich die Entstehungsgeschichte dieses Romans auf Instagram mitbekommen habe, musste ich ihn auch lesen: <strong><em>&#8222;Die Burnham Dynasty &#8211; Weil du es bist&#8220; <\/em><\/strong>von Julie Marinello.<br>Es ist absolut nicht mein bevorzugtes Genre und doch kann ich dieses Buch guten Gewissens weiterempfehlen&#8230; denn es ist es eine spannende und fesselnde Lekt\u00fcre, die Romantik und Krimi gekonnt verbindet. Lesenswert!&nbsp;<\/p>\n<\/div><figure class=\"wp-block-media-text__media\"><img loading=\"lazy\" decoding=\"async\" width=\"293\" height=\"445\" src=\"https:\/\/buechertanz.de\/wp-content\/uploads\/2025\/10\/79-Burnham-Dynasty-Weil-du-es-bist.jpg\" alt=\"\" class=\"wp-image-9652 size-full\" srcset=\"https:\/\/buechertanz.de\/wp-content\/uploads\/2025\/10\/79-Burnham-Dynasty-Weil-du-es-bist.jpg 293w, https:\/\/buechertanz.de\/wp-content\/uploads\/2025\/10\/79-Burnham-Dynasty-Weil-du-es-bist-198x300.jpg 198w\" sizes=\"auto, (max-width: 293px) 100vw, 293px\" \/><\/figure><\/div>\n\n\n\n<p class=\"has-text-align-center\">_ _ _ <\/p>\n","protected":false},"excerpt":{"rendered":"<p>Im&nbsp;Oktober 2025&nbsp;habe ich&nbsp;acht B\u00fccher&nbsp;mit insgesamt&nbsp;3.272 Seiten&nbsp;gelesen: \u2013 F\u00fcnf Rezensionsexemplare (ein Print, vier eBooks )\u2013 Drei selbst gekaufte B\u00fccher (drei Prints) Ein herzlicher Dank f\u00fcr die Rezensionsexemplare geht an die Autoren Michael Paul und Harald Gritzner, an die Autorinnen In\u00e8s Keerl, Anne Stern und Dorothe Z\u00fcrcher und an den Rowohlt Verlag, den Emons Verlag und den &hellip; <a href=\"https:\/\/buechertanz.de\/?page_id=9655\" class=\"more-link\"><span class=\"screen-reader-text\">Gelesen Oktober 2025<\/span> weiterlesen<\/a><\/p>\n","protected":false},"author":2,"featured_media":0,"parent":0,"menu_order":0,"comment_status":"open","ping_status":"closed","template":"","meta":{"footnotes":""},"class_list":["post-9655","page","type-page","status-publish","hentry"],"_links":{"self":[{"href":"https:\/\/buechertanz.de\/index.php?rest_route=\/wp\/v2\/pages\/9655","targetHints":{"allow":["GET"]}}],"collection":[{"href":"https:\/\/buechertanz.de\/index.php?rest_route=\/wp\/v2\/pages"}],"about":[{"href":"https:\/\/buechertanz.de\/index.php?rest_route=\/wp\/v2\/types\/page"}],"author":[{"embeddable":true,"href":"https:\/\/buechertanz.de\/index.php?rest_route=\/wp\/v2\/users\/2"}],"replies":[{"embeddable":true,"href":"https:\/\/buechertanz.de\/index.php?rest_route=%2Fwp%2Fv2%2Fcomments&post=9655"}],"version-history":[{"count":17,"href":"https:\/\/buechertanz.de\/index.php?rest_route=\/wp\/v2\/pages\/9655\/revisions"}],"predecessor-version":[{"id":10146,"href":"https:\/\/buechertanz.de\/index.php?rest_route=\/wp\/v2\/pages\/9655\/revisions\/10146"}],"wp:attachment":[{"href":"https:\/\/buechertanz.de\/index.php?rest_route=%2Fwp%2Fv2%2Fmedia&parent=9655"}],"curies":[{"name":"wp","href":"https:\/\/api.w.org\/{rel}","templated":true}]}}