{"id":9656,"date":"2025-10-29T20:03:40","date_gmt":"2025-10-29T19:03:40","guid":{"rendered":"https:\/\/buechertanz.de\/?page_id=9656"},"modified":"2026-01-09T11:01:25","modified_gmt":"2026-01-09T10:01:25","slug":"neuzugaenge-oktober-2025","status":"publish","type":"page","link":"https:\/\/buechertanz.de\/?page_id=9656","title":{"rendered":"Neuzug\u00e4nge Oktober 2025"},"content":{"rendered":"\n<p class=\"has-drop-cap has-small-font-size\">Im&nbsp;<strong>Oktober 2025<\/strong>&nbsp;sind insgesamt&nbsp;<strong>24 B\u00fccher&nbsp;<\/strong>hier eingezogen:<\/p>\n\n\n\n<p><\/p>\n\n\n\n<p class=\"has-small-font-size\">\u2013 Sechs Rezensionsexemplare (drei Prints, drei eBooks)<br>\u2013 Ein Gewinn (eBook)<br>\u2013 Zwei B\u00fccher aus zweiter Hand<br>\u2013 15 selbst gekaufte B\u00fccher (f\u00fcnf Prints, zehn eBooks)<br><br>Herzlichen Dank an Kristina Herzog, an den Rowohlt Verlag, an den Emons Verlag, an In\u00e8s Keerl, an den acabus Verlag, an Dorothe Z\u00fcrcher, an Harald Gritzner und an Cleo Sternberg (Charlotte Lyne) f\u00fcr die Zusendung und Bereitstellung der B\u00fccher als Rezensionsexemplare\/ Geschenke. <br>Falls es schon ausf\u00fchrlichen Rezensionen gibt, gelangt ihr mit einem Klick auf den Titel dorthin.<br>Ich freue mich schon auf viele gem\u00fctliche Lesestunden und w\u00fcnsche euch viel Spa\u00df beim St\u00f6bern!<\/p>\n\n\n\n<p class=\"has-small-font-size\">Eure<\/p>\n\n\n\n<figure class=\"wp-block-image size-large is-resized\"><img loading=\"lazy\" decoding=\"async\" width=\"1024\" height=\"404\" src=\"https:\/\/buechertanz.de\/wp-content\/uploads\/2024\/06\/Unterschrift-1024x404.jpg\" alt=\"\" class=\"wp-image-7473\" style=\"width:184px;height:auto\" srcset=\"https:\/\/buechertanz.de\/wp-content\/uploads\/2024\/06\/Unterschrift-1024x404.jpg 1024w, https:\/\/buechertanz.de\/wp-content\/uploads\/2024\/06\/Unterschrift-300x118.jpg 300w, https:\/\/buechertanz.de\/wp-content\/uploads\/2024\/06\/Unterschrift-768x303.jpg 768w, https:\/\/buechertanz.de\/wp-content\/uploads\/2024\/06\/Unterschrift.jpg 1500w\" sizes=\"auto, (max-width: 1024px) 100vw, 1024px\" \/><\/figure>\n\n\n\n<p class=\"has-text-align-center\">_ _ _ <\/p>\n\n\n\n<p class=\"has-drop-cap has-small-font-size\"><strong><strong>Rezensionsexemplare\/ Geschenke\/ Second Hand:<\/strong><\/strong><\/p>\n\n\n\n<p><\/p>\n\n\n<div class=\"wp-block-image\">\n<figure class=\"aligncenter size-large is-resized\"><img loading=\"lazy\" decoding=\"async\" width=\"820\" height=\"1024\" src=\"https:\/\/buechertanz.de\/wp-content\/uploads\/2025\/10\/10-Oktober-Rezensionsexemplare-Second-Hand-Gewinne_komp-820x1024.jpg\" alt=\"\" class=\"wp-image-9693\" style=\"width:314px;height:auto\" srcset=\"https:\/\/buechertanz.de\/wp-content\/uploads\/2025\/10\/10-Oktober-Rezensionsexemplare-Second-Hand-Gewinne_komp-820x1024.jpg 820w, https:\/\/buechertanz.de\/wp-content\/uploads\/2025\/10\/10-Oktober-Rezensionsexemplare-Second-Hand-Gewinne_komp-240x300.jpg 240w, https:\/\/buechertanz.de\/wp-content\/uploads\/2025\/10\/10-Oktober-Rezensionsexemplare-Second-Hand-Gewinne_komp-768x959.jpg 768w, https:\/\/buechertanz.de\/wp-content\/uploads\/2025\/10\/10-Oktober-Rezensionsexemplare-Second-Hand-Gewinne_komp.jpg 844w\" sizes=\"auto, (max-width: 820px) 100vw, 820px\" \/><\/figure><\/div>\n\n\n<ul class=\"wp-block-list\">\n<li class=\"has-small-font-size\"><strong>Kristina Herzog:<\/strong><br><em><a href=\"https:\/\/buechertanz.de\/?p=9284\" target=\"_blank\" rel=\"noreferrer noopener\">&#8222;Was die Liebe ersehnt&#8220;<\/a> <\/em>(Print)<\/li>\n\n\n\n<li class=\"has-small-font-size\"><strong>Anne Stern:<\/strong><br><a href=\"https:\/\/buechertanz.de\/?p=9564\" target=\"_blank\" rel=\"noreferrer noopener\"><em>&#8222;Fr\u00e4ulein Gold &#8211; Der Preis der Freiheit&#8220; <\/em>(PDF und Print)<\/a><\/li>\n\n\n\n<li class=\"has-small-font-size\"><strong>In\u00e8s Keerl:<\/strong><br><em><a href=\"https:\/\/buechertanz.de\/?p=9575\" target=\"_blank\" rel=\"noreferrer noopener\">&#8222;Die Frauen vom Tafelberg &#8211; Catharina Ustings&#8216; mutiger Kampf um ihr Gl\u00fcck&#8220;<\/a> <\/em>(Print)<\/li>\n\n\n\n<li class=\"has-small-font-size\"><strong>Dorothe Z\u00fcrcher:<\/strong><br><em><a href=\"https:\/\/buechertanz.de\/?p=9633\" target=\"_blank\" rel=\"noreferrer noopener\">&#8222;Venusmuscheln in Venedig&#8220;<\/a> <\/em>(eBook)<\/li>\n\n\n\n<li class=\"has-small-font-size\"><strong>Harald Gritzner:<\/strong><br><em><a href=\"https:\/\/buechertanz.de\/?p=9814\" target=\"_blank\" rel=\"noreferrer noopener\">&#8222;Agatha &#8211; Im Schatten des Freiburger M\u00fcnsters&#8220; <\/a><\/em>(PDF)<\/li>\n\n\n\n<li class=\"has-small-font-size\"><strong>Cleo Sternberg:<\/strong><br><em><a href=\"https:\/\/buechertanz.de\/?p=9716\" target=\"_blank\" rel=\"noreferrer noopener\">&#8222;Die an den Tod nicht glauben &#8211; Ein Fall f\u00fcr die Totenleserin&#8220;<\/a> <\/em>(eBook)<\/li>\n\n\n\n<li class=\"has-small-font-size\"><strong>Peter Kalchthaler:<\/strong><br><em>&#8222;Freiburg 2020&#8220; <\/em>(Print)<\/li>\n\n\n\n<li class=\"has-small-font-size\"><strong>Marie Adams:<\/strong><br><em>&#8222;Der kleine Buchladen der guten W\u00fcnsche&#8220; <\/em>(Print)<\/li>\n<\/ul>\n\n\n\n<p class=\"has-text-align-center\">_ _ _ <\/p>\n\n\n\n<p class=\"has-drop-cap has-small-font-size\"><strong>Selbstgekaufte B\u00fccher\/ eBooks:<\/strong><\/p>\n\n\n\n<p><\/p>\n\n\n<div class=\"wp-block-image\">\n<figure class=\"aligncenter size-full is-resized\"><img loading=\"lazy\" decoding=\"async\" width=\"591\" height=\"738\" src=\"https:\/\/buechertanz.de\/wp-content\/uploads\/2025\/10\/10-Oktober-Selbstgekauft_komp.jpg\" alt=\"\" class=\"wp-image-9695\" style=\"width:315px;height:auto\" srcset=\"https:\/\/buechertanz.de\/wp-content\/uploads\/2025\/10\/10-Oktober-Selbstgekauft_komp.jpg 591w, https:\/\/buechertanz.de\/wp-content\/uploads\/2025\/10\/10-Oktober-Selbstgekauft_komp-240x300.jpg 240w\" sizes=\"auto, (max-width: 591px) 100vw, 591px\" \/><\/figure><\/div>\n\n\n<ul class=\"wp-block-list\">\n<li class=\"has-small-font-size\"><strong>Libby Page:<\/strong><br><em>&#8222;Das Jahr voller B\u00fccher und Wunder&#8220; <\/em>(eBook)<\/li>\n\n\n\n<li class=\"has-small-font-size\"><strong>Amanda Geard:<\/strong><br><em>&#8222;Das Mondlichthaus&#8220; <\/em>(eBook)<\/li>\n\n\n\n<li class=\"has-small-font-size\"><strong>Christian Schlindwein:<\/strong><br><em>&#8222;Eisesk\u00e4lte an der Dreisam&#8220; <\/em>(Print)<\/li>\n\n\n\n<li class=\"has-small-font-size\"><strong>Izabelle Jardin:<\/strong><br><em>&#8222;Helden der Stille&#8220; <\/em>&amp; <em>&#8222;Zeit der Winterrose&#8220;<\/em> (eBooks)<\/li>\n\n\n\n<li class=\"has-small-font-size\"><strong>Andrea Penrose:<\/strong><br><em>&#8222;Der Tote in der Black Swan Lane&#8220;, &#8222;Der M\u00f6rder am Half Moon Gate&#8220; <\/em>&amp; <em>Schatten \u00fcber Kensington Palace&#8220;<\/em> (eBooks)<\/li>\n\n\n\n<li class=\"has-small-font-size\"><strong>Anett Klose:<\/strong><br><em>&#8222;Die Spitzen-Saga &#8211; Der Stoff der Sehnsucht&#8220;<\/em> (eBook)<\/li>\n\n\n\n<li class=\"has-small-font-size\"><strong>Johanna von Wild:<\/strong><br><em>&#8222;Die Farben der Welt&#8220; <\/em>(Print)<\/li>\n\n\n\n<li class=\"has-small-font-size\"><strong>Melanie Metzenthin:<\/strong><br><em><a href=\"https:\/\/buechertanz.de\/?p=9828\" target=\"_blank\" rel=\"noreferrer noopener\">&#8222;Die Psychoanalytikerin&#8220;<\/a> <\/em>(Print)<\/li>\n\n\n\n<li class=\"has-small-font-size\"><strong>Julie Marinello:<\/strong><br><em>&#8222;Die Burnham Dynasty &#8211; Weil du es bist&#8220;<\/em> (Print)<\/li>\n\n\n\n<li class=\"has-small-font-size\"><strong>Sharon Penman:<\/strong><br><em>&#8222;Thronr\u00e4uber&#8220; <\/em>(eBook)<\/li>\n\n\n\n<li class=\"has-small-font-size\"><strong>Lisa Graf:<\/strong><br><em><a href=\"https:\/\/buechertanz.de\/?p=10192\" target=\"_blank\" rel=\"noreferrer noopener\">&#8222;Lindt &amp; Spr\u00fcngli &#8211; Zwei Rivalen, ein Traum&#8220;<\/a> <\/em>(Print)<\/li>\n\n\n\n<li class=\"has-small-font-size\"><strong>Iris Krumbiegel:<\/strong><br><em>&#8222;Das Erbe der L\u00f6wenthals &#8211; Der Freiheit so nah&#8220;<\/em><strong> <\/strong>(eBook)<\/li>\n<\/ul>\n\n\n\n<p class=\"has-text-align-center\">_ _ _ <\/p>\n","protected":false},"excerpt":{"rendered":"<p>Im&nbsp;Oktober 2025&nbsp;sind insgesamt&nbsp;24 B\u00fccher&nbsp;hier eingezogen: \u2013 Sechs Rezensionsexemplare (drei Prints, drei eBooks)\u2013 Ein Gewinn (eBook)\u2013 Zwei B\u00fccher aus zweiter Hand\u2013 15 selbst gekaufte B\u00fccher (f\u00fcnf Prints, zehn eBooks) Herzlichen Dank an Kristina Herzog, an den Rowohlt Verlag, an den Emons Verlag, an In\u00e8s Keerl, an den acabus Verlag, an Dorothe Z\u00fcrcher, an Harald Gritzner und &hellip; <a href=\"https:\/\/buechertanz.de\/?page_id=9656\" class=\"more-link\"><span class=\"screen-reader-text\">Neuzug\u00e4nge Oktober 2025<\/span> weiterlesen<\/a><\/p>\n","protected":false},"author":2,"featured_media":0,"parent":0,"menu_order":0,"comment_status":"closed","ping_status":"closed","template":"","meta":{"footnotes":""},"class_list":["post-9656","page","type-page","status-publish","hentry"],"_links":{"self":[{"href":"https:\/\/buechertanz.de\/index.php?rest_route=\/wp\/v2\/pages\/9656","targetHints":{"allow":["GET"]}}],"collection":[{"href":"https:\/\/buechertanz.de\/index.php?rest_route=\/wp\/v2\/pages"}],"about":[{"href":"https:\/\/buechertanz.de\/index.php?rest_route=\/wp\/v2\/types\/page"}],"author":[{"embeddable":true,"href":"https:\/\/buechertanz.de\/index.php?rest_route=\/wp\/v2\/users\/2"}],"replies":[{"embeddable":true,"href":"https:\/\/buechertanz.de\/index.php?rest_route=%2Fwp%2Fv2%2Fcomments&post=9656"}],"version-history":[{"count":12,"href":"https:\/\/buechertanz.de\/index.php?rest_route=\/wp\/v2\/pages\/9656\/revisions"}],"predecessor-version":[{"id":10199,"href":"https:\/\/buechertanz.de\/index.php?rest_route=\/wp\/v2\/pages\/9656\/revisions\/10199"}],"wp:attachment":[{"href":"https:\/\/buechertanz.de\/index.php?rest_route=%2Fwp%2Fv2%2Fmedia&parent=9656"}],"curies":[{"name":"wp","href":"https:\/\/api.w.org\/{rel}","templated":true}]}}