{"id":979,"date":"2020-01-01T14:13:13","date_gmt":"2020-01-01T13:13:13","guid":{"rendered":"http:\/\/buechertanz.de\/?page_id=979"},"modified":"2023-05-09T19:38:53","modified_gmt":"2023-05-09T18:38:53","slug":"neuzugaenge-2020","status":"publish","type":"page","link":"https:\/\/buechertanz.de\/?page_id=979","title":{"rendered":"Neuzug\u00e4nge 2020"},"content":{"rendered":"\n<p class=\"has-drop-cap has-text-align-left has-small-font-size\">Viele, viele B\u00fccher sind im Jahr 2020 hier eingezogen.<br>Hier findet ihr meine Neuzug\u00e4nge 2020 nach Monaten geordnet:<\/p>\n\n\n\n<ul class=\"has-small-font-size wp-block-list\"><li><a rel=\"noreferrer noopener\" href=\"https:\/\/buechertanz.de\/?page_id=1710\" target=\"_blank\">Neuzug\u00e4nge Dezember 2020<\/a><\/li><li><a rel=\"noreferrer noopener\" href=\"https:\/\/buechertanz.de\/?page_id=1709\" target=\"_blank\">Neuzug\u00e4nge November 2020<\/a><\/li><li><a rel=\"noreferrer noopener\" href=\"https:\/\/buechertanz.de\/?page_id=1708\" target=\"_blank\">Neuzug\u00e4nge Oktober 2020<\/a><\/li><li><a rel=\"noreferrer noopener\" href=\"https:\/\/buechertanz.de\/?page_id=1648\" target=\"_blank\">Neuzug\u00e4nge September 2020<\/a><\/li><li><a rel=\"noreferrer noopener\" href=\"https:\/\/buechertanz.de\/?page_id=1592\" target=\"_blank\">Neuzug\u00e4nge August  2020<\/a><\/li><li><a rel=\"noreferrer noopener\" href=\"https:\/\/buechertanz.de\/?page_id=1514\" target=\"_blank\">Neuzug\u00e4nge Juli 2020<\/a><\/li><li><a rel=\"noreferrer noopener\" href=\"https:\/\/buechertanz.de\/?page_id=1465\" target=\"_blank\">Neuzug\u00e4nge Juni 2020<\/a><\/li><li><a rel=\"noreferrer noopener\" href=\"https:\/\/buechertanz.de\/?page_id=1336\" target=\"_blank\">Neuzug\u00e4nge Mai 2020<\/a><\/li><li><a rel=\"noreferrer noopener\" href=\"https:\/\/buechertanz.de\/?page_id=1247\" target=\"_blank\">Neuzug\u00e4nge April 2020<\/a><\/li><li><a rel=\"noreferrer noopener\" href=\"https:\/\/buechertanz.de\/?page_id=1186\" target=\"_blank\">Neuzug\u00e4nge M\u00e4rz 2020<\/a><\/li><li><a rel=\"noreferrer noopener\" href=\"https:\/\/buechertanz.de\/?page_id=1152\" target=\"_blank\">Neuzug\u00e4nge Februar 2020<\/a><\/li><li><a rel=\"noreferrer noopener\" href=\"https:\/\/buechertanz.de\/?page_id=981\" target=\"_blank\">Neuzug\u00e4nge Januar 2020<\/a><\/li><\/ul>\n\n\n<div class=\"wp-block-image is-style-rounded\">\n<figure class=\"aligncenter is-resized\"><img loading=\"lazy\" decoding=\"async\" src=\"https:\/\/buechertanz.de\/wp-content\/uploads\/2019\/03\/Blume-3.png\" alt=\"\" class=\"wp-image-365\" width=\"204\" height=\"235\" srcset=\"https:\/\/buechertanz.de\/wp-content\/uploads\/2019\/03\/Blume-3.png 264w, https:\/\/buechertanz.de\/wp-content\/uploads\/2019\/03\/Blume-3-260x300.png 260w\" sizes=\"auto, (max-width: 204px) 100vw, 204px\" \/><\/figure><\/div>","protected":false},"excerpt":{"rendered":"<p>Viele, viele B\u00fccher sind im Jahr 2020 hier eingezogen.Hier findet ihr meine Neuzug\u00e4nge 2020 nach Monaten geordnet: Neuzug\u00e4nge Dezember 2020 Neuzug\u00e4nge November 2020 Neuzug\u00e4nge Oktober 2020 Neuzug\u00e4nge September 2020 Neuzug\u00e4nge August 2020 Neuzug\u00e4nge Juli 2020 Neuzug\u00e4nge Juni 2020 Neuzug\u00e4nge Mai 2020 Neuzug\u00e4nge April 2020 Neuzug\u00e4nge M\u00e4rz 2020 Neuzug\u00e4nge Februar 2020 Neuzug\u00e4nge Januar 2020<\/p>\n","protected":false},"author":2,"featured_media":0,"parent":0,"menu_order":0,"comment_status":"open","ping_status":"closed","template":"","meta":{"footnotes":""},"class_list":["post-979","page","type-page","status-publish","hentry"],"_links":{"self":[{"href":"https:\/\/buechertanz.de\/index.php?rest_route=\/wp\/v2\/pages\/979","targetHints":{"allow":["GET"]}}],"collection":[{"href":"https:\/\/buechertanz.de\/index.php?rest_route=\/wp\/v2\/pages"}],"about":[{"href":"https:\/\/buechertanz.de\/index.php?rest_route=\/wp\/v2\/types\/page"}],"author":[{"embeddable":true,"href":"https:\/\/buechertanz.de\/index.php?rest_route=\/wp\/v2\/users\/2"}],"replies":[{"embeddable":true,"href":"https:\/\/buechertanz.de\/index.php?rest_route=%2Fwp%2Fv2%2Fcomments&post=979"}],"version-history":[{"count":23,"href":"https:\/\/buechertanz.de\/index.php?rest_route=\/wp\/v2\/pages\/979\/revisions"}],"predecessor-version":[{"id":5032,"href":"https:\/\/buechertanz.de\/index.php?rest_route=\/wp\/v2\/pages\/979\/revisions\/5032"}],"wp:attachment":[{"href":"https:\/\/buechertanz.de\/index.php?rest_route=%2Fwp%2Fv2%2Fmedia&parent=979"}],"curies":[{"name":"wp","href":"https:\/\/api.w.org\/{rel}","templated":true}]}}