{"id":982,"date":"2020-01-01T14:13:13","date_gmt":"2020-01-01T13:13:13","guid":{"rendered":"http:\/\/buechertanz.de\/?page_id=982"},"modified":"2023-12-27T12:59:24","modified_gmt":"2023-12-27T11:59:24","slug":"gelesen-2020","status":"publish","type":"page","link":"https:\/\/buechertanz.de\/?page_id=982","title":{"rendered":"Gelesen 2020"},"content":{"rendered":"\n<p class=\"has-drop-cap has-text-align-left has-small-font-size\">Im Jahr 2020 habe ich<strong> 60 B\u00fcche<\/strong>r mit insgesamt <strong>27.334 Seiten<\/strong> gelesen.<\/p>\n\n\n\n<p><\/p>\n\n\n\n<figure class=\"wp-block-image\"><img loading=\"lazy\" decoding=\"async\" width=\"1024\" height=\"768\" src=\"https:\/\/buechertanz.de\/wp-content\/uploads\/2021\/12\/13-Lesejahr-1-1024x768.jpg\" alt=\"\" class=\"wp-image-2650\" srcset=\"https:\/\/buechertanz.de\/wp-content\/uploads\/2021\/12\/13-Lesejahr-1-1024x768.jpg 1024w, https:\/\/buechertanz.de\/wp-content\/uploads\/2021\/12\/13-Lesejahr-1-300x225.jpg 300w, https:\/\/buechertanz.de\/wp-content\/uploads\/2021\/12\/13-Lesejahr-1-768x576.jpg 768w, https:\/\/buechertanz.de\/wp-content\/uploads\/2021\/12\/13-Lesejahr-1.jpg 1872w\" sizes=\"auto, (max-width: 1024px) 100vw, 1024px\" \/><\/figure>\n\n\n\n<p class=\"has-drop-cap has-small-font-size\"><\/p>\n\n\n\n<p class=\"has-small-font-size\">Hier findet ihr meine einzelnen, ausf\u00fchrlichen Lesemonate 2020:<\/p>\n\n\n\n<ul class=\"has-small-font-size wp-block-list\">\n<li><a rel=\"noreferrer noopener\" href=\"https:\/\/buechertanz.de\/?page_id=1716\" target=\"_blank\">Gelesen Dezember 2020<\/a><\/li>\n\n\n\n<li><a rel=\"noreferrer noopener\" href=\"https:\/\/buechertanz.de\/?page_id=1715\" target=\"_blank\">Gelesen November 2020<\/a><\/li>\n\n\n\n<li><a rel=\"noreferrer noopener\" href=\"https:\/\/buechertanz.de\/?page_id=1714\" target=\"_blank\">Gelesen Oktober 2020<\/a><\/li>\n\n\n\n<li><a rel=\"noreferrer noopener\" href=\"https:\/\/buechertanz.de\/?page_id=1649\" target=\"_blank\">Gelesen September 2020<\/a><\/li>\n\n\n\n<li><a rel=\"noreferrer noopener\" href=\"https:\/\/buechertanz.de\/?page_id=1591\" target=\"_blank\">Gelesen August 2020<\/a><\/li>\n\n\n\n<li><a rel=\"noreferrer noopener\" href=\"https:\/\/buechertanz.de\/?page_id=1513\" target=\"_blank\">Gelesen Juli 2020<\/a><\/li>\n\n\n\n<li><a rel=\"noreferrer noopener\" href=\"https:\/\/buechertanz.de\/?page_id=1466\" target=\"_blank\">Gelesen Juni 2020<\/a><\/li>\n\n\n\n<li><a rel=\"noreferrer noopener\" href=\"https:\/\/buechertanz.de\/?page_id=1335\" target=\"_blank\">Gelesen Mai 2020<\/a><\/li>\n\n\n\n<li><a rel=\"noreferrer noopener\" href=\"https:\/\/buechertanz.de\/?page_id=1246\" target=\"_blank\">Gelesen April 2020<\/a><\/li>\n\n\n\n<li><a rel=\"noreferrer noopener\" href=\"https:\/\/buechertanz.de\/?page_id=1187\" target=\"_blank\">Gelesen M\u00e4rz 2020<\/a><\/li>\n\n\n\n<li><a rel=\"noreferrer noopener\" href=\"https:\/\/buechertanz.de\/?page_id=1153\" target=\"_blank\">Gelesen Februar 2020<\/a><\/li>\n\n\n\n<li><a rel=\"noreferrer noopener\" href=\"https:\/\/buechertanz.de\/?page_id=983\" target=\"_blank\">Gelesen im Januar 2020<\/a> <\/li>\n<\/ul>\n\n\n\n<p class=\"has-small-font-size\">Liebe Gr\u00fc\u00dfe,<\/p>\n\n\n\n<figure class=\"wp-block-image size-large is-resized\"><img loading=\"lazy\" decoding=\"async\" width=\"1024\" height=\"404\" src=\"https:\/\/buechertanz.de\/wp-content\/uploads\/2022\/06\/Unterschrift-1024x404.jpg\" alt=\"\" class=\"wp-image-3355\" style=\"width:160px;height:62px\" srcset=\"https:\/\/buechertanz.de\/wp-content\/uploads\/2022\/06\/Unterschrift-1024x404.jpg 1024w, https:\/\/buechertanz.de\/wp-content\/uploads\/2022\/06\/Unterschrift-300x118.jpg 300w, https:\/\/buechertanz.de\/wp-content\/uploads\/2022\/06\/Unterschrift-768x303.jpg 768w, https:\/\/buechertanz.de\/wp-content\/uploads\/2022\/06\/Unterschrift.jpg 1500w\" sizes=\"auto, (max-width: 1024px) 100vw, 1024px\" \/><\/figure>\n\n\n<div class=\"wp-block-image is-style-rounded\">\n<figure class=\"aligncenter is-resized\"><img loading=\"lazy\" decoding=\"async\" width=\"264\" height=\"305\" src=\"https:\/\/buechertanz.de\/wp-content\/uploads\/2019\/03\/Blume-3.png\" alt=\"\" class=\"wp-image-365\" style=\"width:132px;height:153px\" srcset=\"https:\/\/buechertanz.de\/wp-content\/uploads\/2019\/03\/Blume-3.png 264w, https:\/\/buechertanz.de\/wp-content\/uploads\/2019\/03\/Blume-3-260x300.png 260w\" sizes=\"auto, (max-width: 264px) 100vw, 264px\" \/><\/figure><\/div>","protected":false},"excerpt":{"rendered":"<p>Im Jahr 2020 habe ich 60 B\u00fccher mit insgesamt 27.334 Seiten gelesen. Hier findet ihr meine einzelnen, ausf\u00fchrlichen Lesemonate 2020: Liebe Gr\u00fc\u00dfe,<\/p>\n","protected":false},"author":2,"featured_media":0,"parent":0,"menu_order":0,"comment_status":"open","ping_status":"closed","template":"","meta":{"footnotes":""},"class_list":["post-982","page","type-page","status-publish","hentry"],"_links":{"self":[{"href":"https:\/\/buechertanz.de\/index.php?rest_route=\/wp\/v2\/pages\/982","targetHints":{"allow":["GET"]}}],"collection":[{"href":"https:\/\/buechertanz.de\/index.php?rest_route=\/wp\/v2\/pages"}],"about":[{"href":"https:\/\/buechertanz.de\/index.php?rest_route=\/wp\/v2\/types\/page"}],"author":[{"embeddable":true,"href":"https:\/\/buechertanz.de\/index.php?rest_route=\/wp\/v2\/users\/2"}],"replies":[{"embeddable":true,"href":"https:\/\/buechertanz.de\/index.php?rest_route=%2Fwp%2Fv2%2Fcomments&post=982"}],"version-history":[{"count":24,"href":"https:\/\/buechertanz.de\/index.php?rest_route=\/wp\/v2\/pages\/982\/revisions"}],"predecessor-version":[{"id":6624,"href":"https:\/\/buechertanz.de\/index.php?rest_route=\/wp\/v2\/pages\/982\/revisions\/6624"}],"wp:attachment":[{"href":"https:\/\/buechertanz.de\/index.php?rest_route=%2Fwp%2Fv2%2Fmedia&parent=982"}],"curies":[{"name":"wp","href":"https:\/\/api.w.org\/{rel}","templated":true}]}}