{"id":9903,"date":"2025-11-30T11:40:09","date_gmt":"2025-11-30T10:40:09","guid":{"rendered":"https:\/\/buechertanz.de\/?page_id=9903"},"modified":"2025-11-30T15:07:27","modified_gmt":"2025-11-30T14:07:27","slug":"gelesen-november-2025","status":"publish","type":"page","link":"https:\/\/buechertanz.de\/?page_id=9903","title":{"rendered":"Gelesen November 2025"},"content":{"rendered":"\n<p class=\"has-drop-cap has-small-font-size\">Im\u00a0<strong>November 2025<\/strong>\u00a0habe ich\u00a0<strong>zehn B\u00fccher\/eBooks<\/strong>\u00a0mit insgesamt<strong>\u00a04.096 Seiten<\/strong>\u00a0gelesen:<\/p>\n\n\n\n<p><\/p>\n\n\n\n<p class=\"has-small-font-size\">\u2013 Ein Gewinn (eBook)<br>\u2013 Drei Rezensionsexemplare (ein Print, zwei eBooks )<br>\u2013 Sechs selbst gekaufte B\u00fccher (vier Prints, zwei eBooks)<br><br>Ein herzlicher Dank f\u00fcr die Rezensionsexemplare geht an die Autorinnen Marie Lacrosse, Rachel Soost und Sylvia Koppermann und an den Goldmann Verlag.  <br>F\u00fcr den Gewinn bedanke ich mich ganz herzlich bei der Autorin Charlotte Lyne (Cleo Sternberg). Zus\u00e4tzlich ein gro\u00dfes Dankesch\u00f6n an die Autorin Marianne Carrera f\u00fcr die Taschenbuchausgabe von &#8222;Gl\u00fccksreihe Mauchen-Chapelle &#8211; Pension Storchengl\u00fcck&#8220;. Ich habe mir das eBook gekauft und gelesen, auf dem Foto sehr ihr das Taschenbuch. <br>Es war ein ganz wunderbarer Lesemonat, mit dem ich sehr zufrieden bin. <\/p>\n\n\n\n<p class=\"has-small-font-size\">Viel Spa\u00df beim Schm\u00f6kern, eure<\/p>\n\n\n\n<figure class=\"wp-block-image size-large is-resized\"><img loading=\"lazy\" decoding=\"async\" width=\"1024\" height=\"404\" src=\"https:\/\/buechertanz.de\/wp-content\/uploads\/2024\/06\/Unterschrift-1024x404.jpg\" alt=\"\" class=\"wp-image-7473\" style=\"width:159px;height:auto\" srcset=\"https:\/\/buechertanz.de\/wp-content\/uploads\/2024\/06\/Unterschrift-1024x404.jpg 1024w, https:\/\/buechertanz.de\/wp-content\/uploads\/2024\/06\/Unterschrift-300x118.jpg 300w, https:\/\/buechertanz.de\/wp-content\/uploads\/2024\/06\/Unterschrift-768x303.jpg 768w, https:\/\/buechertanz.de\/wp-content\/uploads\/2024\/06\/Unterschrift.jpg 1500w\" sizes=\"auto, (max-width: 1024px) 100vw, 1024px\" \/><\/figure>\n\n\n\n<p class=\"has-text-align-center\">_ _ _ <\/p>\n\n\n<div class=\"wp-block-image\">\n<figure class=\"aligncenter size-full is-resized\"><img loading=\"lazy\" decoding=\"async\" width=\"599\" height=\"749\" src=\"https:\/\/buechertanz.de\/wp-content\/uploads\/2025\/11\/11-November_02_komp.jpg\" alt=\"\" class=\"wp-image-9914\" style=\"width:363px;height:auto\" srcset=\"https:\/\/buechertanz.de\/wp-content\/uploads\/2025\/11\/11-November_02_komp.jpg 599w, https:\/\/buechertanz.de\/wp-content\/uploads\/2025\/11\/11-November_02_komp-240x300.jpg 240w\" sizes=\"auto, (max-width: 599px) 100vw, 599px\" \/><\/figure><\/div>\n\n\n<p class=\"has-text-align-center\">_ _ _ <\/p>\n\n\n\n<div class=\"wp-block-media-text is-vertically-aligned-center\" style=\"grid-template-columns:25% auto\"><figure class=\"wp-block-media-text__media\"><img loading=\"lazy\" decoding=\"async\" width=\"300\" height=\"466\" src=\"https:\/\/buechertanz.de\/wp-content\/uploads\/2025\/10\/80-Die-Farben-der-Welt.jpg\" alt=\"\" class=\"wp-image-9699 size-full\" srcset=\"https:\/\/buechertanz.de\/wp-content\/uploads\/2025\/10\/80-Die-Farben-der-Welt.jpg 300w, https:\/\/buechertanz.de\/wp-content\/uploads\/2025\/10\/80-Die-Farben-der-Welt-193x300.jpg 193w\" sizes=\"auto, (max-width: 300px) 100vw, 300px\" \/><\/figure><div class=\"wp-block-media-text__content\">\n<p class=\"has-small-font-size\"><em>Selbst gekauft<\/em><br><br>Los ging es mit dem Buch <strong><em><a href=\"https:\/\/buechertanz.de\/?p=9706\" target=\"_blank\" rel=\"noreferrer noopener\">&#8222;Die Farben der Welt&#8220;<\/a> <\/em><\/strong>von Johanna von Wild. <br>Diese Geschichte ist weit mehr als nur ein historischer Roman. Es ist eine fesselnde Reise in eine Zeit, in der eine Frau f\u00fcr ihren Platz in der Kunstwelt k\u00e4mpfen musste. Mit einer starken Protagonistin, einem brillant recherchierten historischen Kontext und einem mitrei\u00dfenden Schreibstil ist dieses Buch ein absolutes Muss f\u00fcr alle, die tiefgr\u00fcndige und emotional packende Geschichten lieben. Ein rundum gelungenes Leseerlebnis, das ich euch ans Herz legen m\u00f6chte. Sehr lesenswert!<\/p>\n<\/div><\/div>\n\n\n\n<p class=\"has-text-align-center\">_ _ _ <\/p>\n\n\n\n<div class=\"wp-block-media-text has-media-on-the-right is-vertically-aligned-center\" style=\"grid-template-columns:auto 25%\"><div class=\"wp-block-media-text__content\">\n<p class=\"has-small-font-size\"><em>Gewinn<\/em><br><br>Es folgte das Buch <em><strong><a href=\"https:\/\/buechertanz.de\/?p=9716\" target=\"_blank\" rel=\"noreferrer noopener\">&#8222;Die an den Tod nicht glauben &#8211; Ein Fall f\u00fcr die Totenleserin&#8220;<\/a> <\/strong><\/em>von Cleo Sternberg. Das eBook habe ich bei einem Gewinnspiel der Autorin auf Facebook gewonnen.<br>Dies ist ein historischer Kriminalroman, der definitiv nachklingt. Die Kombination aus facettenreichen Figuren, dem intensiven Setting und der starken Sprache machen diesen Reihenauftakt zu einem absoluten Highlight und weckt definitiv die Lust auf weitere B\u00e4nde der Reihe. Empfehlenswert!<\/p>\n<\/div><figure class=\"wp-block-media-text__media\"><img loading=\"lazy\" decoding=\"async\" width=\"300\" height=\"466\" src=\"https:\/\/buechertanz.de\/wp-content\/uploads\/2025\/11\/81-Die-an-den-Tod-nicht-glauben-Ein-Fall-fuer-die-Totenleserin.jpg\" alt=\"\" class=\"wp-image-9703 size-full\" srcset=\"https:\/\/buechertanz.de\/wp-content\/uploads\/2025\/11\/81-Die-an-den-Tod-nicht-glauben-Ein-Fall-fuer-die-Totenleserin.jpg 300w, https:\/\/buechertanz.de\/wp-content\/uploads\/2025\/11\/81-Die-an-den-Tod-nicht-glauben-Ein-Fall-fuer-die-Totenleserin-193x300.jpg 193w\" sizes=\"auto, (max-width: 300px) 100vw, 300px\" \/><\/figure><\/div>\n\n\n\n<p class=\"has-text-align-center\">_ _ _ <\/p>\n\n\n\n<div class=\"wp-block-media-text is-vertically-aligned-center\" style=\"grid-template-columns:25% auto\"><figure class=\"wp-block-media-text__media\"><img loading=\"lazy\" decoding=\"async\" width=\"638\" height=\"1020\" src=\"https:\/\/buechertanz.de\/wp-content\/uploads\/2025\/11\/Kognitive-Verhaltenstherapie.jpg\" alt=\"\" class=\"wp-image-9727 size-full\" srcset=\"https:\/\/buechertanz.de\/wp-content\/uploads\/2025\/11\/Kognitive-Verhaltenstherapie.jpg 638w, https:\/\/buechertanz.de\/wp-content\/uploads\/2025\/11\/Kognitive-Verhaltenstherapie-188x300.jpg 188w\" sizes=\"auto, (max-width: 638px) 100vw, 638px\" \/><\/figure><div class=\"wp-block-media-text__content\">\n<p class=\"has-small-font-size\"><em>Selbst gekauft<\/em><br><br>Das Buch <strong><em>&#8222;Kognitive Verhaltenstherapie&#8220; <\/em><\/strong>von Eva Spencer habe ich beim St\u00f6bern im Onlineshop der Lieblingsbuchhandlung entdeckt und spontan f\u00fcr 0,99\u20ac gekauft. <br>Das Buch hat definitiv gute Ans\u00e4tze und ich habe auch das ein oder andere mitgenommen &#8211; allerdings ist es sehr schlecht \u00fcbersetzt. Einige S\u00e4tze ergeben wenig Sinn, oft wurden englische Begriffe nicht \u00fcbersetzt. Auf der letzten Seite ist dann der Hinweis zu finden, dass es mit einer KI \u00fcbersetzt wurde. <br>Kann man lesen &#8211; muss man aber nicht. <\/p>\n<\/div><\/div>\n\n\n\n<p class=\"has-text-align-center\">_ _ _ <\/p>\n\n\n\n<div class=\"wp-block-media-text has-media-on-the-right is-vertically-aligned-center\" style=\"grid-template-columns:auto 25%\"><div class=\"wp-block-media-text__content\">\n<p class=\"has-small-font-size\"><em>Rezensionsexemplar<\/em><br><br>Auf das Buch <strong><em><a href=\"https:\/\/buechertanz.de\/?p=9757\" target=\"_blank\" rel=\"noreferrer noopener\">&#8222;Montmartre &#8211; Traum und Schicksal&#8220; <\/a><\/em><\/strong>von Marie Lacrosse habe ich mich schon sehr gefreut &#8211; und wurde nicht entt\u00e4uscht. <br>Dieser historische Roman verbindet Unterhaltung und Bildung auf h\u00f6chstem Niveau. Marie Lacrosse gelingt ein faszinierendes Portr\u00e4t einer Epoche im Umbruch. Wer historische Romane mit starken Frauenfiguren, lebendigem Zeitkolorit, emotionaler Tiefe und einer fundierten Einbindung gesellschaftlicher Realit\u00e4ten liebt, wird von diesem Buch, und der gesamten Dilogie, begeistert sein. Eine ganz gro\u00dfe Leseempfehlung.<\/p>\n<\/div><figure class=\"wp-block-media-text__media\"><img loading=\"lazy\" decoding=\"async\" width=\"294\" height=\"445\" src=\"https:\/\/buechertanz.de\/wp-content\/uploads\/2025\/11\/83-Montmartre-Traum-und-Schicksal.jpg\" alt=\"\" class=\"wp-image-9732 size-full\" srcset=\"https:\/\/buechertanz.de\/wp-content\/uploads\/2025\/11\/83-Montmartre-Traum-und-Schicksal.jpg 294w, https:\/\/buechertanz.de\/wp-content\/uploads\/2025\/11\/83-Montmartre-Traum-und-Schicksal-198x300.jpg 198w\" sizes=\"auto, (max-width: 294px) 100vw, 294px\" \/><\/figure><\/div>\n\n\n\n<p class=\"has-text-align-center\">_ _ _ <\/p>\n\n\n\n<div class=\"wp-block-media-text is-vertically-aligned-center\" style=\"grid-template-columns:25% auto\"><figure class=\"wp-block-media-text__media\"><img loading=\"lazy\" decoding=\"async\" width=\"306\" height=\"466\" src=\"https:\/\/buechertanz.de\/wp-content\/uploads\/2025\/11\/84-Hilde-und-Robin-Die-vergessene-Geschichte-einer-juedischen-Familie.jpg\" alt=\"\" class=\"wp-image-9737 size-full\" srcset=\"https:\/\/buechertanz.de\/wp-content\/uploads\/2025\/11\/84-Hilde-und-Robin-Die-vergessene-Geschichte-einer-juedischen-Familie.jpg 306w, https:\/\/buechertanz.de\/wp-content\/uploads\/2025\/11\/84-Hilde-und-Robin-Die-vergessene-Geschichte-einer-juedischen-Familie-197x300.jpg 197w\" sizes=\"auto, (max-width: 306px) 100vw, 306px\" \/><\/figure><div class=\"wp-block-media-text__content\">\n<p class=\"has-small-font-size\"><em>Rezensionsexemplar<\/em><br><br>Mit dem Buch <strong><em><a href=\"https:\/\/buechertanz.de\/?p=9786\" target=\"_blank\" rel=\"noreferrer noopener\">&#8222;Hilde und Robin &#8211; Die vergessene Geschichte einer j\u00fcdischen Familie&#8220;<\/a> <\/em><\/strong>von Rachel Soost folgte ein absolutes Lesehighlight.<br>Nachdem ich das Buch beendet hatte, musste ich tief durchatmen, ich war v\u00f6llig eingenommen von dieser Geschichte, die fesselt, ber\u00fchrt und nachdenklich stimmt. Eine eindringliche und wichtige Geschichte. Unbedingt lesen!<br><\/p>\n<\/div><\/div>\n\n\n\n<p class=\"has-text-align-center\">_ _ _ <\/p>\n\n\n\n<div class=\"wp-block-media-text has-media-on-the-right is-vertically-aligned-center\" style=\"grid-template-columns:auto 25%\"><div class=\"wp-block-media-text__content\">\n<p class=\"has-small-font-size\"><em>Selbst gekauft<\/em><br><br>Es blieb historisch: <strong><em><a href=\"https:\/\/buechertanz.de\/?p=9792\" target=\"_blank\" rel=\"noreferrer noopener\">&#8222;Die wilden Jahre&#8220;<\/a> <\/em><\/strong>von Susanne Goga. Auch ein Buch, auf das ich mich schon sehr lange gefreut habe.<br>Dieses Buch kann ich uneingeschr\u00e4nkt und aus voller \u00dcberzeugung weiterempfehlen. Die Mischung aus Kriminalroman, Familiendrama und historischer Tiefe ist absolut gelungen.&nbsp;Sehr lesenswert!<br> <\/p>\n<\/div><figure class=\"wp-block-media-text__media\"><img loading=\"lazy\" decoding=\"async\" width=\"281\" height=\"445\" src=\"https:\/\/buechertanz.de\/wp-content\/uploads\/2025\/11\/85-Die-wilden-Jahre.jpg\" alt=\"\" class=\"wp-image-9771 size-full\" srcset=\"https:\/\/buechertanz.de\/wp-content\/uploads\/2025\/11\/85-Die-wilden-Jahre.jpg 281w, https:\/\/buechertanz.de\/wp-content\/uploads\/2025\/11\/85-Die-wilden-Jahre-189x300.jpg 189w\" sizes=\"auto, (max-width: 281px) 100vw, 281px\" \/><\/figure><\/div>\n\n\n\n<p class=\"has-text-align-center\">_ _ _ <\/p>\n\n\n\n<div class=\"wp-block-media-text is-vertically-aligned-center\" style=\"grid-template-columns:25% auto\"><figure class=\"wp-block-media-text__media\"><img loading=\"lazy\" decoding=\"async\" width=\"294\" height=\"445\" src=\"https:\/\/buechertanz.de\/wp-content\/uploads\/2025\/11\/86-Die-Psychoanalytikerin.jpg\" alt=\"\" class=\"wp-image-9822 size-full\" srcset=\"https:\/\/buechertanz.de\/wp-content\/uploads\/2025\/11\/86-Die-Psychoanalytikerin.jpg 294w, https:\/\/buechertanz.de\/wp-content\/uploads\/2025\/11\/86-Die-Psychoanalytikerin-198x300.jpg 198w\" sizes=\"auto, (max-width: 294px) 100vw, 294px\" \/><\/figure><div class=\"wp-block-media-text__content\">\n<p class=\"has-small-font-size\"><em>Selbst gekauft<\/em><br><br>Die B\u00fccher von Melanie Metzenthin sind immer wieder Highlights f\u00fcr mich und versprechen beste Unterhaltung. Deshalb musste ich auch unbedingt ihr neustes Werk <strong><em><a href=\"https:\/\/buechertanz.de\/?p=9828\" target=\"_blank\" rel=\"noreferrer noopener\">&#8222;Die Psychoanalytikerin&#8220; <\/a><\/em><\/strong>lesen. <br>Dies ist ein packender und intelligenter historischer Kriminalroman, der mich mit seinen starken Hauptfiguren, der authentischen Darstellung der Nachkriegszeit und der spannenden Handlung absolut \u00fcberzeugt hat. <\/p>\n<\/div><\/div>\n\n\n\n<p class=\"has-text-align-center\">_ _ _ <\/p>\n\n\n\n<div class=\"wp-block-media-text has-media-on-the-right is-vertically-aligned-center\" style=\"grid-template-columns:auto 25%\"><div class=\"wp-block-media-text__content\">\n<p class=\"has-small-font-size\"><em>Selbst gekauft<\/em><br><br>Auf der &#8222;Kreativ-Messe&#8220; in Freiburg entdeckte ich den Stand der Autorin Marianne Carrera und ihr Buch <strong><em><a href=\"https:\/\/buechertanz.de\/?p=9841\" target=\"_blank\" rel=\"noreferrer noopener\">&#8222;Gl\u00fccksreihe Mauchen-Chapelle &#8211; Gartenpforte ins Gl\u00fcck&#8220;<\/a>. <\/em><\/strong>Ich kaufte es mir spontan \u2026 und sollte es nicht bereuen.<br>Es ist ein ber\u00fchrender Roman, der mich durch seine authentischen Charaktere, den malerischen Schauplatz und seine immense Sogwirkung \u00fcberzeugt hat. Die Geschichte rund um V\u00e9roniques Neuanfang ist in sich stimmig erz\u00e4hlt und bot am Ende genug Spannung, um mir Lust auf den zweiten Band zu machen. <\/p>\n<\/div><figure class=\"wp-block-media-text__media\"><img loading=\"lazy\" decoding=\"async\" width=\"307\" height=\"466\" src=\"https:\/\/buechertanz.de\/wp-content\/uploads\/2025\/11\/87-Gartenpforte-ins-Glueck.jpg\" alt=\"\" class=\"wp-image-9837 size-full\" srcset=\"https:\/\/buechertanz.de\/wp-content\/uploads\/2025\/11\/87-Gartenpforte-ins-Glueck.jpg 307w, https:\/\/buechertanz.de\/wp-content\/uploads\/2025\/11\/87-Gartenpforte-ins-Glueck-198x300.jpg 198w\" sizes=\"auto, (max-width: 307px) 100vw, 307px\" \/><\/figure><\/div>\n\n\n\n<p class=\"has-text-align-center\">_ _ _ <\/p>\n\n\n\n<div class=\"wp-block-media-text is-vertically-aligned-center\" style=\"grid-template-columns:25% auto\"><figure class=\"wp-block-media-text__media\"><img loading=\"lazy\" decoding=\"async\" width=\"306\" height=\"466\" src=\"https:\/\/buechertanz.de\/wp-content\/uploads\/2025\/11\/88-Pension-Storchenglueck.jpg\" alt=\"\" class=\"wp-image-9852 size-full\" srcset=\"https:\/\/buechertanz.de\/wp-content\/uploads\/2025\/11\/88-Pension-Storchenglueck.jpg 306w, https:\/\/buechertanz.de\/wp-content\/uploads\/2025\/11\/88-Pension-Storchenglueck-197x300.jpg 197w\" sizes=\"auto, (max-width: 306px) 100vw, 306px\" \/><\/figure><div class=\"wp-block-media-text__content\">\n<p class=\"has-small-font-size\"><em>eBook selbst gekauft\/ Taschenbuch als Geschenk erhalten<\/em><br><br>Ich musst einfach direkt den zweiten Band lesen: <br><strong><em><a href=\"https:\/\/buechertanz.de\/?p=9862\" target=\"_blank\" rel=\"noreferrer noopener\">&#8222;Gl\u00fccksreihe Mauchen-Chapelle &#8211; Pension Storchengl\u00fcck&#8220;<\/a> <\/em><\/strong>von Marianne Carrera.<br>Es ist ein absolutes Lesevergn\u00fcgen und eine Geschichte die ich voll und ganz empfehlen kann. Marianne Carrera liefert, wie im ersten Band, eine perfekte Mischung aus romantischer Geschichte mit Tiefgang, einer Prise Spannung und einem authentischen, malerischen Setting.<br><\/p>\n<\/div><\/div>\n\n\n\n<p class=\"has-text-align-center\">_ _ _ <\/p>\n\n\n\n<div class=\"wp-block-media-text has-media-on-the-right is-vertically-aligned-center\" style=\"grid-template-columns:auto 25%\"><div class=\"wp-block-media-text__content\">\n<p class=\"has-small-font-size\"><em>Rezensionsexemplar<\/em><br><br>Mit einem absoluten Kracher beendete ich den Lesemonat November 2025: <strong><em><a href=\"https:\/\/buechertanz.de\/?p=9893\" target=\"_blank\" rel=\"noreferrer noopener\">&#8222;Der Gautenthron&#8220;<\/a> <\/em><\/strong>von Sylvia Koppermann.<br>Ein herausragender historischer Roman, der durch seine authentische Atmosph\u00e4re, die fesselnde Handlung und vor allem durch seine tiefgr\u00fcndigen Charaktere besticht. Alle Elemente (Setting, Handlung, Charaktere) verbinden sich zu einer gro\u00dfen und unvergesslichen Geschichte. Solltet ihr euch nicht entgehen lassen. <br><\/p>\n<\/div><figure class=\"wp-block-media-text__media\"><img loading=\"lazy\" decoding=\"async\" width=\"664\" height=\"992\" src=\"https:\/\/buechertanz.de\/wp-content\/uploads\/2025\/11\/89-Der-Gautenthron.jpg\" alt=\"\" class=\"wp-image-9872 size-full\" srcset=\"https:\/\/buechertanz.de\/wp-content\/uploads\/2025\/11\/89-Der-Gautenthron.jpg 664w, https:\/\/buechertanz.de\/wp-content\/uploads\/2025\/11\/89-Der-Gautenthron-201x300.jpg 201w\" sizes=\"auto, (max-width: 664px) 100vw, 664px\" \/><\/figure><\/div>\n\n\n\n<p class=\"has-text-align-center\">_ _ _ <\/p>\n","protected":false},"excerpt":{"rendered":"<p>Im\u00a0November 2025\u00a0habe ich\u00a0zehn B\u00fccher\/eBooks\u00a0mit insgesamt\u00a04.096 Seiten\u00a0gelesen: \u2013 Ein Gewinn (eBook)\u2013 Drei Rezensionsexemplare (ein Print, zwei eBooks )\u2013 Sechs selbst gekaufte B\u00fccher (vier Prints, zwei eBooks) Ein herzlicher Dank f\u00fcr die Rezensionsexemplare geht an die Autorinnen Marie Lacrosse, Rachel Soost und Sylvia Koppermann und an den Goldmann Verlag. F\u00fcr den Gewinn bedanke ich mich ganz herzlich &hellip; <a href=\"https:\/\/buechertanz.de\/?page_id=9903\" class=\"more-link\"><span class=\"screen-reader-text\">Gelesen November 2025<\/span> weiterlesen<\/a><\/p>\n","protected":false},"author":2,"featured_media":0,"parent":0,"menu_order":0,"comment_status":"open","ping_status":"closed","template":"","meta":{"footnotes":""},"class_list":["post-9903","page","type-page","status-publish","hentry"],"_links":{"self":[{"href":"https:\/\/buechertanz.de\/index.php?rest_route=\/wp\/v2\/pages\/9903","targetHints":{"allow":["GET"]}}],"collection":[{"href":"https:\/\/buechertanz.de\/index.php?rest_route=\/wp\/v2\/pages"}],"about":[{"href":"https:\/\/buechertanz.de\/index.php?rest_route=\/wp\/v2\/types\/page"}],"author":[{"embeddable":true,"href":"https:\/\/buechertanz.de\/index.php?rest_route=\/wp\/v2\/users\/2"}],"replies":[{"embeddable":true,"href":"https:\/\/buechertanz.de\/index.php?rest_route=%2Fwp%2Fv2%2Fcomments&post=9903"}],"version-history":[{"count":3,"href":"https:\/\/buechertanz.de\/index.php?rest_route=\/wp\/v2\/pages\/9903\/revisions"}],"predecessor-version":[{"id":9928,"href":"https:\/\/buechertanz.de\/index.php?rest_route=\/wp\/v2\/pages\/9903\/revisions\/9928"}],"wp:attachment":[{"href":"https:\/\/buechertanz.de\/index.php?rest_route=%2Fwp%2Fv2%2Fmedia&parent=9903"}],"curies":[{"name":"wp","href":"https:\/\/api.w.org\/{rel}","templated":true}]}}