{"id":9904,"date":"2025-11-30T11:40:09","date_gmt":"2025-11-30T10:40:09","guid":{"rendered":"https:\/\/buechertanz.de\/?page_id=9904"},"modified":"2026-01-23T17:08:58","modified_gmt":"2026-01-23T16:08:58","slug":"neuzugaenge-november-2025","status":"publish","type":"page","link":"https:\/\/buechertanz.de\/?page_id=9904","title":{"rendered":"Neuzug\u00e4nge November 2025"},"content":{"rendered":"\n<p class=\"has-drop-cap has-small-font-size\">Im&nbsp;<strong>November 2025<\/strong>&nbsp;sind insgesamt&nbsp;<strong>31 B\u00fccher\/ebooks<\/strong>&nbsp;hier eingezogen:<\/p>\n\n\n\n<p><\/p>\n\n\n\n<p class=\"has-small-font-size\">\u2013 F\u00fcnf Rezensionsexemplare (drei Prints, zwei eBooks)<br>\u2013 Zwei Geschenke (Prints)<br>\u2013 Drei B\u00fccher aus zweiter Hand<br>\u2013 22 selbst gekaufte B\u00fccher (vier Prints, achtzehn eBooks)<br><br>Herzlichen Dank an Dorothe Z\u00fcrcher, an den Goldmann Verlag, an Marie Lacrosse, an Rachel Soost, an Sylvia Koppermann, an den Heyne Verlag, an Emily Walton, an Marianne Carrera und an Johanna von Wild f\u00fcr die Zusendung und Bereitstellung der B\u00fccher als Rezensionsexemplare\/ Geschenke.<br>Falls es schon ausf\u00fchrlichen Rezensionen gibt, gelangt ihr mit einem Klick auf den Titel dorthin.<br>Ich freue mich schon auf viele gem\u00fctliche Lesestunden und w\u00fcnsche euch viel Spa\u00df beim St\u00f6bern!<\/p>\n\n\n\n<p class=\"has-small-font-size\">Eure<\/p>\n\n\n\n<figure class=\"wp-block-image size-large is-resized\"><img loading=\"lazy\" decoding=\"async\" width=\"1024\" height=\"404\" src=\"https:\/\/buechertanz.de\/wp-content\/uploads\/2024\/06\/Unterschrift-1024x404.jpg\" alt=\"\" class=\"wp-image-7473\" style=\"width:176px;height:auto\" srcset=\"https:\/\/buechertanz.de\/wp-content\/uploads\/2024\/06\/Unterschrift-1024x404.jpg 1024w, https:\/\/buechertanz.de\/wp-content\/uploads\/2024\/06\/Unterschrift-300x118.jpg 300w, https:\/\/buechertanz.de\/wp-content\/uploads\/2024\/06\/Unterschrift-768x303.jpg 768w, https:\/\/buechertanz.de\/wp-content\/uploads\/2024\/06\/Unterschrift.jpg 1500w\" sizes=\"auto, (max-width: 1024px) 100vw, 1024px\" \/><\/figure>\n\n\n\n<p class=\"has-text-align-center\">_ _ _ <\/p>\n\n\n\n<p class=\"has-drop-cap has-small-font-size\"><strong><strong><strong>Rezensionsexemplare\/ Geschenke\/ Second Hand:<\/strong><\/strong><\/strong><\/p>\n\n\n\n<p><\/p>\n\n\n<div class=\"wp-block-image\">\n<figure class=\"aligncenter size-full is-resized\"><img loading=\"lazy\" decoding=\"async\" width=\"675\" height=\"843\" src=\"https:\/\/buechertanz.de\/wp-content\/uploads\/2025\/11\/11-November-Rezensionsexemplare-Second-Hand-Gewinne-Geschenke_komp.jpg\" alt=\"\" class=\"wp-image-9919\" style=\"width:329px;height:auto\" srcset=\"https:\/\/buechertanz.de\/wp-content\/uploads\/2025\/11\/11-November-Rezensionsexemplare-Second-Hand-Gewinne-Geschenke_komp.jpg 675w, https:\/\/buechertanz.de\/wp-content\/uploads\/2025\/11\/11-November-Rezensionsexemplare-Second-Hand-Gewinne-Geschenke_komp-240x300.jpg 240w\" sizes=\"auto, (max-width: 675px) 100vw, 675px\" \/><\/figure><\/div>\n\n\n<ul class=\"wp-block-list\">\n<li class=\"has-small-font-size\"><strong>Dorothe Z\u00fcrcher:<\/strong><br><em><a href=\"https:\/\/buechertanz.de\/?p=9633\" target=\"_blank\" rel=\"noreferrer noopener\">&#8222;Venusmuscheln in Venedig&#8220;<\/a> <\/em>(Print)<\/li>\n\n\n\n<li class=\"has-small-font-size\"><strong>Marie Lacrosse:<\/strong><br><em><a href=\"https:\/\/buechertanz.de\/?p=9757\" target=\"_blank\" rel=\"noreferrer noopener\">&#8222;Montmarte &#8211; Traum und Schicksal&#8220;<\/a> <\/em>(Print)<\/li>\n\n\n\n<li class=\"has-small-font-size\"><strong>Rachel Soost:<\/strong><br><em><a href=\"https:\/\/buechertanz.de\/?p=9786\" target=\"_blank\" rel=\"noreferrer noopener\">&#8222;Hilde und Robin &#8211; Die vergessene Geschichte einer j\u00fcdischen Familie&#8220;<\/a><\/em> (eBook)<\/li>\n\n\n\n<li class=\"has-small-font-size\"><strong>Sylvia Koppermann:<\/strong><br><em><a href=\"https:\/\/buechertanz.de\/?p=9893\" target=\"_blank\" rel=\"noreferrer noopener\">&#8222;Der Gautenthron&#8220;<\/a><\/em> (eBook)<\/li>\n\n\n\n<li class=\"has-small-font-size\"><strong>Emily Walton:<\/strong><br><em><a href=\"https:\/\/buechertanz.de\/?p=9947\" target=\"_blank\" rel=\"noreferrer noopener\">&#8222;Die Welt in unseren H\u00e4nden&#8220;<\/a><\/em> (Print)<\/li>\n\n\n\n<li class=\"has-small-font-size\"><strong>Marianne Carrera:<\/strong><br><em><a href=\"https:\/\/buechertanz.de\/?p=9862\" target=\"_blank\" rel=\"noreferrer noopener\">&#8222;Gl\u00fccksreihe Mauchen-Chapelle &#8211; Pension Storchengl\u00fcck&#8220;<\/a><\/em> (Print)<\/li>\n\n\n\n<li class=\"has-small-font-size\"><strong>Johanna von Wild:<\/strong><br><a href=\"https:\/\/buechertanz.de\/?p=10274\" target=\"_blank\" rel=\"noreferrer noopener\"><em>&#8222;Der Pfeiler der Gerechtigkeit&#8220;<\/em> <\/a>(Print)<\/li>\n\n\n\n<li class=\"has-small-font-size\"><strong>Ingrid Noll:<\/strong><br><em>&#8222;Gru\u00df aus der K\u00fcche&#8220;<\/em> (Print)<\/li>\n\n\n\n<li class=\"has-small-font-size\"><strong>Ken Follett:<\/strong><br><em>&#8222;Never &#8211; Die letzte Entscheidung&#8220;<\/em> (Print)<\/li>\n\n\n\n<li class=\"has-small-font-size\"><strong>Amy Neff:<\/strong><br><em>&#8222;Warte auf mich am Meer&#8220;<\/em><strong> <\/strong>(Print)<\/li>\n<\/ul>\n\n\n\n<p class=\"has-text-align-center\">_ _ _ <\/p>\n\n\n\n<p class=\"has-drop-cap has-small-font-size\"><strong>Selbstgekaufte B\u00fccher\/ eBooks:<\/strong><\/p>\n\n\n<div class=\"wp-block-image\">\n<figure class=\"aligncenter size-full is-resized\"><img loading=\"lazy\" decoding=\"async\" width=\"562\" height=\"702\" src=\"https:\/\/buechertanz.de\/wp-content\/uploads\/2025\/11\/11-November-Selbstgekauft_komp.jpg\" alt=\"\" class=\"wp-image-9920\" style=\"width:353px;height:auto\" srcset=\"https:\/\/buechertanz.de\/wp-content\/uploads\/2025\/11\/11-November-Selbstgekauft_komp.jpg 562w, https:\/\/buechertanz.de\/wp-content\/uploads\/2025\/11\/11-November-Selbstgekauft_komp-240x300.jpg 240w\" sizes=\"auto, (max-width: 562px) 100vw, 562px\" \/><\/figure><\/div>\n\n\n<ul class=\"wp-block-list\">\n<li class=\"has-small-font-size\"><strong>Alison Weir:<\/strong><br><em>&#8222;Katharina von Arag\u00f3n &#8211; Die wahre K\u00f6nigin&#8220;<\/em> (eBook)<\/li>\n\n\n\n<li class=\"has-small-font-size\"><strong>Eva Spencer:<\/strong><br><em>&#8222;Kognitive Verhaltenstherapie&#8220; <\/em>(eBook)<\/li>\n\n\n\n<li class=\"has-small-font-size\"><strong>Nico Mahler:<\/strong><br><em>&#8222;Die Sternenforscherin&#8220; <\/em>(eBook)<\/li>\n\n\n\n<li class=\"has-small-font-size\"><strong>Heidrun Hurst:<\/strong><br><em>&#8222;Die Rheintal-Saga &#8211; Die Kinder des Bergmanns&#8220;<\/em> (eBook)<\/li>\n\n\n\n<li class=\"has-small-font-size\"><strong>Susanne Goga:<\/strong><br><em><a href=\"https:\/\/buechertanz.de\/?p=9792\" target=\"_blank\" rel=\"noreferrer noopener\">&#8222;Die wilden Jahre&#8220;<\/a> <\/em>(Print)<\/li>\n\n\n\n<li class=\"has-small-font-size\"><strong>Laura Mercuri:<\/strong><br><em>&#8222;Das Treiben der Bl\u00e4tter&#8220;<\/em> (eBook)<\/li>\n\n\n\n<li class=\"has-small-font-size\"><strong>Rhys Bowen:<\/strong><br><em>&#8222;Im Auftrag ihrer Majest\u00e4t &#8211; Die k\u00f6nigliche Spionin&#8220;<\/em> (eBook), <em>&#8222;Im Auftrag ihrer Majest\u00e4t &#8211; Adel verpflichtet &#8230; zum Mord&#8220;<\/em> (eBook), <em>&#8222;Im Auftrag ihrer Majest\u00e4t &#8211; K\u00f6nigliche Verschw\u00f6rung&#8220;<\/em> (eBook) &amp; <em>&#8222;Im Auftrag ihrer Majest\u00e4t &#8211; Adel unter Verdacht&#8220;<\/em> (eBook)<\/li>\n\n\n\n<li class=\"has-small-font-size\"><strong>Meg Josephson:<\/strong><br><em>&#8222;Bist du sauer auf mich?&#8220; <\/em>(Print)<\/li>\n\n\n\n<li class=\"has-small-font-size\"><strong>Marianne Carrera:<\/strong><br><em><a href=\"https:\/\/buechertanz.de\/?p=9841\" target=\"_blank\" rel=\"noreferrer noopener\">&#8222;Gl\u00fccksreihe Mauchen-Chapelle &#8211; Gartenpforte ins Gl\u00fcck&#8220;<\/a><\/em> (Print) &amp; <em><a href=\"https:\/\/buechertanz.de\/?p=9862\" target=\"_blank\" rel=\"noreferrer noopener\">&#8222;Gl\u00fccksreihe Mauchen-Chapelle &#8211; Pension Storchengl\u00fcck&#8220;<\/a><\/em> (eBook)<\/li>\n\n\n\n<li class=\"has-small-font-size\"><strong>Noa C. Walker:<\/strong><br><em>&#8222;Die Frauen der Alabasterk\u00fcste &#8211; Tr\u00e4ume im Wind&#8220; <\/em>(eBook) &amp; <em>&#8222;Die Frauen der Alabasterk\u00fcste &#8211; Tanz im Bl\u00fctenmeer&#8220; <\/em>(eBook)<\/li>\n\n\n\n<li class=\"has-small-font-size\"><strong>Hannah Hope:<\/strong><br><em><a href=\"https:\/\/buechertanz.de\/?p=9998\" target=\"_blank\" rel=\"noreferrer noopener\">&#8222;Die Nordseeschwestern &#8211; Das Verm\u00e4chtnis&#8220;<\/a> <\/em>(eBook) &amp; <em><a href=\"https:\/\/buechertanz.de\/?p=10020\" target=\"_blank\" rel=\"noreferrer noopener\">&#8222;Die Nordseeschwestern &#8211; Das Versprechen&#8220;<\/a> <\/em>(eBook)<\/li>\n\n\n\n<li class=\"has-small-font-size\"><strong>Rena Rosenthal:<\/strong><br><em>&#8222;Der Eispalast &#8211; Entscheidung aus Liebe&#8220; <\/em>(Print)<\/li>\n\n\n\n<li class=\"has-small-font-size\"><strong>Ellin Carsta:<\/strong><br><em>&#8222;Die Kinder der Hansens&#8220; <\/em>(eBook)<\/li>\n\n\n\n<li class=\"has-small-font-size\"><strong>Ada Caine:<\/strong><br><em>&#8222;Die Oblatenb\u00e4ckerin &#8211; Turbulente Zeiten&#8220; <\/em>(eBook)<\/li>\n\n\n\n<li class=\"has-small-font-size\"><strong>Josephine Cantrell:<\/strong><br><em>&#8222;Wohin unsere Tr\u00e4ume ziehen&#8220; <\/em>(eBook)<\/li>\n\n\n\n<li class=\"has-small-font-size\"><strong>Tobias Krallen:<\/strong><br><em>&#8222;Frei von Overthinking&#8220; <\/em>(eBook)<\/li>\n<\/ul>\n\n\n\n<p class=\"has-text-align-center\">_ _ _ <\/p>\n","protected":false},"excerpt":{"rendered":"<p>Im&nbsp;November 2025&nbsp;sind insgesamt&nbsp;31 B\u00fccher\/ebooks&nbsp;hier eingezogen: \u2013 F\u00fcnf Rezensionsexemplare (drei Prints, zwei eBooks)\u2013 Zwei Geschenke (Prints)\u2013 Drei B\u00fccher aus zweiter Hand\u2013 22 selbst gekaufte B\u00fccher (vier Prints, achtzehn eBooks) Herzlichen Dank an Dorothe Z\u00fcrcher, an den Goldmann Verlag, an Marie Lacrosse, an Rachel Soost, an Sylvia Koppermann, an den Heyne Verlag, an Emily Walton, an Marianne &hellip; <a href=\"https:\/\/buechertanz.de\/?page_id=9904\" class=\"more-link\"><span class=\"screen-reader-text\">Neuzug\u00e4nge November 2025<\/span> weiterlesen<\/a><\/p>\n","protected":false},"author":2,"featured_media":0,"parent":0,"menu_order":0,"comment_status":"open","ping_status":"closed","template":"","meta":{"footnotes":""},"class_list":["post-9904","page","type-page","status-publish","hentry"],"_links":{"self":[{"href":"https:\/\/buechertanz.de\/index.php?rest_route=\/wp\/v2\/pages\/9904","targetHints":{"allow":["GET"]}}],"collection":[{"href":"https:\/\/buechertanz.de\/index.php?rest_route=\/wp\/v2\/pages"}],"about":[{"href":"https:\/\/buechertanz.de\/index.php?rest_route=\/wp\/v2\/types\/page"}],"author":[{"embeddable":true,"href":"https:\/\/buechertanz.de\/index.php?rest_route=\/wp\/v2\/users\/2"}],"replies":[{"embeddable":true,"href":"https:\/\/buechertanz.de\/index.php?rest_route=%2Fwp%2Fv2%2Fcomments&post=9904"}],"version-history":[{"count":11,"href":"https:\/\/buechertanz.de\/index.php?rest_route=\/wp\/v2\/pages\/9904\/revisions"}],"predecessor-version":[{"id":10281,"href":"https:\/\/buechertanz.de\/index.php?rest_route=\/wp\/v2\/pages\/9904\/revisions\/10281"}],"wp:attachment":[{"href":"https:\/\/buechertanz.de\/index.php?rest_route=%2Fwp%2Fv2%2Fmedia&parent=9904"}],"curies":[{"name":"wp","href":"https:\/\/api.w.org\/{rel}","templated":true}]}}