{"id":997,"date":"2020-01-01T14:14:18","date_gmt":"2020-01-01T13:14:18","guid":{"rendered":"http:\/\/buechertanz.de\/?page_id=997"},"modified":"2023-05-09T19:39:16","modified_gmt":"2023-05-09T18:39:16","slug":"neuzugaenge-2019","status":"publish","type":"page","link":"https:\/\/buechertanz.de\/?page_id=997","title":{"rendered":"Neuzug\u00e4nge 2019"},"content":{"rendered":"\n<p class=\"has-drop-cap has-small-font-size\">Viele, sehr viele B\u00fccher sind im Jahr 2019 hier eingezogen. <br>Hier findet ihr meine Neuzug\u00e4nge 2019 nach Monaten geordnet:<\/p>\n\n\n\n<ul class=\"has-small-font-size wp-block-list\"><li><a rel=\"noreferrer noopener\" href=\"https:\/\/buechertanz.de\/?page_id=964\" target=\"_blank\">Neuzug\u00e4nge Dezember 2019<\/a><\/li><li><a rel=\"noreferrer noopener\" href=\"https:\/\/buechertanz.de\/?page_id=924\" target=\"_blank\">Neuzug\u00e4nge November 2019<\/a><\/li><li><a rel=\"noreferrer noopener\" href=\"https:\/\/buechertanz.de\/?page_id=880\" target=\"_blank\">Neuzug\u00e4nge Oktober 2019<\/a><\/li><li><a rel=\"noreferrer noopener\" href=\"https:\/\/buechertanz.de\/?page_id=838\" target=\"_blank\">Neuzug\u00e4nge September 2019<\/a><\/li><li><a rel=\"noreferrer noopener\" href=\"https:\/\/buechertanz.de\/?page_id=769\" target=\"_blank\">Neuzug\u00e4nge August 2019<\/a><\/li><li><a rel=\"noreferrer noopener\" href=\"https:\/\/buechertanz.de\/?page_id=737\" target=\"_blank\">Neuzug\u00e4nge Juli 2019<\/a><\/li><li><a rel=\"noreferrer noopener\" href=\"https:\/\/buechertanz.de\/?page_id=708\" target=\"_blank\">Neuzug\u00e4nge Juni 2019<\/a><\/li><li><a rel=\"noreferrer noopener\" href=\"https:\/\/buechertanz.de\/?page_id=658\" target=\"_blank\">Neuzug\u00e4nge Mai 2019<\/a><\/li><li><a rel=\"noreferrer noopener\" href=\"https:\/\/buechertanz.de\/?page_id=589\" target=\"_blank\">Neuzug\u00e4nge April 2019<\/a><\/li><li><a rel=\"noreferrer noopener\" href=\"https:\/\/buechertanz.de\/?page_id=465\" target=\"_blank\">Neuzug\u00e4nge M\u00e4rz 2019<\/a><\/li><li><a rel=\"noreferrer noopener\" href=\"https:\/\/buechertanz.de\/?page_id=466\" target=\"_blank\">Neuzug\u00e4nge Februar 2019<\/a><\/li><\/ul>\n\n\n<div class=\"wp-block-image\">\n<figure class=\"aligncenter is-resized\"><img loading=\"lazy\" decoding=\"async\" src=\"https:\/\/buechertanz.de\/wp-content\/uploads\/2020\/01\/collage-Bild-724x1024.jpg\" alt=\"\" class=\"wp-image-1045\" width=\"473\" height=\"668\" srcset=\"https:\/\/buechertanz.de\/wp-content\/uploads\/2020\/01\/collage-Bild-724x1024.jpg 724w, https:\/\/buechertanz.de\/wp-content\/uploads\/2020\/01\/collage-Bild-212x300.jpg 212w, https:\/\/buechertanz.de\/wp-content\/uploads\/2020\/01\/collage-Bild-768x1086.jpg 768w\" sizes=\"auto, (max-width: 473px) 100vw, 473px\" \/><figcaption><em>Eine kleine Auswahl der B\u00fccher, die im Jahr 2019 hier eingezogen sind.<\/em><br><\/figcaption><\/figure><\/div>\n\n\n<p class=\"has-small-font-size\">Einige B\u00fccher habe ich in unseren \u00f6ffentlichen B\u00fccherschr\u00e4nken gefunden, andere kamen als Sonderangebote daher, so mancher Flohmarktfund ist dabei, einige waren spontane K\u00e4ufe und wieder andere wurden Anfang des Jahres auf eine Wunschliste gesetzt und direkt am Erscheinungstag gekauft. <br><br>Der Januar brachte eine neue Auflage von Jeffrey Archers &#8222;Triumph und Fall&#8220;.<br>Im Februar habe ich mich sehr gefreut als &#8222;Die Fliedertochter&#8220; von Teresa Simon herauskam. Alle B\u00fccher dieser grandiosen Autorin sind absolut lesenwert. <br>Im M\u00e4rz folgte dann das n\u00e4chste Buch, welches sehr weit oben auf meiner Wunschliste stand: &#8222;Wir sehen uns unter den Linden&#8220; von Charlotte Roth. <br>Dann endlich im April 2019 zog der zweite Band von &#8222;Die Fotografin&#8220; von Petra Durst-Benning ein. Das musste ich  mir nat\u00fcrlich gleich am Erscheinungstag kaufen und ziemlich direkt lesen. Kurz darauf erschien auch der zweite Band der wunderbaren &#8222;Weingut&#8220;- Saga von Marie Lacrosse.<br>Heidi Rehns &#8222;Lichtspielhaus- Zeit der Entscheidung&#8220; erschien auch im April und fand direkt den Weg hierher.<br>Im Mai das neue Buch von Melanie Metzenthin &#8222;Mehr als die Erinnerung&#8220;. Ein so gutes Buch. <br>Der Juni wurde dann der absolute Buchmonat, da direkt am 02. Juni B\u00fcchermarkt in Endingen war. Au\u00dferdem zogen &#8222;Das Lied der Seilt\u00e4nzerin&#8220; von Anne Stern und &#8222;Die Seident\u00f6chter&#8220; von Cristina Caboni hier ein. <br>&#8222;Aufbruch in ein neues Leben&#8220; von Linda Winterberg war dann im Juli hier.<br>Im September, kurz vor der Frankfurter Buchmesse, erschienen nochmal so einige Neuerscheinungen, die ich unbedingt gleich haben musste: <br>&#8222;Die Hafenschwester &#8211; als wir zu tr\u00e4umen wagten&#8220; von Melanie Metzenthin, &#8222;Schicksal und Gerechtigkeit&#8220; von Jeffrey Archer, &#8222;Die Farbe des Goldes&#8220; von Deana Zin\u00dfmeister, &#8222;Die Schwestern vom Ku&#8217;damm &#8211; Wunderbare Zeiten&#8220; von Brigitte Riebe, &#8222;Die Tote in der Henkersgasse&#8220; von Astrid Fritz und &#8222;Das Weingut &#8211; Tage des Schicksals&#8220; von Marie Lacrosse.<br>Der Oktober war dann wieder etwas ruhiger, hier erschien endlich &#8222;Die Schokoladenvilla &#8211; Goldene Jahre&#8220; von Maria Nikolai und die Trilogie \u00fcber &#8222;Die S\u00fcndenheilerin&#8220; von Melanie Metzenthin. Ein Spontankauf &#8222;Die Tr\u00e4nen der Erde&#8220; von Zach~Bauer durfte auch noch mit.<br>Der November brachte &#8222;Der Spielmann&#8220; von Oliver P\u00f6tzsch und spontan &#8222;Das Tr\u00fcmmerkind&#8220; von Mechthild Borrmann. &#8222;Die Tr\u00e4nen von Triest&#8220; von Beate Maxian kam unverhofft als Rezensionsexemplar. <br>Im Dezember ging es dann mit Neuzug\u00e4ngen noch einmal rund. Als Neuerscheinung zogen &#8222;Sehnsucht nach der Villa am Elbstrand&#8220; von Chalotte Jocobi und &#8222;Die Herrin der Lettern&#8220; von Sophia Langner ein. &#8222;Die K\u00fcste der Freiheit&#8220; von Maria W. Peter wartete in einem \u00f6ffentlichen B\u00fccherschrank auf mich. Abgeschlossen habe ich das Jahr mit den Buchk\u00e4ufen von &#8222;Der Attent\u00e4ter&#8220; von Ulf Schiewe&#8220; und &#8222;Bella Stella&#8220; von Brigitte Pasini.<br>Zwischen all diesen spannenden Neuerscheinungen habe ich den ersten Teil der &#8222;\u00c4rztin&#8220;- Reihe von Helene Sommerfeld als Sonderangebot gefunden und einfach alle Bedenken wegen des Covers \u00fcber Bord geworfen&#8230; und musste dann gleich sofort noch die anderen beiden Teile kaufen.<br><br><br>Seid willkommen beim B\u00fcchertanz, ihr lieben Seitlinge. Auch wenn das ein oder andere wahrscheinlich l\u00e4nger warten muss, bis es gelesen wird &#8211; es wird seine Zeit bekommen. <br>Das tolle an B\u00fcchern ist ja, dass sie kein Ablaufdatum haben. Sie riechen zwar irgendwann nicht mehr ganz frisch nach Buchhandlung, der Inhalt selber wird aber nicht schlecht. Vielleicht hier und da nicht mehr ganz zeitgem\u00e4\u00df, aber bei historischen Romanen ist das ja auch nicht so schlimm.<br>Und ein gut gef\u00fclltes B\u00fccherregal, ein hoher SuB gibt mir ein Gef\u00fchl der Sicherheit. <br><br><\/p>\n\n\n<div class=\"wp-block-image is-style-rounded\">\n<figure class=\"aligncenter is-resized\"><img loading=\"lazy\" decoding=\"async\" src=\"https:\/\/buechertanz.de\/wp-content\/uploads\/2019\/03\/Blume-3.png\" alt=\"\" class=\"wp-image-365\" width=\"177\" height=\"204\" srcset=\"https:\/\/buechertanz.de\/wp-content\/uploads\/2019\/03\/Blume-3.png 264w, https:\/\/buechertanz.de\/wp-content\/uploads\/2019\/03\/Blume-3-260x300.png 260w\" sizes=\"auto, (max-width: 177px) 100vw, 177px\" \/><\/figure><\/div>","protected":false},"excerpt":{"rendered":"<p>Viele, sehr viele B\u00fccher sind im Jahr 2019 hier eingezogen. Hier findet ihr meine Neuzug\u00e4nge 2019 nach Monaten geordnet: Neuzug\u00e4nge Dezember 2019 Neuzug\u00e4nge November 2019 Neuzug\u00e4nge Oktober 2019 Neuzug\u00e4nge September 2019 Neuzug\u00e4nge August 2019 Neuzug\u00e4nge Juli 2019 Neuzug\u00e4nge Juni 2019 Neuzug\u00e4nge Mai 2019 Neuzug\u00e4nge April 2019 Neuzug\u00e4nge M\u00e4rz 2019 Neuzug\u00e4nge Februar 2019 Einige B\u00fccher habe &hellip; <a href=\"https:\/\/buechertanz.de\/?page_id=997\" class=\"more-link\"><span class=\"screen-reader-text\">Neuzug\u00e4nge 2019<\/span> weiterlesen<\/a><\/p>\n","protected":false},"author":2,"featured_media":0,"parent":0,"menu_order":0,"comment_status":"open","ping_status":"closed","template":"","meta":{"footnotes":""},"class_list":["post-997","page","type-page","status-publish","hentry"],"_links":{"self":[{"href":"https:\/\/buechertanz.de\/index.php?rest_route=\/wp\/v2\/pages\/997","targetHints":{"allow":["GET"]}}],"collection":[{"href":"https:\/\/buechertanz.de\/index.php?rest_route=\/wp\/v2\/pages"}],"about":[{"href":"https:\/\/buechertanz.de\/index.php?rest_route=\/wp\/v2\/types\/page"}],"author":[{"embeddable":true,"href":"https:\/\/buechertanz.de\/index.php?rest_route=\/wp\/v2\/users\/2"}],"replies":[{"embeddable":true,"href":"https:\/\/buechertanz.de\/index.php?rest_route=%2Fwp%2Fv2%2Fcomments&post=997"}],"version-history":[{"count":18,"href":"https:\/\/buechertanz.de\/index.php?rest_route=\/wp\/v2\/pages\/997\/revisions"}],"predecessor-version":[{"id":5033,"href":"https:\/\/buechertanz.de\/index.php?rest_route=\/wp\/v2\/pages\/997\/revisions\/5033"}],"wp:attachment":[{"href":"https:\/\/buechertanz.de\/index.php?rest_route=%2Fwp%2Fv2%2Fmedia&parent=997"}],"curies":[{"name":"wp","href":"https:\/\/api.w.org\/{rel}","templated":true}]}}